{"id":173,"date":"2022-04-19T12:28:27","date_gmt":"2022-04-19T10:28:27","guid":{"rendered":"https:\/\/www.leclosdesfontaines.com\/?page_id=173"},"modified":"2022-05-05T10:12:02","modified_gmt":"2022-05-05T08:12:02","slug":"jumieges","status":"publish","type":"page","link":"https:\/\/www.leclosdesfontaines.com\/de\/tourisme-activites\/tourisme\/jumieges\/","title":{"rendered":"Jumi\u00e8ges"},"content":{"rendered":"<div data-elementor-type=\"wp-page\" data-elementor-id=\"173\" class=\"elementor elementor-173\" data-elementor-post-type=\"page\">\n\t\t\t\t\t\t<section class=\"elementor-section elementor-top-section elementor-element elementor-element-78f29de elementor-section-stretched elementor-section-height-min-height elementor-section-full_width elementor-section-items-top elementor-section-height-default\" data-id=\"78f29de\" data-element_type=\"section\" data-e-type=\"section\" data-settings=\"{&quot;stretch_section&quot;:&quot;section-stretched&quot;,&quot;background_background&quot;:&quot;classic&quot;}\">\n\t\t\t\t\t\t<div class=\"elementor-container elementor-column-gap-default\">\n\t\t\t\t\t<div class=\"elementor-column elementor-col-100 elementor-top-column elementor-element elementor-element-c497d2c\" data-id=\"c497d2c\" data-element_type=\"column\" data-e-type=\"column\">\n\t\t\t<div class=\"elementor-widget-wrap\">\n\t\t\t\t\t\t\t<\/div>\n\t\t<\/div>\n\t\t\t\t\t<\/div>\n\t\t<\/section>\n\t\t\t\t<section class=\"elementor-section elementor-top-section elementor-element elementor-element-14798cf elementor-section-boxed elementor-section-height-default elementor-section-height-default\" data-id=\"14798cf\" data-element_type=\"section\" data-e-type=\"section\" data-settings=\"{&quot;background_background&quot;:&quot;classic&quot;}\">\n\t\t\t\t\t\t<div class=\"elementor-container elementor-column-gap-default\">\n\t\t\t\t\t<div class=\"elementor-column elementor-col-100 elementor-top-column elementor-element elementor-element-579e03d\" data-id=\"579e03d\" data-element_type=\"column\" data-e-type=\"column\">\n\t\t\t<div class=\"elementor-widget-wrap elementor-element-populated\">\n\t\t\t\t\t\t<section class=\"elementor-section elementor-inner-section elementor-element elementor-element-bfa6a7f elementor-section-boxed elementor-section-height-default elementor-section-height-default\" data-id=\"bfa6a7f\" data-element_type=\"section\" data-e-type=\"section\">\n\t\t\t\t\t\t<div class=\"elementor-container elementor-column-gap-default\">\n\t\t\t\t\t<div class=\"elementor-column elementor-col-100 elementor-inner-column elementor-element elementor-element-07939fd\" data-id=\"07939fd\" data-element_type=\"column\" data-e-type=\"column\">\n\t\t\t<div class=\"elementor-widget-wrap elementor-element-populated\">\n\t\t\t\t\t\t<div class=\"elementor-element elementor-element-b57d5e1 elementor-widget elementor-widget-heading\" data-id=\"b57d5e1\" data-element_type=\"widget\" data-e-type=\"widget\" data-widget_type=\"heading.default\">\n\t\t\t\t<div class=\"elementor-widget-container\">\n\t\t\t\t\t<h1 class=\"elementor-heading-title elementor-size-default\">DAS H\u00dcBSCHE DORF JUMI\u00c8GES<\/h1>\t\t\t\t<\/div>\n\t\t\t\t<\/div>\n\t\t\t\t<div class=\"elementor-element elementor-element-20d9b5d elementor-widget elementor-widget-heading\" data-id=\"20d9b5d\" data-element_type=\"widget\" data-e-type=\"widget\" data-widget_type=\"heading.default\">\n\t\t\t\t<div class=\"elementor-widget-container\">\n\t\t\t\t\t<h3 class=\"elementor-heading-title elementor-size-default\">F\u00dcR IHR ROMANTISCHES WOCHENENDE IN DER NORMANDIE<\/h3>\t\t\t\t<\/div>\n\t\t\t\t<\/div>\n\t\t\t\t<div class=\"elementor-element elementor-element-17f8214 elementor-widget-divider--view-line elementor-widget elementor-widget-divider\" data-id=\"17f8214\" data-element_type=\"widget\" data-e-type=\"widget\" data-widget_type=\"divider.default\">\n\t\t\t\t<div class=\"elementor-widget-container\">\n\t\t\t\t\t\t\t<div class=\"elementor-divider\">\n\t\t\t<span class=\"elementor-divider-separator\">\n\t\t\t\t\t\t<\/span>\n\t\t<\/div>\n\t\t\t\t\t\t<\/div>\n\t\t\t\t<\/div>\n\t\t\t\t<div class=\"elementor-element elementor-element-beb82c3 elementor-widget elementor-widget-text-editor\" data-id=\"beb82c3\" data-element_type=\"widget\" data-e-type=\"widget\" data-widget_type=\"text-editor.default\">\n\t\t\t\t<div class=\"elementor-widget-container\">\n\t\t\t\t\t\t\t\t\t<div id=\"introChambres\" class=\"etape\"><div class=\"centre\"><div class=\"marginTexte\"><div class=\"texteStandard2\"><p>W\u00e4hrend Ihres Aufenthalts in unserem Hotel haben Sie gen\u00fcgend Zeit, das h\u00fcbsche Dorf Jumi\u00e8ges zu besuchen.<\/p><\/div><\/div><\/div><\/div>\t\t\t\t\t\t\t\t<\/div>\n\t\t\t\t<\/div>\n\t\t\t\t<div class=\"elementor-element elementor-element-d3b618f elementor-nav-menu__align-center elementor-nav-menu--dropdown-none elementor-widget elementor-widget-nav-menu\" data-id=\"d3b618f\" data-element_type=\"widget\" data-e-type=\"widget\" data-settings=\"{&quot;layout&quot;:&quot;horizontal&quot;,&quot;submenu_icon&quot;:{&quot;value&quot;:&quot;&lt;i class=\\&quot;fas fa-caret-down\\&quot; aria-hidden=\\&quot;true\\&quot;&gt;&lt;\\\/i&gt;&quot;,&quot;library&quot;:&quot;fa-solid&quot;}}\" data-widget_type=\"nav-menu.default\">\n\t\t\t\t<div class=\"elementor-widget-container\">\n\t\t\t\t\t\t\t\t<nav aria-label=\"Men\u00fc\" class=\"elementor-nav-menu--main elementor-nav-menu__container elementor-nav-menu--layout-horizontal e--pointer-text e--animation-grow\">\n\t\t\t\t<ul id=\"menu-1-d3b618f\" class=\"elementor-nav-menu\"><li class=\"menu-item menu-item-type-post_type menu-item-object-page menu-item-761\"><a href=\"https:\/\/www.leclosdesfontaines.com\/de\/tourisme-activites\/tourisme\/jumieges\/\" class=\"elementor-item\">Jumi\u00e8ges<\/a><\/li>\n<li class=\"menu-item menu-item-type-post_type menu-item-object-page menu-item-760\"><a href=\"https:\/\/www.leclosdesfontaines.com\/de\/tourisme-activites\/tourisme\/honfleur\/\" class=\"elementor-item\">Honfleur<\/a><\/li>\n<li class=\"menu-item menu-item-type-post_type menu-item-object-page menu-item-763\"><a href=\"https:\/\/www.leclosdesfontaines.com\/de\/tourisme-activites\/tourisme\/rouen\/\" class=\"elementor-item\">Rouen<\/a><\/li>\n<li class=\"menu-item menu-item-type-post_type menu-item-object-page menu-item-759\"><a href=\"https:\/\/www.leclosdesfontaines.com\/de\/tourisme-activites\/tourisme\/giverny\/\" class=\"elementor-item\">Giverny<\/a><\/li>\n<li class=\"menu-item menu-item-type-post_type menu-item-object-page menu-item-758\"><a href=\"https:\/\/www.leclosdesfontaines.com\/de\/tourisme-activites\/tourisme\/fecamp\/\" class=\"elementor-item\">F\u00e9camp<\/a><\/li>\n<li class=\"menu-item menu-item-type-post_type menu-item-object-page menu-item-757\"><a href=\"https:\/\/www.leclosdesfontaines.com\/de\/tourisme-activites\/tourisme\/etretat\/\" class=\"elementor-item\">\u00c9tretat<\/a><\/li>\n<li class=\"menu-item menu-item-type-post_type menu-item-object-page menu-item-762\"><a href=\"https:\/\/www.leclosdesfontaines.com\/de\/tourisme-activites\/tourisme\/le-havre\/\" class=\"elementor-item\">Le Havre<\/a><\/li>\n<li class=\"menu-item menu-item-type-post_type menu-item-object-page menu-item-756\"><a href=\"https:\/\/www.leclosdesfontaines.com\/de\/tourisme-activites\/tourisme\/duclair\/\" class=\"elementor-item\">Duclair<\/a><\/li>\n<li class=\"menu-item menu-item-type-post_type menu-item-object-page menu-item-755\"><a href=\"https:\/\/www.leclosdesfontaines.com\/de\/tourisme-activites\/tourisme\/caudebec-en-caux\/\" class=\"elementor-item\">Caudebec en Caux<\/a><\/li>\n<\/ul>\t\t\t<\/nav>\n\t\t\t\t\t\t<nav class=\"elementor-nav-menu--dropdown elementor-nav-menu__container\" aria-hidden=\"true\">\n\t\t\t\t<ul id=\"menu-2-d3b618f\" class=\"elementor-nav-menu\"><li class=\"menu-item menu-item-type-post_type menu-item-object-page menu-item-761\"><a href=\"https:\/\/www.leclosdesfontaines.com\/de\/tourisme-activites\/tourisme\/jumieges\/\" class=\"elementor-item\" tabindex=\"-1\">Jumi\u00e8ges<\/a><\/li>\n<li class=\"menu-item menu-item-type-post_type menu-item-object-page menu-item-760\"><a href=\"https:\/\/www.leclosdesfontaines.com\/de\/tourisme-activites\/tourisme\/honfleur\/\" class=\"elementor-item\" tabindex=\"-1\">Honfleur<\/a><\/li>\n<li class=\"menu-item menu-item-type-post_type menu-item-object-page menu-item-763\"><a href=\"https:\/\/www.leclosdesfontaines.com\/de\/tourisme-activites\/tourisme\/rouen\/\" class=\"elementor-item\" tabindex=\"-1\">Rouen<\/a><\/li>\n<li class=\"menu-item menu-item-type-post_type menu-item-object-page menu-item-759\"><a href=\"https:\/\/www.leclosdesfontaines.com\/de\/tourisme-activites\/tourisme\/giverny\/\" class=\"elementor-item\" tabindex=\"-1\">Giverny<\/a><\/li>\n<li class=\"menu-item menu-item-type-post_type menu-item-object-page menu-item-758\"><a href=\"https:\/\/www.leclosdesfontaines.com\/de\/tourisme-activites\/tourisme\/fecamp\/\" class=\"elementor-item\" tabindex=\"-1\">F\u00e9camp<\/a><\/li>\n<li class=\"menu-item menu-item-type-post_type menu-item-object-page menu-item-757\"><a href=\"https:\/\/www.leclosdesfontaines.com\/de\/tourisme-activites\/tourisme\/etretat\/\" class=\"elementor-item\" tabindex=\"-1\">\u00c9tretat<\/a><\/li>\n<li class=\"menu-item menu-item-type-post_type menu-item-object-page menu-item-762\"><a href=\"https:\/\/www.leclosdesfontaines.com\/de\/tourisme-activites\/tourisme\/le-havre\/\" class=\"elementor-item\" tabindex=\"-1\">Le Havre<\/a><\/li>\n<li class=\"menu-item menu-item-type-post_type menu-item-object-page menu-item-756\"><a href=\"https:\/\/www.leclosdesfontaines.com\/de\/tourisme-activites\/tourisme\/duclair\/\" class=\"elementor-item\" tabindex=\"-1\">Duclair<\/a><\/li>\n<li class=\"menu-item menu-item-type-post_type menu-item-object-page menu-item-755\"><a href=\"https:\/\/www.leclosdesfontaines.com\/de\/tourisme-activites\/tourisme\/caudebec-en-caux\/\" class=\"elementor-item\" tabindex=\"-1\">Caudebec en Caux<\/a><\/li>\n<\/ul>\t\t\t<\/nav>\n\t\t\t\t\t\t<\/div>\n\t\t\t\t<\/div>\n\t\t\t\t\t<\/div>\n\t\t<\/div>\n\t\t\t\t\t<\/div>\n\t\t<\/section>\n\t\t\t\t\t<\/div>\n\t\t<\/div>\n\t\t\t\t\t<\/div>\n\t\t<\/section>\n\t\t\t\t<section class=\"elementor-section elementor-top-section elementor-element elementor-element-32dd985 elementor-section-boxed elementor-section-height-default elementor-section-height-default\" data-id=\"32dd985\" data-element_type=\"section\" data-e-type=\"section\" data-settings=\"{&quot;background_background&quot;:&quot;classic&quot;}\">\n\t\t\t\t\t\t\t<div class=\"elementor-background-overlay\"><\/div>\n\t\t\t\t\t\t\t<div class=\"elementor-container elementor-column-gap-wide\">\n\t\t\t\t\t<div class=\"elementor-column elementor-col-50 elementor-top-column elementor-element elementor-element-6b729bf\" data-id=\"6b729bf\" data-element_type=\"column\" data-e-type=\"column\">\n\t\t\t<div class=\"elementor-widget-wrap elementor-element-populated\">\n\t\t\t\t\t\t<div class=\"elementor-element elementor-element-acfb029 elementor-widget elementor-widget-image\" data-id=\"acfb029\" data-element_type=\"widget\" data-e-type=\"widget\" data-widget_type=\"image.default\">\n\t\t\t\t<div class=\"elementor-widget-container\">\n\t\t\t\t\t\t\t\t\t\t\t\t\t\t\t<img fetchpriority=\"high\" decoding=\"async\" width=\"800\" height=\"450\" src=\"https:\/\/www.leclosdesfontaines.com\/wp-content\/uploads\/2022\/04\/ruins-of-an-old-benedictine-monastery-and-abbey-in-jumieges-in-picture-id1173109421-1024x576.jpg\" class=\"attachment-large size-large wp-image-1056\" alt=\"\" srcset=\"https:\/\/www.leclosdesfontaines.com\/wp-content\/uploads\/2022\/04\/ruins-of-an-old-benedictine-monastery-and-abbey-in-jumieges-in-picture-id1173109421-1024x576.jpg 1024w, https:\/\/www.leclosdesfontaines.com\/wp-content\/uploads\/2022\/04\/ruins-of-an-old-benedictine-monastery-and-abbey-in-jumieges-in-picture-id1173109421-300x169.jpg 300w, https:\/\/www.leclosdesfontaines.com\/wp-content\/uploads\/2022\/04\/ruins-of-an-old-benedictine-monastery-and-abbey-in-jumieges-in-picture-id1173109421-768x432.jpg 768w, https:\/\/www.leclosdesfontaines.com\/wp-content\/uploads\/2022\/04\/ruins-of-an-old-benedictine-monastery-and-abbey-in-jumieges-in-picture-id1173109421-1536x864.jpg 1536w, https:\/\/www.leclosdesfontaines.com\/wp-content\/uploads\/2022\/04\/ruins-of-an-old-benedictine-monastery-and-abbey-in-jumieges-in-picture-id1173109421-18x10.jpg 18w, https:\/\/www.leclosdesfontaines.com\/wp-content\/uploads\/2022\/04\/ruins-of-an-old-benedictine-monastery-and-abbey-in-jumieges-in-picture-id1173109421.jpg 1920w\" sizes=\"(max-width: 800px) 100vw, 800px\" title=\"Foto -\">\t\t\t\t\t\t\t\t\t\t\t\t\t\t\t<\/div>\n\t\t\t\t<\/div>\n\t\t\t\t\t<\/div>\n\t\t<\/div>\n\t\t\t\t<div class=\"elementor-column elementor-col-50 elementor-top-column elementor-element elementor-element-242e0d6\" data-id=\"242e0d6\" data-element_type=\"column\" data-e-type=\"column\" data-settings=\"{&quot;background_background&quot;:&quot;classic&quot;}\">\n\t\t\t<div class=\"elementor-widget-wrap elementor-element-populated\">\n\t\t\t\t\t<div class=\"elementor-background-overlay\"><\/div>\n\t\t\t\t\t\t<section class=\"elementor-section elementor-inner-section elementor-element elementor-element-979bb50 bloctextegauche elementor-section-boxed elementor-section-height-default elementor-section-height-default\" data-id=\"979bb50\" data-element_type=\"section\" data-e-type=\"section\">\n\t\t\t\t\t\t<div class=\"elementor-container elementor-column-gap-default\">\n\t\t\t\t\t<div class=\"elementor-column elementor-col-100 elementor-inner-column elementor-element elementor-element-6e7ed9b\" data-id=\"6e7ed9b\" data-element_type=\"column\" data-e-type=\"column\">\n\t\t\t<div class=\"elementor-widget-wrap elementor-element-populated\">\n\t\t\t\t\t\t<div class=\"elementor-element elementor-element-f4f64c1 elementor-widget elementor-widget-heading\" data-id=\"f4f64c1\" data-element_type=\"widget\" data-e-type=\"widget\" data-widget_type=\"heading.default\">\n\t\t\t\t<div class=\"elementor-widget-container\">\n\t\t\t\t\t<h1 class=\"elementor-heading-title elementor-size-default\">JUGEND<\/h1>\t\t\t\t<\/div>\n\t\t\t\t<\/div>\n\t\t\t\t<div class=\"elementor-element elementor-element-8d1f56c elementor-widget elementor-widget-text-editor\" data-id=\"8d1f56c\" data-element_type=\"widget\" data-e-type=\"widget\" data-widget_type=\"text-editor.default\">\n\t\t\t\t<div class=\"elementor-widget-container\">\n\t\t\t\t\t\t\t\t\t<p>Der Ort verdankt seinen Ruf haupts\u00e4chlich seiner Abtei Saint-Pierre, die laut Victor Hugo noch sch\u00f6ner als die von Tournus ist. Selbst als Ruine ist das Geb\u00e4ude mit seiner Westfassade aus der Karolingerzeit, dem mit Gras bewachsenen Kirchenschiff und dem gut erhaltenen Torhaus majest\u00e4tisch.<\/p><p><br \/>Wenn Sie Ihren Spaziergang durch Jumi\u00e8ges fortsetzen, k\u00f6nnen Sie auch die Ufer der Seine genie\u00dfen, mit der F\u00e4hre zum anderen Ufer \u00fcbersetzen, sich in der Freizeitanlage vergn\u00fcgen oder eine Runde auf dem sch\u00f6nen Golfplatz des Dorfes spielen.<\/p>\t\t\t\t\t\t\t\t<\/div>\n\t\t\t\t<\/div>\n\t\t\t\t\t<\/div>\n\t\t<\/div>\n\t\t\t\t\t<\/div>\n\t\t<\/section>\n\t\t\t\t\t<\/div>\n\t\t<\/div>\n\t\t\t\t\t<\/div>\n\t\t<\/section>\n\t\t\t\t<\/div>","protected":false},"excerpt":{"rendered":"<p>LE JOLI VILLAGE DE JUMI\u00c8GES POUR VOS WEEK END ROMANTIQUE EN NORMANDIE Lors de votre s\u00e9jour dans notre h\u00f4tel, vous aurez tout le loisir de visiter le joli village de Jumi\u00e8ges. JUMI\u00c8GES Il doit principalement sa r\u00e9putation \u00e0 son Abbaye Saint-Pierre, encore plus belle que celle de Tournus, selon Victor Hugo. M\u00eame en ruines, l&rsquo;\u00e9difice [&hellip;]<\/p>\n","protected":false},"author":12,"featured_media":0,"parent":164,"menu_order":0,"comment_status":"closed","ping_status":"closed","template":"","meta":{"inline_featured_image":false,"footnotes":""},"class_list":["post-173","page","type-page","status-publish","hentry"],"_links":{"self":[{"href":"https:\/\/www.leclosdesfontaines.com\/de\/wp-json\/wp\/v2\/pages\/173","targetHints":{"allow":["GET"]}}],"collection":[{"href":"https:\/\/www.leclosdesfontaines.com\/de\/wp-json\/wp\/v2\/pages"}],"about":[{"href":"https:\/\/www.leclosdesfontaines.com\/de\/wp-json\/wp\/v2\/types\/page"}],"author":[{"embeddable":true,"href":"https:\/\/www.leclosdesfontaines.com\/de\/wp-json\/wp\/v2\/users\/12"}],"replies":[{"embeddable":true,"href":"https:\/\/www.leclosdesfontaines.com\/de\/wp-json\/wp\/v2\/comments?post=173"}],"version-history":[{"count":19,"href":"https:\/\/www.leclosdesfontaines.com\/de\/wp-json\/wp\/v2\/pages\/173\/revisions"}],"predecessor-version":[{"id":1898,"href":"https:\/\/www.leclosdesfontaines.com\/de\/wp-json\/wp\/v2\/pages\/173\/revisions\/1898"}],"up":[{"embeddable":true,"href":"https:\/\/www.leclosdesfontaines.com\/de\/wp-json\/wp\/v2\/pages\/164"}],"wp:attachment":[{"href":"https:\/\/www.leclosdesfontaines.com\/de\/wp-json\/wp\/v2\/media?parent=173"}],"curies":[{"name":"wp","href":"https:\/\/api.w.org\/{rel}","templated":true}]}}