{"id":175,"date":"2022-04-19T12:28:44","date_gmt":"2022-04-19T10:28:44","guid":{"rendered":"https:\/\/www.leclosdesfontaines.com\/?page_id=175"},"modified":"2022-10-05T16:34:17","modified_gmt":"2022-10-05T14:34:17","slug":"honfleur","status":"publish","type":"page","link":"https:\/\/www.leclosdesfontaines.com\/de\/tourisme-activites\/tourisme\/honfleur\/","title":{"rendered":"Honfleur"},"content":{"rendered":"<div data-elementor-type=\"wp-page\" data-elementor-id=\"175\" class=\"elementor elementor-175\" data-elementor-post-type=\"page\">\n\t\t\t\t\t\t<section class=\"elementor-section elementor-top-section elementor-element elementor-element-3b62ace9 elementor-section-stretched elementor-section-height-min-height elementor-section-full_width elementor-section-items-top elementor-section-height-default\" data-id=\"3b62ace9\" data-element_type=\"section\" data-e-type=\"section\" data-settings=\"{&quot;stretch_section&quot;:&quot;section-stretched&quot;,&quot;background_background&quot;:&quot;classic&quot;}\">\n\t\t\t\t\t\t<div class=\"elementor-container elementor-column-gap-default\">\n\t\t\t\t\t<div class=\"elementor-column elementor-col-100 elementor-top-column elementor-element elementor-element-652dff27\" data-id=\"652dff27\" data-element_type=\"column\" data-e-type=\"column\">\n\t\t\t<div class=\"elementor-widget-wrap\">\n\t\t\t\t\t\t\t<\/div>\n\t\t<\/div>\n\t\t\t\t\t<\/div>\n\t\t<\/section>\n\t\t\t\t<section class=\"elementor-section elementor-top-section elementor-element elementor-element-50a00f71 elementor-section-boxed elementor-section-height-default elementor-section-height-default\" data-id=\"50a00f71\" data-element_type=\"section\" data-e-type=\"section\" data-settings=\"{&quot;background_background&quot;:&quot;classic&quot;}\">\n\t\t\t\t\t\t<div class=\"elementor-container elementor-column-gap-default\">\n\t\t\t\t\t<div class=\"elementor-column elementor-col-100 elementor-top-column elementor-element elementor-element-6c9cbb4e\" data-id=\"6c9cbb4e\" data-element_type=\"column\" data-e-type=\"column\">\n\t\t\t<div class=\"elementor-widget-wrap elementor-element-populated\">\n\t\t\t\t\t\t<section class=\"elementor-section elementor-inner-section elementor-element elementor-element-729d6ecc elementor-section-boxed elementor-section-height-default elementor-section-height-default\" data-id=\"729d6ecc\" data-element_type=\"section\" data-e-type=\"section\">\n\t\t\t\t\t\t<div class=\"elementor-container elementor-column-gap-default\">\n\t\t\t\t\t<div class=\"elementor-column elementor-col-100 elementor-inner-column elementor-element elementor-element-76365a2e\" data-id=\"76365a2e\" data-element_type=\"column\" data-e-type=\"column\">\n\t\t\t<div class=\"elementor-widget-wrap elementor-element-populated\">\n\t\t\t\t\t\t<div class=\"elementor-element elementor-element-6fc644a5 elementor-widget elementor-widget-heading\" data-id=\"6fc644a5\" data-element_type=\"widget\" data-e-type=\"widget\" data-widget_type=\"heading.default\">\n\t\t\t\t<div class=\"elementor-widget-container\">\n\t\t\t\t\t<h1 class=\"elementor-heading-title elementor-size-default\">ENTDECKEN SIE HONFLEUR\n<\/h1>\t\t\t\t<\/div>\n\t\t\t\t<\/div>\n\t\t\t\t<div class=\"elementor-element elementor-element-78904625 elementor-widget elementor-widget-heading\" data-id=\"78904625\" data-element_type=\"widget\" data-e-type=\"widget\" data-widget_type=\"heading.default\">\n\t\t\t\t<div class=\"elementor-widget-container\">\n\t\t\t\t\t<h3 class=\"elementor-heading-title elementor-size-default\">ca. 1 Stunde Fahrt\n<\/h3>\t\t\t\t<\/div>\n\t\t\t\t<\/div>\n\t\t\t\t<div class=\"elementor-element elementor-element-4afaf6cc elementor-widget-divider--view-line elementor-widget elementor-widget-divider\" data-id=\"4afaf6cc\" data-element_type=\"widget\" data-e-type=\"widget\" data-widget_type=\"divider.default\">\n\t\t\t\t<div class=\"elementor-widget-container\">\n\t\t\t\t\t\t\t<div class=\"elementor-divider\">\n\t\t\t<span class=\"elementor-divider-separator\">\n\t\t\t\t\t\t<\/span>\n\t\t<\/div>\n\t\t\t\t\t\t<\/div>\n\t\t\t\t<\/div>\n\t\t\t\t<div class=\"elementor-element elementor-element-48cb5ce9 elementor-widget elementor-widget-text-editor\" data-id=\"48cb5ce9\" data-element_type=\"widget\" data-e-type=\"widget\" data-widget_type=\"text-editor.default\">\n\t\t\t\t<div class=\"elementor-widget-container\">\n\t\t\t\t\t\t\t\t\t<div id=\"introChambres\" class=\"etape\"><div class=\"centre\"><div class=\"marginTexte\"><div class=\"texteStandard2\"><p>Mit seinen malerischen Gassen, die von schmalen H\u00e4usern ges\u00e4umt werden,<br \/>Honfleur besitzt den zeitlosen Charme der sch\u00f6nen St\u00e4dte an der K\u00fcste der Normandie.<\/p><\/div><\/div><\/div><\/div>\t\t\t\t\t\t\t\t<\/div>\n\t\t\t\t<\/div>\n\t\t\t\t<div class=\"elementor-element elementor-element-30a739ab elementor-nav-menu__align-center elementor-nav-menu--dropdown-none elementor-widget elementor-widget-nav-menu\" data-id=\"30a739ab\" data-element_type=\"widget\" data-e-type=\"widget\" data-settings=\"{&quot;layout&quot;:&quot;horizontal&quot;,&quot;submenu_icon&quot;:{&quot;value&quot;:&quot;&lt;i class=\\&quot;fas fa-caret-down\\&quot; aria-hidden=\\&quot;true\\&quot;&gt;&lt;\\\/i&gt;&quot;,&quot;library&quot;:&quot;fa-solid&quot;}}\" data-widget_type=\"nav-menu.default\">\n\t\t\t\t<div class=\"elementor-widget-container\">\n\t\t\t\t\t\t\t\t<nav aria-label=\"Men\u00fc\" class=\"elementor-nav-menu--main elementor-nav-menu__container elementor-nav-menu--layout-horizontal e--pointer-text e--animation-grow\">\n\t\t\t\t<ul id=\"menu-1-30a739ab\" class=\"elementor-nav-menu\"><li class=\"menu-item menu-item-type-post_type menu-item-object-page menu-item-761\"><a href=\"https:\/\/www.leclosdesfontaines.com\/de\/tourisme-activites\/tourisme\/jumieges\/\" class=\"elementor-item\">Jumi\u00e8ges<\/a><\/li>\n<li class=\"menu-item menu-item-type-post_type menu-item-object-page menu-item-760\"><a href=\"https:\/\/www.leclosdesfontaines.com\/de\/tourisme-activites\/tourisme\/honfleur\/\" class=\"elementor-item\">Honfleur<\/a><\/li>\n<li class=\"menu-item menu-item-type-post_type menu-item-object-page menu-item-763\"><a href=\"https:\/\/www.leclosdesfontaines.com\/de\/tourisme-activites\/tourisme\/rouen\/\" class=\"elementor-item\">Rouen<\/a><\/li>\n<li class=\"menu-item menu-item-type-post_type menu-item-object-page menu-item-759\"><a href=\"https:\/\/www.leclosdesfontaines.com\/de\/tourisme-activites\/tourisme\/giverny\/\" class=\"elementor-item\">Giverny<\/a><\/li>\n<li class=\"menu-item menu-item-type-post_type menu-item-object-page menu-item-758\"><a href=\"https:\/\/www.leclosdesfontaines.com\/de\/tourisme-activites\/tourisme\/fecamp\/\" class=\"elementor-item\">F\u00e9camp<\/a><\/li>\n<li class=\"menu-item menu-item-type-post_type menu-item-object-page menu-item-757\"><a href=\"https:\/\/www.leclosdesfontaines.com\/de\/tourisme-activites\/tourisme\/etretat\/\" class=\"elementor-item\">\u00c9tretat<\/a><\/li>\n<li class=\"menu-item menu-item-type-post_type menu-item-object-page menu-item-762\"><a href=\"https:\/\/www.leclosdesfontaines.com\/de\/tourisme-activites\/tourisme\/le-havre\/\" class=\"elementor-item\">Le Havre<\/a><\/li>\n<li class=\"menu-item menu-item-type-post_type menu-item-object-page menu-item-756\"><a href=\"https:\/\/www.leclosdesfontaines.com\/de\/tourisme-activites\/tourisme\/duclair\/\" class=\"elementor-item\">Duclair<\/a><\/li>\n<li class=\"menu-item menu-item-type-post_type menu-item-object-page menu-item-755\"><a href=\"https:\/\/www.leclosdesfontaines.com\/de\/tourisme-activites\/tourisme\/caudebec-en-caux\/\" class=\"elementor-item\">Caudebec en Caux<\/a><\/li>\n<\/ul>\t\t\t<\/nav>\n\t\t\t\t\t\t<nav class=\"elementor-nav-menu--dropdown elementor-nav-menu__container\" aria-hidden=\"true\">\n\t\t\t\t<ul id=\"menu-2-30a739ab\" class=\"elementor-nav-menu\"><li class=\"menu-item menu-item-type-post_type menu-item-object-page menu-item-761\"><a href=\"https:\/\/www.leclosdesfontaines.com\/de\/tourisme-activites\/tourisme\/jumieges\/\" class=\"elementor-item\" tabindex=\"-1\">Jumi\u00e8ges<\/a><\/li>\n<li class=\"menu-item menu-item-type-post_type menu-item-object-page menu-item-760\"><a href=\"https:\/\/www.leclosdesfontaines.com\/de\/tourisme-activites\/tourisme\/honfleur\/\" class=\"elementor-item\" tabindex=\"-1\">Honfleur<\/a><\/li>\n<li class=\"menu-item menu-item-type-post_type menu-item-object-page menu-item-763\"><a href=\"https:\/\/www.leclosdesfontaines.com\/de\/tourisme-activites\/tourisme\/rouen\/\" class=\"elementor-item\" tabindex=\"-1\">Rouen<\/a><\/li>\n<li class=\"menu-item menu-item-type-post_type menu-item-object-page menu-item-759\"><a href=\"https:\/\/www.leclosdesfontaines.com\/de\/tourisme-activites\/tourisme\/giverny\/\" class=\"elementor-item\" tabindex=\"-1\">Giverny<\/a><\/li>\n<li class=\"menu-item menu-item-type-post_type menu-item-object-page menu-item-758\"><a href=\"https:\/\/www.leclosdesfontaines.com\/de\/tourisme-activites\/tourisme\/fecamp\/\" class=\"elementor-item\" tabindex=\"-1\">F\u00e9camp<\/a><\/li>\n<li class=\"menu-item menu-item-type-post_type menu-item-object-page menu-item-757\"><a href=\"https:\/\/www.leclosdesfontaines.com\/de\/tourisme-activites\/tourisme\/etretat\/\" class=\"elementor-item\" tabindex=\"-1\">\u00c9tretat<\/a><\/li>\n<li class=\"menu-item menu-item-type-post_type menu-item-object-page menu-item-762\"><a href=\"https:\/\/www.leclosdesfontaines.com\/de\/tourisme-activites\/tourisme\/le-havre\/\" class=\"elementor-item\" tabindex=\"-1\">Le Havre<\/a><\/li>\n<li class=\"menu-item menu-item-type-post_type menu-item-object-page menu-item-756\"><a href=\"https:\/\/www.leclosdesfontaines.com\/de\/tourisme-activites\/tourisme\/duclair\/\" class=\"elementor-item\" tabindex=\"-1\">Duclair<\/a><\/li>\n<li class=\"menu-item menu-item-type-post_type menu-item-object-page menu-item-755\"><a href=\"https:\/\/www.leclosdesfontaines.com\/de\/tourisme-activites\/tourisme\/caudebec-en-caux\/\" class=\"elementor-item\" tabindex=\"-1\">Caudebec en Caux<\/a><\/li>\n<\/ul>\t\t\t<\/nav>\n\t\t\t\t\t\t<\/div>\n\t\t\t\t<\/div>\n\t\t\t\t\t<\/div>\n\t\t<\/div>\n\t\t\t\t\t<\/div>\n\t\t<\/section>\n\t\t\t\t\t<\/div>\n\t\t<\/div>\n\t\t\t\t\t<\/div>\n\t\t<\/section>\n\t\t\t\t<section class=\"elementor-section elementor-top-section elementor-element elementor-element-2912957c elementor-section-boxed elementor-section-height-default elementor-section-height-default\" data-id=\"2912957c\" data-element_type=\"section\" data-e-type=\"section\" data-settings=\"{&quot;background_background&quot;:&quot;classic&quot;}\">\n\t\t\t\t\t\t\t<div class=\"elementor-background-overlay\"><\/div>\n\t\t\t\t\t\t\t<div class=\"elementor-container elementor-column-gap-wide\">\n\t\t\t\t\t<div class=\"elementor-column elementor-col-50 elementor-top-column elementor-element elementor-element-28e37cb9\" data-id=\"28e37cb9\" data-element_type=\"column\" data-e-type=\"column\">\n\t\t\t<div class=\"elementor-widget-wrap elementor-element-populated\">\n\t\t\t\t\t\t<div class=\"elementor-element elementor-element-1c330de6 elementor-widget elementor-widget-image\" data-id=\"1c330de6\" data-element_type=\"widget\" data-e-type=\"widget\" data-widget_type=\"image.default\">\n\t\t\t\t<div class=\"elementor-widget-container\">\n\t\t\t\t\t\t\t\t\t\t\t\t\t\t\t<img fetchpriority=\"high\" decoding=\"async\" width=\"800\" height=\"450\" src=\"https:\/\/www.leclosdesfontaines.com\/wp-content\/uploads\/2022\/04\/old-dock-honfleur-france-picture-id844088332-1024x576.jpg\" class=\"attachment-large size-large wp-image-1169\" alt=\"\" srcset=\"https:\/\/www.leclosdesfontaines.com\/wp-content\/uploads\/2022\/04\/old-dock-honfleur-france-picture-id844088332-1024x576.jpg 1024w, https:\/\/www.leclosdesfontaines.com\/wp-content\/uploads\/2022\/04\/old-dock-honfleur-france-picture-id844088332-300x169.jpg 300w, https:\/\/www.leclosdesfontaines.com\/wp-content\/uploads\/2022\/04\/old-dock-honfleur-france-picture-id844088332-768x432.jpg 768w, https:\/\/www.leclosdesfontaines.com\/wp-content\/uploads\/2022\/04\/old-dock-honfleur-france-picture-id844088332-1536x864.jpg 1536w, https:\/\/www.leclosdesfontaines.com\/wp-content\/uploads\/2022\/04\/old-dock-honfleur-france-picture-id844088332-18x10.jpg 18w, https:\/\/www.leclosdesfontaines.com\/wp-content\/uploads\/2022\/04\/old-dock-honfleur-france-picture-id844088332.jpg 1920w\" sizes=\"(max-width: 800px) 100vw, 800px\" title=\"Foto -\">\t\t\t\t\t\t\t\t\t\t\t\t\t\t\t<\/div>\n\t\t\t\t<\/div>\n\t\t\t\t\t<\/div>\n\t\t<\/div>\n\t\t\t\t<div class=\"elementor-column elementor-col-50 elementor-top-column elementor-element elementor-element-6d88b5fa\" data-id=\"6d88b5fa\" data-element_type=\"column\" data-e-type=\"column\" data-settings=\"{&quot;background_background&quot;:&quot;classic&quot;}\">\n\t\t\t<div class=\"elementor-widget-wrap elementor-element-populated\">\n\t\t\t\t\t<div class=\"elementor-background-overlay\"><\/div>\n\t\t\t\t\t\t<section class=\"elementor-section elementor-inner-section elementor-element elementor-element-3a4e0989 bloctextegauche elementor-section-boxed elementor-section-height-default elementor-section-height-default\" data-id=\"3a4e0989\" data-element_type=\"section\" data-e-type=\"section\">\n\t\t\t\t\t\t<div class=\"elementor-container elementor-column-gap-default\">\n\t\t\t\t\t<div class=\"elementor-column elementor-col-100 elementor-inner-column elementor-element elementor-element-33eb6a60\" data-id=\"33eb6a60\" data-element_type=\"column\" data-e-type=\"column\">\n\t\t\t<div class=\"elementor-widget-wrap elementor-element-populated\">\n\t\t\t\t\t\t<div class=\"elementor-element elementor-element-1195360 elementor-widget elementor-widget-heading\" data-id=\"1195360\" data-element_type=\"widget\" data-e-type=\"widget\" data-widget_type=\"heading.default\">\n\t\t\t\t<div class=\"elementor-widget-container\">\n\t\t\t\t\t<h1 class=\"elementor-heading-title elementor-size-default\">HONFLEUR<\/h1>\t\t\t\t<\/div>\n\t\t\t\t<\/div>\n\t\t\t\t<div class=\"elementor-element elementor-element-740fcf0f elementor-widget elementor-widget-text-editor\" data-id=\"740fcf0f\" data-element_type=\"widget\" data-e-type=\"widget\" data-widget_type=\"text-editor.default\">\n\t\t\t\t<div class=\"elementor-widget-container\">\n\t\t\t\t\t\t\t\t\t<p>Vom Zahn der Zeit verschont, bietet sie ein au\u00dfergew\u00f6hnliches Kulturerbe mit ihren fabelhaften Salzspeichern, der Kirche Saint-L\u00e9onard mit ihrem sch\u00f6nen gotischen Portal, der aus Holz gebauten Kirche Sainte-Catherine und der charmanten Kapelle Notre-Dame de Gr\u00e2ce.<\/p><p><br \/>Honfleur ist ein Fischer-, Handels- und Jachthafen und hat einen sehr sch\u00f6nen Kai, den Quai Sainte-Catherine, an dem noch H\u00e4user aus dem 16. Am Ende des Kais steht die Lieutenance (die dem Leutnant des K\u00f6nigs als Unterkunft diente), die das letzte bedeutende \u00dcberbleibsel der Stadtbefestigung darstellt.<\/p>\t\t\t\t\t\t\t\t<\/div>\n\t\t\t\t<\/div>\n\t\t\t\t\t<\/div>\n\t\t<\/div>\n\t\t\t\t\t<\/div>\n\t\t<\/section>\n\t\t\t\t\t<\/div>\n\t\t<\/div>\n\t\t\t\t\t<\/div>\n\t\t<\/section>\n\t\t\t\t<\/div>","protected":false},"excerpt":{"rendered":"<p>D\u00c9COUVREZ HONFLEUR \u00e0 Environ 1 HEURE de route Avec ses ruelles pittoresques bord\u00e9es de maisons \u00e9troites,Honfleur poss\u00e8de le charme intemporel des belles cit\u00e9s de la c\u00f4te normande. HONFLEUR \u00c9pargn\u00e9e par les ravages du temps, elle offre un patrimoine extraordinaire avec ses fabuleux greniers \u00e0 sel, son \u00e9glise Saint-L\u00e9onard et son beau portail de style gothique, [&hellip;]<\/p>\n","protected":false},"author":12,"featured_media":0,"parent":164,"menu_order":0,"comment_status":"closed","ping_status":"closed","template":"","meta":{"inline_featured_image":false,"footnotes":""},"class_list":["post-175","page","type-page","status-publish","hentry"],"_links":{"self":[{"href":"https:\/\/www.leclosdesfontaines.com\/de\/wp-json\/wp\/v2\/pages\/175","targetHints":{"allow":["GET"]}}],"collection":[{"href":"https:\/\/www.leclosdesfontaines.com\/de\/wp-json\/wp\/v2\/pages"}],"about":[{"href":"https:\/\/www.leclosdesfontaines.com\/de\/wp-json\/wp\/v2\/types\/page"}],"author":[{"embeddable":true,"href":"https:\/\/www.leclosdesfontaines.com\/de\/wp-json\/wp\/v2\/users\/12"}],"replies":[{"embeddable":true,"href":"https:\/\/www.leclosdesfontaines.com\/de\/wp-json\/wp\/v2\/comments?post=175"}],"version-history":[{"count":28,"href":"https:\/\/www.leclosdesfontaines.com\/de\/wp-json\/wp\/v2\/pages\/175\/revisions"}],"predecessor-version":[{"id":2548,"href":"https:\/\/www.leclosdesfontaines.com\/de\/wp-json\/wp\/v2\/pages\/175\/revisions\/2548"}],"up":[{"embeddable":true,"href":"https:\/\/www.leclosdesfontaines.com\/de\/wp-json\/wp\/v2\/pages\/164"}],"wp:attachment":[{"href":"https:\/\/www.leclosdesfontaines.com\/de\/wp-json\/wp\/v2\/media?parent=175"}],"curies":[{"name":"wp","href":"https:\/\/api.w.org\/{rel}","templated":true}]}}