{"id":179,"date":"2022-04-19T12:29:14","date_gmt":"2022-04-19T10:29:14","guid":{"rendered":"https:\/\/www.leclosdesfontaines.com\/?page_id=179"},"modified":"2022-10-05T16:34:12","modified_gmt":"2022-10-05T14:34:12","slug":"giverny","status":"publish","type":"page","link":"https:\/\/www.leclosdesfontaines.com\/de\/tourisme-activites\/tourisme\/giverny\/","title":{"rendered":"Giverny"},"content":{"rendered":"<div data-elementor-type=\"wp-page\" data-elementor-id=\"179\" class=\"elementor elementor-179\" data-elementor-post-type=\"page\">\n\t\t\t\t\t\t<section class=\"elementor-section elementor-top-section elementor-element elementor-element-62462418 elementor-section-stretched elementor-section-height-min-height elementor-section-full_width elementor-section-items-top elementor-section-height-default\" data-id=\"62462418\" data-element_type=\"section\" data-e-type=\"section\" data-settings=\"{&quot;stretch_section&quot;:&quot;section-stretched&quot;,&quot;background_background&quot;:&quot;classic&quot;}\">\n\t\t\t\t\t\t<div class=\"elementor-container elementor-column-gap-default\">\n\t\t\t\t\t<div class=\"elementor-column elementor-col-100 elementor-top-column elementor-element elementor-element-2dda61c2\" data-id=\"2dda61c2\" data-element_type=\"column\" data-e-type=\"column\">\n\t\t\t<div class=\"elementor-widget-wrap\">\n\t\t\t\t\t\t\t<\/div>\n\t\t<\/div>\n\t\t\t\t\t<\/div>\n\t\t<\/section>\n\t\t\t\t<section class=\"elementor-section elementor-top-section elementor-element elementor-element-6e1f7773 elementor-section-boxed elementor-section-height-default elementor-section-height-default\" data-id=\"6e1f7773\" data-element_type=\"section\" data-e-type=\"section\" data-settings=\"{&quot;background_background&quot;:&quot;classic&quot;}\">\n\t\t\t\t\t\t<div class=\"elementor-container elementor-column-gap-default\">\n\t\t\t\t\t<div class=\"elementor-column elementor-col-100 elementor-top-column elementor-element elementor-element-7711b9c6\" data-id=\"7711b9c6\" data-element_type=\"column\" data-e-type=\"column\">\n\t\t\t<div class=\"elementor-widget-wrap elementor-element-populated\">\n\t\t\t\t\t\t<section class=\"elementor-section elementor-inner-section elementor-element elementor-element-f922ea9 elementor-section-boxed elementor-section-height-default elementor-section-height-default\" data-id=\"f922ea9\" data-element_type=\"section\" data-e-type=\"section\">\n\t\t\t\t\t\t<div class=\"elementor-container elementor-column-gap-default\">\n\t\t\t\t\t<div class=\"elementor-column elementor-col-100 elementor-inner-column elementor-element elementor-element-701ea614\" data-id=\"701ea614\" data-element_type=\"column\" data-e-type=\"column\">\n\t\t\t<div class=\"elementor-widget-wrap elementor-element-populated\">\n\t\t\t\t\t\t<div class=\"elementor-element elementor-element-2b5e2d74 elementor-widget elementor-widget-heading\" data-id=\"2b5e2d74\" data-element_type=\"widget\" data-e-type=\"widget\" data-widget_type=\"heading.default\">\n\t\t\t\t<div class=\"elementor-widget-container\">\n\t\t\t\t\t<h1 class=\"elementor-heading-title elementor-size-default\">BEI DER BEGEGNUNG MIT GIVERNY\n<\/h1>\t\t\t\t<\/div>\n\t\t\t\t<\/div>\n\t\t\t\t<div class=\"elementor-element elementor-element-8055861 elementor-widget elementor-widget-heading\" data-id=\"8055861\" data-element_type=\"widget\" data-e-type=\"widget\" data-widget_type=\"heading.default\">\n\t\t\t\t<div class=\"elementor-widget-container\">\n\t\t\t\t\t<h3 class=\"elementor-heading-title elementor-size-default\">ca. 1,5 Stunden Fahrt\n<\/h3>\t\t\t\t<\/div>\n\t\t\t\t<\/div>\n\t\t\t\t<div class=\"elementor-element elementor-element-3927e95b elementor-widget-divider--view-line elementor-widget elementor-widget-divider\" data-id=\"3927e95b\" data-element_type=\"widget\" data-e-type=\"widget\" data-widget_type=\"divider.default\">\n\t\t\t\t<div class=\"elementor-widget-container\">\n\t\t\t\t\t\t\t<div class=\"elementor-divider\">\n\t\t\t<span class=\"elementor-divider-separator\">\n\t\t\t\t\t\t<\/span>\n\t\t<\/div>\n\t\t\t\t\t\t<\/div>\n\t\t\t\t<\/div>\n\t\t\t\t<div class=\"elementor-element elementor-element-10770b0a elementor-widget elementor-widget-text-editor\" data-id=\"10770b0a\" data-element_type=\"widget\" data-e-type=\"widget\" data-widget_type=\"text-editor.default\">\n\t\t\t\t<div class=\"elementor-widget-container\">\n\t\t\t\t\t\t\t\t\t<div id=\"introChambres\" class=\"etape\"><div class=\"centre\"><div class=\"marginTexte\"><div class=\"texteStandard2\"><div id=\"introChambres\" class=\"etape\"><div class=\"centre\"><div class=\"marginTexte\"><div class=\"texteStandard2\"><p>Giverny liegt am rechten Ufer der Seine und verdankt seinen weltweiten Ruhm den Gem\u00e4lden von Claude Monet.<\/p><\/div><\/div><\/div><\/div><\/div><\/div><\/div><\/div>\t\t\t\t\t\t\t\t<\/div>\n\t\t\t\t<\/div>\n\t\t\t\t<div class=\"elementor-element elementor-element-19cfbfa1 elementor-nav-menu__align-center elementor-nav-menu--dropdown-none elementor-widget elementor-widget-nav-menu\" data-id=\"19cfbfa1\" data-element_type=\"widget\" data-e-type=\"widget\" data-settings=\"{&quot;layout&quot;:&quot;horizontal&quot;,&quot;submenu_icon&quot;:{&quot;value&quot;:&quot;&lt;i class=\\&quot;fas fa-caret-down\\&quot; aria-hidden=\\&quot;true\\&quot;&gt;&lt;\\\/i&gt;&quot;,&quot;library&quot;:&quot;fa-solid&quot;}}\" data-widget_type=\"nav-menu.default\">\n\t\t\t\t<div class=\"elementor-widget-container\">\n\t\t\t\t\t\t\t\t<nav aria-label=\"Men\u00fc\" class=\"elementor-nav-menu--main elementor-nav-menu__container elementor-nav-menu--layout-horizontal e--pointer-text e--animation-grow\">\n\t\t\t\t<ul id=\"menu-1-19cfbfa1\" class=\"elementor-nav-menu\"><li class=\"menu-item menu-item-type-post_type menu-item-object-page menu-item-761\"><a href=\"https:\/\/www.leclosdesfontaines.com\/de\/tourisme-activites\/tourisme\/jumieges\/\" class=\"elementor-item\">Jumi\u00e8ges<\/a><\/li>\n<li class=\"menu-item menu-item-type-post_type menu-item-object-page menu-item-760\"><a href=\"https:\/\/www.leclosdesfontaines.com\/de\/tourisme-activites\/tourisme\/honfleur\/\" class=\"elementor-item\">Honfleur<\/a><\/li>\n<li class=\"menu-item menu-item-type-post_type menu-item-object-page menu-item-763\"><a href=\"https:\/\/www.leclosdesfontaines.com\/de\/tourisme-activites\/tourisme\/rouen\/\" class=\"elementor-item\">Rouen<\/a><\/li>\n<li class=\"menu-item menu-item-type-post_type menu-item-object-page menu-item-759\"><a href=\"https:\/\/www.leclosdesfontaines.com\/de\/tourisme-activites\/tourisme\/giverny\/\" class=\"elementor-item\">Giverny<\/a><\/li>\n<li class=\"menu-item menu-item-type-post_type menu-item-object-page menu-item-758\"><a href=\"https:\/\/www.leclosdesfontaines.com\/de\/tourisme-activites\/tourisme\/fecamp\/\" class=\"elementor-item\">F\u00e9camp<\/a><\/li>\n<li class=\"menu-item menu-item-type-post_type menu-item-object-page menu-item-757\"><a href=\"https:\/\/www.leclosdesfontaines.com\/de\/tourisme-activites\/tourisme\/etretat\/\" class=\"elementor-item\">\u00c9tretat<\/a><\/li>\n<li class=\"menu-item menu-item-type-post_type menu-item-object-page menu-item-762\"><a href=\"https:\/\/www.leclosdesfontaines.com\/de\/tourisme-activites\/tourisme\/le-havre\/\" class=\"elementor-item\">Le Havre<\/a><\/li>\n<li class=\"menu-item menu-item-type-post_type menu-item-object-page menu-item-756\"><a href=\"https:\/\/www.leclosdesfontaines.com\/de\/tourisme-activites\/tourisme\/duclair\/\" class=\"elementor-item\">Duclair<\/a><\/li>\n<li class=\"menu-item menu-item-type-post_type menu-item-object-page menu-item-755\"><a href=\"https:\/\/www.leclosdesfontaines.com\/de\/tourisme-activites\/tourisme\/caudebec-en-caux\/\" class=\"elementor-item\">Caudebec en Caux<\/a><\/li>\n<\/ul>\t\t\t<\/nav>\n\t\t\t\t\t\t<nav class=\"elementor-nav-menu--dropdown elementor-nav-menu__container\" aria-hidden=\"true\">\n\t\t\t\t<ul id=\"menu-2-19cfbfa1\" class=\"elementor-nav-menu\"><li class=\"menu-item menu-item-type-post_type menu-item-object-page menu-item-761\"><a href=\"https:\/\/www.leclosdesfontaines.com\/de\/tourisme-activites\/tourisme\/jumieges\/\" class=\"elementor-item\" tabindex=\"-1\">Jumi\u00e8ges<\/a><\/li>\n<li class=\"menu-item menu-item-type-post_type menu-item-object-page menu-item-760\"><a href=\"https:\/\/www.leclosdesfontaines.com\/de\/tourisme-activites\/tourisme\/honfleur\/\" class=\"elementor-item\" tabindex=\"-1\">Honfleur<\/a><\/li>\n<li class=\"menu-item menu-item-type-post_type menu-item-object-page menu-item-763\"><a href=\"https:\/\/www.leclosdesfontaines.com\/de\/tourisme-activites\/tourisme\/rouen\/\" class=\"elementor-item\" tabindex=\"-1\">Rouen<\/a><\/li>\n<li class=\"menu-item menu-item-type-post_type menu-item-object-page menu-item-759\"><a href=\"https:\/\/www.leclosdesfontaines.com\/de\/tourisme-activites\/tourisme\/giverny\/\" class=\"elementor-item\" tabindex=\"-1\">Giverny<\/a><\/li>\n<li class=\"menu-item menu-item-type-post_type menu-item-object-page menu-item-758\"><a href=\"https:\/\/www.leclosdesfontaines.com\/de\/tourisme-activites\/tourisme\/fecamp\/\" class=\"elementor-item\" tabindex=\"-1\">F\u00e9camp<\/a><\/li>\n<li class=\"menu-item menu-item-type-post_type menu-item-object-page menu-item-757\"><a href=\"https:\/\/www.leclosdesfontaines.com\/de\/tourisme-activites\/tourisme\/etretat\/\" class=\"elementor-item\" tabindex=\"-1\">\u00c9tretat<\/a><\/li>\n<li class=\"menu-item menu-item-type-post_type menu-item-object-page menu-item-762\"><a href=\"https:\/\/www.leclosdesfontaines.com\/de\/tourisme-activites\/tourisme\/le-havre\/\" class=\"elementor-item\" tabindex=\"-1\">Le Havre<\/a><\/li>\n<li class=\"menu-item menu-item-type-post_type menu-item-object-page menu-item-756\"><a href=\"https:\/\/www.leclosdesfontaines.com\/de\/tourisme-activites\/tourisme\/duclair\/\" class=\"elementor-item\" tabindex=\"-1\">Duclair<\/a><\/li>\n<li class=\"menu-item menu-item-type-post_type menu-item-object-page menu-item-755\"><a href=\"https:\/\/www.leclosdesfontaines.com\/de\/tourisme-activites\/tourisme\/caudebec-en-caux\/\" class=\"elementor-item\" tabindex=\"-1\">Caudebec en Caux<\/a><\/li>\n<\/ul>\t\t\t<\/nav>\n\t\t\t\t\t\t<\/div>\n\t\t\t\t<\/div>\n\t\t\t\t\t<\/div>\n\t\t<\/div>\n\t\t\t\t\t<\/div>\n\t\t<\/section>\n\t\t\t\t\t<\/div>\n\t\t<\/div>\n\t\t\t\t\t<\/div>\n\t\t<\/section>\n\t\t\t\t<section class=\"elementor-section elementor-top-section elementor-element elementor-element-5bde16de elementor-section-boxed elementor-section-height-default elementor-section-height-default\" data-id=\"5bde16de\" data-element_type=\"section\" data-e-type=\"section\" data-settings=\"{&quot;background_background&quot;:&quot;classic&quot;}\">\n\t\t\t\t\t\t\t<div class=\"elementor-background-overlay\"><\/div>\n\t\t\t\t\t\t\t<div class=\"elementor-container elementor-column-gap-wide\">\n\t\t\t\t\t<div class=\"elementor-column elementor-col-50 elementor-top-column elementor-element elementor-element-171b6a21\" data-id=\"171b6a21\" data-element_type=\"column\" data-e-type=\"column\">\n\t\t\t<div class=\"elementor-widget-wrap elementor-element-populated\">\n\t\t\t\t\t\t<div class=\"elementor-element elementor-element-2de77819 elementor-widget elementor-widget-image\" data-id=\"2de77819\" data-element_type=\"widget\" data-e-type=\"widget\" data-widget_type=\"image.default\">\n\t\t\t\t<div class=\"elementor-widget-container\">\n\t\t\t\t\t\t\t\t\t\t\t\t\t\t\t<img fetchpriority=\"high\" decoding=\"async\" width=\"800\" height=\"450\" src=\"https:\/\/www.leclosdesfontaines.com\/wp-content\/uploads\/2022\/04\/claude-monets-home-in-giverny-picture-id138279694-1024x576.jpg\" class=\"attachment-large size-large wp-image-1187\" alt=\"\" srcset=\"https:\/\/www.leclosdesfontaines.com\/wp-content\/uploads\/2022\/04\/claude-monets-home-in-giverny-picture-id138279694-1024x576.jpg 1024w, https:\/\/www.leclosdesfontaines.com\/wp-content\/uploads\/2022\/04\/claude-monets-home-in-giverny-picture-id138279694-300x169.jpg 300w, https:\/\/www.leclosdesfontaines.com\/wp-content\/uploads\/2022\/04\/claude-monets-home-in-giverny-picture-id138279694-768x432.jpg 768w, https:\/\/www.leclosdesfontaines.com\/wp-content\/uploads\/2022\/04\/claude-monets-home-in-giverny-picture-id138279694-1536x864.jpg 1536w, https:\/\/www.leclosdesfontaines.com\/wp-content\/uploads\/2022\/04\/claude-monets-home-in-giverny-picture-id138279694-18x10.jpg 18w, https:\/\/www.leclosdesfontaines.com\/wp-content\/uploads\/2022\/04\/claude-monets-home-in-giverny-picture-id138279694.jpg 1920w\" sizes=\"(max-width: 800px) 100vw, 800px\" title=\"Foto -\">\t\t\t\t\t\t\t\t\t\t\t\t\t\t\t<\/div>\n\t\t\t\t<\/div>\n\t\t\t\t\t<\/div>\n\t\t<\/div>\n\t\t\t\t<div class=\"elementor-column elementor-col-50 elementor-top-column elementor-element elementor-element-35d7cb2e\" data-id=\"35d7cb2e\" data-element_type=\"column\" data-e-type=\"column\" data-settings=\"{&quot;background_background&quot;:&quot;classic&quot;}\">\n\t\t\t<div class=\"elementor-widget-wrap elementor-element-populated\">\n\t\t\t\t\t<div class=\"elementor-background-overlay\"><\/div>\n\t\t\t\t\t\t<section class=\"elementor-section elementor-inner-section elementor-element elementor-element-79050307 bloctextegauche elementor-section-boxed elementor-section-height-default elementor-section-height-default\" data-id=\"79050307\" data-element_type=\"section\" data-e-type=\"section\">\n\t\t\t\t\t\t<div class=\"elementor-container elementor-column-gap-default\">\n\t\t\t\t\t<div class=\"elementor-column elementor-col-100 elementor-inner-column elementor-element elementor-element-73b116f6\" data-id=\"73b116f6\" data-element_type=\"column\" data-e-type=\"column\">\n\t\t\t<div class=\"elementor-widget-wrap elementor-element-populated\">\n\t\t\t\t\t\t<div class=\"elementor-element elementor-element-389129db elementor-widget elementor-widget-heading\" data-id=\"389129db\" data-element_type=\"widget\" data-e-type=\"widget\" data-widget_type=\"heading.default\">\n\t\t\t\t<div class=\"elementor-widget-container\">\n\t\t\t\t\t<h1 class=\"elementor-heading-title elementor-size-default\">Giverny<\/h1>\t\t\t\t<\/div>\n\t\t\t\t<\/div>\n\t\t\t\t<div class=\"elementor-element elementor-element-545b3a66 elementor-widget elementor-widget-text-editor\" data-id=\"545b3a66\" data-element_type=\"widget\" data-e-type=\"widget\" data-widget_type=\"text-editor.default\">\n\t\t\t\t<div class=\"elementor-widget-container\">\n\t\t\t\t\t\t\t\t\t<p>Inspiriert von der Sanftheit dieser kleinen Ecke der Normandie und ihrem fabelhaften Licht, wohnte Claude Monet hier von 1883 bis zu seinem Tod. Sie k\u00f6nnen \u00fcbrigens sein Haus besichtigen, das nun f\u00fcr die \u00d6ffentlichkeit zug\u00e4nglich ist.<br \/>K\u00f6nnen Sie bei einem Spaziergang durch den h\u00fcbschen Wassergarten der Versuchung widerstehen, ein Foto von der japanischen Br\u00fccke, den Seerosen und Glyzinien zu machen, die der K\u00fcnstler unsterblich gemacht hat?<\/p><p>Ein weiterer unumg\u00e4nglicher Ort in der Gemeinde ist das Mus\u00e9e des Impressionnistes, das zwei bis drei Ausstellungen pro Jahr anbietet und Werke aus den gr\u00f6\u00dften Sammlungen zeigt: Mus\u00e9e d'Orsay, Mus\u00e9e Marmottan, National Gallery of Art in Washington.<\/p>\t\t\t\t\t\t\t\t<\/div>\n\t\t\t\t<\/div>\n\t\t\t\t\t<\/div>\n\t\t<\/div>\n\t\t\t\t\t<\/div>\n\t\t<\/section>\n\t\t\t\t\t<\/div>\n\t\t<\/div>\n\t\t\t\t\t<\/div>\n\t\t<\/section>\n\t\t\t\t<\/div>","protected":false},"excerpt":{"rendered":"<p>\u00c0 LA RENCONTRE DE GIVERNY \u00e0 environ 1h30 de route Situ\u00e9e sur la rive droite de la Seine, Giverny doit sa renomm\u00e9e mondiale aux tableaux de Claude Monet. Giverny Inspir\u00e9 par la douceur de ce petit coin de Normandie et par sa fabuleuse lumi\u00e8re, Claude Monet y r\u00e9sida de 1883 jusqu&rsquo;\u00e0 sa mort. Vous pourrez [&hellip;]<\/p>\n","protected":false},"author":12,"featured_media":0,"parent":164,"menu_order":0,"comment_status":"closed","ping_status":"closed","template":"","meta":{"inline_featured_image":false,"footnotes":""},"class_list":["post-179","page","type-page","status-publish","hentry"],"_links":{"self":[{"href":"https:\/\/www.leclosdesfontaines.com\/de\/wp-json\/wp\/v2\/pages\/179","targetHints":{"allow":["GET"]}}],"collection":[{"href":"https:\/\/www.leclosdesfontaines.com\/de\/wp-json\/wp\/v2\/pages"}],"about":[{"href":"https:\/\/www.leclosdesfontaines.com\/de\/wp-json\/wp\/v2\/types\/page"}],"author":[{"embeddable":true,"href":"https:\/\/www.leclosdesfontaines.com\/de\/wp-json\/wp\/v2\/users\/12"}],"replies":[{"embeddable":true,"href":"https:\/\/www.leclosdesfontaines.com\/de\/wp-json\/wp\/v2\/comments?post=179"}],"version-history":[{"count":20,"href":"https:\/\/www.leclosdesfontaines.com\/de\/wp-json\/wp\/v2\/pages\/179\/revisions"}],"predecessor-version":[{"id":2545,"href":"https:\/\/www.leclosdesfontaines.com\/de\/wp-json\/wp\/v2\/pages\/179\/revisions\/2545"}],"up":[{"embeddable":true,"href":"https:\/\/www.leclosdesfontaines.com\/de\/wp-json\/wp\/v2\/pages\/164"}],"wp:attachment":[{"href":"https:\/\/www.leclosdesfontaines.com\/de\/wp-json\/wp\/v2\/media?parent=179"}],"curies":[{"name":"wp","href":"https:\/\/api.w.org\/{rel}","templated":true}]}}