{"id":187,"date":"2022-04-19T12:30:15","date_gmt":"2022-04-19T10:30:15","guid":{"rendered":"https:\/\/www.leclosdesfontaines.com\/?page_id=187"},"modified":"2022-10-06T14:31:41","modified_gmt":"2022-10-06T12:31:41","slug":"duclair","status":"publish","type":"page","link":"https:\/\/www.leclosdesfontaines.com\/de\/tourisme-activites\/tourisme\/duclair\/","title":{"rendered":"Duclair"},"content":{"rendered":"<div data-elementor-type=\"wp-page\" data-elementor-id=\"187\" class=\"elementor elementor-187\" data-elementor-post-type=\"page\">\n\t\t\t\t\t\t<section class=\"elementor-section elementor-top-section elementor-element elementor-element-4bd61d1d elementor-section-stretched elementor-section-height-min-height elementor-section-full_width elementor-section-items-top elementor-section-height-default\" data-id=\"4bd61d1d\" data-element_type=\"section\" data-e-type=\"section\" data-settings=\"{&quot;stretch_section&quot;:&quot;section-stretched&quot;,&quot;background_background&quot;:&quot;classic&quot;}\">\n\t\t\t\t\t\t<div class=\"elementor-container elementor-column-gap-default\">\n\t\t\t\t\t<div class=\"elementor-column elementor-col-100 elementor-top-column elementor-element elementor-element-f6fcda\" data-id=\"f6fcda\" data-element_type=\"column\" data-e-type=\"column\">\n\t\t\t<div class=\"elementor-widget-wrap\">\n\t\t\t\t\t\t\t<\/div>\n\t\t<\/div>\n\t\t\t\t\t<\/div>\n\t\t<\/section>\n\t\t\t\t<section class=\"elementor-section elementor-top-section elementor-element elementor-element-b8f708d elementor-section-boxed elementor-section-height-default elementor-section-height-default\" data-id=\"b8f708d\" data-element_type=\"section\" data-e-type=\"section\" data-settings=\"{&quot;background_background&quot;:&quot;classic&quot;}\">\n\t\t\t\t\t\t<div class=\"elementor-container elementor-column-gap-default\">\n\t\t\t\t\t<div class=\"elementor-column elementor-col-100 elementor-top-column elementor-element elementor-element-31e9a768\" data-id=\"31e9a768\" data-element_type=\"column\" data-e-type=\"column\">\n\t\t\t<div class=\"elementor-widget-wrap elementor-element-populated\">\n\t\t\t\t\t\t<section class=\"elementor-section elementor-inner-section elementor-element elementor-element-2eee5348 elementor-section-boxed elementor-section-height-default elementor-section-height-default\" data-id=\"2eee5348\" data-element_type=\"section\" data-e-type=\"section\">\n\t\t\t\t\t\t<div class=\"elementor-container elementor-column-gap-default\">\n\t\t\t\t\t<div class=\"elementor-column elementor-col-100 elementor-inner-column elementor-element elementor-element-6c732e9d\" data-id=\"6c732e9d\" data-element_type=\"column\" data-e-type=\"column\">\n\t\t\t<div class=\"elementor-widget-wrap elementor-element-populated\">\n\t\t\t\t\t\t<div class=\"elementor-element elementor-element-325d271b elementor-widget elementor-widget-heading\" data-id=\"325d271b\" data-element_type=\"widget\" data-e-type=\"widget\" data-widget_type=\"heading.default\">\n\t\t\t\t<div class=\"elementor-widget-container\">\n\t\t\t\t\t<h1 class=\"elementor-heading-title elementor-size-default\">DAS H\u00dcBSCHE DORF DUCLAIR<\/h1>\t\t\t\t<\/div>\n\t\t\t\t<\/div>\n\t\t\t\t<div class=\"elementor-element elementor-element-401e46b2 elementor-widget elementor-widget-heading\" data-id=\"401e46b2\" data-element_type=\"widget\" data-e-type=\"widget\" data-widget_type=\"heading.default\">\n\t\t\t\t<div class=\"elementor-widget-container\">\n\t\t\t\t\t<h3 class=\"elementor-heading-title elementor-size-default\">Ca. 12 Min. mit dem Auto\n<\/h3>\t\t\t\t<\/div>\n\t\t\t\t<\/div>\n\t\t\t\t<div class=\"elementor-element elementor-element-5b6c8df8 elementor-widget-divider--view-line elementor-widget elementor-widget-divider\" data-id=\"5b6c8df8\" data-element_type=\"widget\" data-e-type=\"widget\" data-widget_type=\"divider.default\">\n\t\t\t\t<div class=\"elementor-widget-container\">\n\t\t\t\t\t\t\t<div class=\"elementor-divider\">\n\t\t\t<span class=\"elementor-divider-separator\">\n\t\t\t\t\t\t<\/span>\n\t\t<\/div>\n\t\t\t\t\t\t<\/div>\n\t\t\t\t<\/div>\n\t\t\t\t<div class=\"elementor-element elementor-element-4c77bf4 elementor-widget elementor-widget-text-editor\" data-id=\"4c77bf4\" data-element_type=\"widget\" data-e-type=\"widget\" data-widget_type=\"text-editor.default\">\n\t\t\t\t<div class=\"elementor-widget-container\">\n\t\t\t\t\t\t\t\t\t<div id=\"introChambres\" class=\"etape\"><div class=\"centre\"><div class=\"marginTexte\"><div class=\"texteStandard2\"><div id=\"introChambres\" class=\"etape\"><div class=\"centre\"><div class=\"marginTexte\"><div class=\"texteStandard2\"><p>Auf der Stra\u00dfe der Abteien und auf der Stra\u00dfe der Fr\u00fcchte liegt das h\u00fcbsche Dorf Duclair an einem privilegierten Ort entlang des regionalen Naturparks Boucles de la Seine Normande.<\/p><\/div><\/div><\/div><\/div><\/div><\/div><\/div><\/div>\t\t\t\t\t\t\t\t<\/div>\n\t\t\t\t<\/div>\n\t\t\t\t<div class=\"elementor-element elementor-element-57c23755 elementor-nav-menu__align-center elementor-nav-menu--dropdown-none elementor-widget elementor-widget-nav-menu\" data-id=\"57c23755\" data-element_type=\"widget\" data-e-type=\"widget\" data-settings=\"{&quot;layout&quot;:&quot;horizontal&quot;,&quot;submenu_icon&quot;:{&quot;value&quot;:&quot;&lt;i class=\\&quot;fas fa-caret-down\\&quot; aria-hidden=\\&quot;true\\&quot;&gt;&lt;\\\/i&gt;&quot;,&quot;library&quot;:&quot;fa-solid&quot;}}\" data-widget_type=\"nav-menu.default\">\n\t\t\t\t<div class=\"elementor-widget-container\">\n\t\t\t\t\t\t\t\t<nav aria-label=\"Men\u00fc\" class=\"elementor-nav-menu--main elementor-nav-menu__container elementor-nav-menu--layout-horizontal e--pointer-text e--animation-grow\">\n\t\t\t\t<ul id=\"menu-1-57c23755\" class=\"elementor-nav-menu\"><li class=\"menu-item menu-item-type-post_type menu-item-object-page menu-item-761\"><a href=\"https:\/\/www.leclosdesfontaines.com\/de\/tourisme-activites\/tourisme\/jumieges\/\" class=\"elementor-item\">Jumi\u00e8ges<\/a><\/li>\n<li class=\"menu-item menu-item-type-post_type menu-item-object-page menu-item-760\"><a href=\"https:\/\/www.leclosdesfontaines.com\/de\/tourisme-activites\/tourisme\/honfleur\/\" class=\"elementor-item\">Honfleur<\/a><\/li>\n<li class=\"menu-item menu-item-type-post_type menu-item-object-page menu-item-763\"><a href=\"https:\/\/www.leclosdesfontaines.com\/de\/tourisme-activites\/tourisme\/rouen\/\" class=\"elementor-item\">Rouen<\/a><\/li>\n<li class=\"menu-item menu-item-type-post_type menu-item-object-page menu-item-759\"><a href=\"https:\/\/www.leclosdesfontaines.com\/de\/tourisme-activites\/tourisme\/giverny\/\" class=\"elementor-item\">Giverny<\/a><\/li>\n<li class=\"menu-item menu-item-type-post_type menu-item-object-page menu-item-758\"><a href=\"https:\/\/www.leclosdesfontaines.com\/de\/tourisme-activites\/tourisme\/fecamp\/\" class=\"elementor-item\">F\u00e9camp<\/a><\/li>\n<li class=\"menu-item menu-item-type-post_type menu-item-object-page menu-item-757\"><a href=\"https:\/\/www.leclosdesfontaines.com\/de\/tourisme-activites\/tourisme\/etretat\/\" class=\"elementor-item\">\u00c9tretat<\/a><\/li>\n<li class=\"menu-item menu-item-type-post_type menu-item-object-page menu-item-762\"><a href=\"https:\/\/www.leclosdesfontaines.com\/de\/tourisme-activites\/tourisme\/le-havre\/\" class=\"elementor-item\">Le Havre<\/a><\/li>\n<li class=\"menu-item menu-item-type-post_type menu-item-object-page menu-item-756\"><a href=\"https:\/\/www.leclosdesfontaines.com\/de\/tourisme-activites\/tourisme\/duclair\/\" class=\"elementor-item\">Duclair<\/a><\/li>\n<li class=\"menu-item menu-item-type-post_type menu-item-object-page menu-item-755\"><a href=\"https:\/\/www.leclosdesfontaines.com\/de\/tourisme-activites\/tourisme\/caudebec-en-caux\/\" class=\"elementor-item\">Caudebec en Caux<\/a><\/li>\n<\/ul>\t\t\t<\/nav>\n\t\t\t\t\t\t<nav class=\"elementor-nav-menu--dropdown elementor-nav-menu__container\" aria-hidden=\"true\">\n\t\t\t\t<ul id=\"menu-2-57c23755\" class=\"elementor-nav-menu\"><li class=\"menu-item menu-item-type-post_type menu-item-object-page menu-item-761\"><a href=\"https:\/\/www.leclosdesfontaines.com\/de\/tourisme-activites\/tourisme\/jumieges\/\" class=\"elementor-item\" tabindex=\"-1\">Jumi\u00e8ges<\/a><\/li>\n<li class=\"menu-item menu-item-type-post_type menu-item-object-page menu-item-760\"><a href=\"https:\/\/www.leclosdesfontaines.com\/de\/tourisme-activites\/tourisme\/honfleur\/\" class=\"elementor-item\" tabindex=\"-1\">Honfleur<\/a><\/li>\n<li class=\"menu-item menu-item-type-post_type menu-item-object-page menu-item-763\"><a href=\"https:\/\/www.leclosdesfontaines.com\/de\/tourisme-activites\/tourisme\/rouen\/\" class=\"elementor-item\" tabindex=\"-1\">Rouen<\/a><\/li>\n<li class=\"menu-item menu-item-type-post_type menu-item-object-page menu-item-759\"><a href=\"https:\/\/www.leclosdesfontaines.com\/de\/tourisme-activites\/tourisme\/giverny\/\" class=\"elementor-item\" tabindex=\"-1\">Giverny<\/a><\/li>\n<li class=\"menu-item menu-item-type-post_type menu-item-object-page menu-item-758\"><a href=\"https:\/\/www.leclosdesfontaines.com\/de\/tourisme-activites\/tourisme\/fecamp\/\" class=\"elementor-item\" tabindex=\"-1\">F\u00e9camp<\/a><\/li>\n<li class=\"menu-item menu-item-type-post_type menu-item-object-page menu-item-757\"><a href=\"https:\/\/www.leclosdesfontaines.com\/de\/tourisme-activites\/tourisme\/etretat\/\" class=\"elementor-item\" tabindex=\"-1\">\u00c9tretat<\/a><\/li>\n<li class=\"menu-item menu-item-type-post_type menu-item-object-page menu-item-762\"><a href=\"https:\/\/www.leclosdesfontaines.com\/de\/tourisme-activites\/tourisme\/le-havre\/\" class=\"elementor-item\" tabindex=\"-1\">Le Havre<\/a><\/li>\n<li class=\"menu-item menu-item-type-post_type menu-item-object-page menu-item-756\"><a href=\"https:\/\/www.leclosdesfontaines.com\/de\/tourisme-activites\/tourisme\/duclair\/\" class=\"elementor-item\" tabindex=\"-1\">Duclair<\/a><\/li>\n<li class=\"menu-item menu-item-type-post_type menu-item-object-page menu-item-755\"><a href=\"https:\/\/www.leclosdesfontaines.com\/de\/tourisme-activites\/tourisme\/caudebec-en-caux\/\" class=\"elementor-item\" tabindex=\"-1\">Caudebec en Caux<\/a><\/li>\n<\/ul>\t\t\t<\/nav>\n\t\t\t\t\t\t<\/div>\n\t\t\t\t<\/div>\n\t\t\t\t\t<\/div>\n\t\t<\/div>\n\t\t\t\t\t<\/div>\n\t\t<\/section>\n\t\t\t\t\t<\/div>\n\t\t<\/div>\n\t\t\t\t\t<\/div>\n\t\t<\/section>\n\t\t\t\t<section class=\"elementor-section elementor-top-section elementor-element elementor-element-6a4d4749 elementor-section-boxed elementor-section-height-default elementor-section-height-default\" data-id=\"6a4d4749\" data-element_type=\"section\" data-e-type=\"section\" data-settings=\"{&quot;background_background&quot;:&quot;classic&quot;}\">\n\t\t\t\t\t\t\t<div class=\"elementor-background-overlay\"><\/div>\n\t\t\t\t\t\t\t<div class=\"elementor-container elementor-column-gap-wide\">\n\t\t\t\t\t<div class=\"elementor-column elementor-col-50 elementor-top-column elementor-element elementor-element-6ffcb2d3\" data-id=\"6ffcb2d3\" data-element_type=\"column\" data-e-type=\"column\">\n\t\t\t<div class=\"elementor-widget-wrap elementor-element-populated\">\n\t\t\t\t\t\t<div class=\"elementor-element elementor-element-77648c30 elementor-widget elementor-widget-image\" data-id=\"77648c30\" data-element_type=\"widget\" data-e-type=\"widget\" data-widget_type=\"image.default\">\n\t\t\t\t<div class=\"elementor-widget-container\">\n\t\t\t\t\t\t\t\t\t\t\t\t\t\t\t<img fetchpriority=\"high\" decoding=\"async\" width=\"800\" height=\"600\" src=\"https:\/\/www.leclosdesfontaines.com\/wp-content\/uploads\/2022\/10\/chateau-du-Taillis-1024x768-1.jpg\" class=\"attachment-large size-large wp-image-2517\" alt=\"\" srcset=\"https:\/\/www.leclosdesfontaines.com\/wp-content\/uploads\/2022\/10\/chateau-du-Taillis-1024x768-1.jpg 1024w, https:\/\/www.leclosdesfontaines.com\/wp-content\/uploads\/2022\/10\/chateau-du-Taillis-1024x768-1-300x225.jpg 300w, https:\/\/www.leclosdesfontaines.com\/wp-content\/uploads\/2022\/10\/chateau-du-Taillis-1024x768-1-768x576.jpg 768w, https:\/\/www.leclosdesfontaines.com\/wp-content\/uploads\/2022\/10\/chateau-du-Taillis-1024x768-1-16x12.jpg 16w\" sizes=\"(max-width: 800px) 100vw, 800px\" title=\"Foto -\">\t\t\t\t\t\t\t\t\t\t\t\t\t\t\t<\/div>\n\t\t\t\t<\/div>\n\t\t\t\t\t<\/div>\n\t\t<\/div>\n\t\t\t\t<div class=\"elementor-column elementor-col-50 elementor-top-column elementor-element elementor-element-78c3b1ba\" data-id=\"78c3b1ba\" data-element_type=\"column\" data-e-type=\"column\" data-settings=\"{&quot;background_background&quot;:&quot;classic&quot;}\">\n\t\t\t<div class=\"elementor-widget-wrap elementor-element-populated\">\n\t\t\t\t\t<div class=\"elementor-background-overlay\"><\/div>\n\t\t\t\t\t\t<section class=\"elementor-section elementor-inner-section elementor-element elementor-element-2710904c bloctextegauche elementor-section-boxed elementor-section-height-default elementor-section-height-default\" data-id=\"2710904c\" data-element_type=\"section\" data-e-type=\"section\">\n\t\t\t\t\t\t<div class=\"elementor-container elementor-column-gap-default\">\n\t\t\t\t\t<div class=\"elementor-column elementor-col-100 elementor-inner-column elementor-element elementor-element-4f39640c\" data-id=\"4f39640c\" data-element_type=\"column\" data-e-type=\"column\">\n\t\t\t<div class=\"elementor-widget-wrap elementor-element-populated\">\n\t\t\t\t\t\t<div class=\"elementor-element elementor-element-3ecb35ae elementor-widget elementor-widget-heading\" data-id=\"3ecb35ae\" data-element_type=\"widget\" data-e-type=\"widget\" data-widget_type=\"heading.default\">\n\t\t\t\t<div class=\"elementor-widget-container\">\n\t\t\t\t\t<h1 class=\"elementor-heading-title elementor-size-default\">Duclair<\/h1>\t\t\t\t<\/div>\n\t\t\t\t<\/div>\n\t\t\t\t<div class=\"elementor-element elementor-element-2f3c40a2 elementor-widget elementor-widget-text-editor\" data-id=\"2f3c40a2\" data-element_type=\"widget\" data-e-type=\"widget\" data-widget_type=\"text-editor.default\">\n\t\t\t\t<div class=\"elementor-widget-container\">\n\t\t\t\t\t\t\t\t\t<p>Inmitten dieser gr\u00fcnen Umgebung k\u00f6nnen Sie im Park des Ch\u00e2teau du Taillis spazieren gehen, der bemerkenswerte B\u00e4ume wie einen Riesenmammutbaum, einen Tulpenbaum aus Virginia oder eine Atlaszeder besitzt.<\/p><p>Das Schloss ist zwar nicht f\u00fcr die \u00d6ffentlichkeit zug\u00e4nglich, aber einige seiner Nebengeb\u00e4ude k\u00f6nnen besichtigt werden, wie z. B. die ehemaligen Stallungen, in denen heute das Museum August 44 untergebracht ist, das die heftigen K\u00e4mpfe w\u00e4hrend der Schlacht um die Normandie darstellt.<\/p>\t\t\t\t\t\t\t\t<\/div>\n\t\t\t\t<\/div>\n\t\t\t\t\t<\/div>\n\t\t<\/div>\n\t\t\t\t\t<\/div>\n\t\t<\/section>\n\t\t\t\t\t<\/div>\n\t\t<\/div>\n\t\t\t\t\t<\/div>\n\t\t<\/section>\n\t\t\t\t<\/div>","protected":false},"excerpt":{"rendered":"<p>LE JOLI VILLAGE DE DUCLAIR \u00c0 environ 12 min de route Sur la route des abbayes et sur la route des fruits, le joli village de Duclair occupe un site privil\u00e9gi\u00e9, le long du Parc Naturel R\u00e9gional des Boucles de la Seine Normande. Duclair Au sein de ce cadre verdoyant, vous pourrez vous promener dans [&hellip;]<\/p>\n","protected":false},"author":12,"featured_media":0,"parent":164,"menu_order":0,"comment_status":"closed","ping_status":"closed","template":"","meta":{"inline_featured_image":false,"footnotes":""},"class_list":["post-187","page","type-page","status-publish","hentry"],"_links":{"self":[{"href":"https:\/\/www.leclosdesfontaines.com\/de\/wp-json\/wp\/v2\/pages\/187","targetHints":{"allow":["GET"]}}],"collection":[{"href":"https:\/\/www.leclosdesfontaines.com\/de\/wp-json\/wp\/v2\/pages"}],"about":[{"href":"https:\/\/www.leclosdesfontaines.com\/de\/wp-json\/wp\/v2\/types\/page"}],"author":[{"embeddable":true,"href":"https:\/\/www.leclosdesfontaines.com\/de\/wp-json\/wp\/v2\/users\/12"}],"replies":[{"embeddable":true,"href":"https:\/\/www.leclosdesfontaines.com\/de\/wp-json\/wp\/v2\/comments?post=187"}],"version-history":[{"count":29,"href":"https:\/\/www.leclosdesfontaines.com\/de\/wp-json\/wp\/v2\/pages\/187\/revisions"}],"predecessor-version":[{"id":2657,"href":"https:\/\/www.leclosdesfontaines.com\/de\/wp-json\/wp\/v2\/pages\/187\/revisions\/2657"}],"up":[{"embeddable":true,"href":"https:\/\/www.leclosdesfontaines.com\/de\/wp-json\/wp\/v2\/pages\/164"}],"wp:attachment":[{"href":"https:\/\/www.leclosdesfontaines.com\/de\/wp-json\/wp\/v2\/media?parent=187"}],"curies":[{"name":"wp","href":"https:\/\/api.w.org\/{rel}","templated":true}]}}