{"id":3588,"date":"2025-05-19T11:08:32","date_gmt":"2025-05-19T09:08:32","guid":{"rendered":"https:\/\/www.leclosdesfontaines.com\/?page_id=3588"},"modified":"2026-01-26T11:32:00","modified_gmt":"2026-01-26T10:32:00","slug":"klassische-zimmer-2","status":"publish","type":"page","link":"https:\/\/www.leclosdesfontaines.com\/de\/chambres-suites\/chambres-classique-2\/","title":{"rendered":"Komfort-Zimmer"},"content":{"rendered":"<h1>DIE \u00abCONFORT\u00bb-Zimmer\u00bb<\/h1>\n<p>Sie befinden sich im Geb\u00e4ude \"L'Armada\", benannt nach der gro\u00dfen und majest\u00e4tischen Veranstaltung, die alle vier bis sechs Jahre die gr\u00f6\u00dften und sch\u00f6nsten Segelschiffe der Welt in Rouen versammelt. Sie sind nach Segeln benannt, ger\u00e4umig und komfortabel und bieten eine komplette Ausstattung (Schreibtisch, Flachbildfernseher, Telefon, kostenloses Wi-Fi), um Sie zufrieden zu stellen.<\/p>\n<p>\t\t\t\t\t<a href=\"https:\/\/secure.reservit.com\/fo\/booking\/233\/455456\/dates?specialMode=default&amp;langcode=DE&amp;m=booking\" target=\"_blank\" rel=\"nofollow noopener\"><br \/>\n\t\t\t\t\t\t\t\t\tBuchen<br \/>\n\t\t\t\t\t<\/a><\/p>\n<h2>Unsere \u00abCONFORT\u00bb-Zimmer\u00bb<\/h2>\n<p>                    <input type=\"hidden\" value=\"\"><br \/>\n                        <!-- Slides -->\n                                <link itemprop=\"image\" href=\"https:\/\/www.leclosdesfontaines.com\/wp-content\/uploads\/2022\/05\/web_le_clos_des_fontaines_0010_Photos-19.jpg\" \/>\n                                <link itemprop=\"image\" href=\"https:\/\/www.leclosdesfontaines.com\/wp-content\/uploads\/2022\/10\/Photos-18-min.jpg\" \/>\n                                <link itemprop=\"image\" href=\"https:\/\/www.leclosdesfontaines.com\/wp-content\/uploads\/2022\/10\/Photos-15-min.jpg\" \/>\n                                <link itemprop=\"image\" href=\"https:\/\/www.leclosdesfontaines.com\/wp-content\/uploads\/2022\/10\/Photos-17-min.jpg\" \/>\n                                <link itemprop=\"image\" href=\"https:\/\/www.leclosdesfontaines.com\/wp-content\/uploads\/2022\/05\/web_le_clos_des_fontaines_0009_Photos-20.jpg\" \/>\n                                                                <!-- If we need navigation buttons --><br \/>\n                        <!-- TODO: if page link enabled --><\/p>\n<h3>\n                            Zimmer Brigantine<br \/>\n        <\/h3>\n<p\n                            ><\/p>\n<p style=\"margin-bottom: 30px; padding: 0px; border: 0px; font-style: inherit; font-variant: inherit; font-weight: inherit; font-stretch: inherit; line-height: inherit; font-family: inherit; font-size: 14px; vertical-align: baseline;\">Dieses Zimmer ist nach einem kleinen trapezf\u00f6rmigen Segel am Fockmast benannt und in hellen blau-grauen Farbt\u00f6nen gehalten. Das Zimmer verf\u00fcgt \u00fcber ein Doppelbett und ein Badezimmer mit Dusche. Es bietet einen sch\u00f6nen Blick auf den Garten des Hotels. Babybett m\u00f6glich\u00a0<\/p>\n<\/p>\n<p>                        <!-- Slides -->\n                                <link itemprop=\"image\" href=\"https:\/\/www.leclosdesfontaines.com\/wp-content\/uploads\/2022\/05\/web_le_clos_des_fontaines_0008_Photos-21.jpg\" \/>\n                                <link itemprop=\"image\" href=\"https:\/\/www.leclosdesfontaines.com\/wp-content\/uploads\/2022\/05\/web_le_clos_des_fontaines_0007_Photos-24.jpg\" \/>\n                                <link itemprop=\"image\" href=\"https:\/\/www.leclosdesfontaines.com\/wp-content\/uploads\/2022\/05\/web_le_clos_des_fontaines_0006_Photos-27.jpg\" \/>\n                                                                <!-- If we need navigation buttons --><br \/>\n                        <!-- TODO: if page link enabled --><\/p>\n<h3>\n                            Zimmer Fortune<br \/>\n        <\/h3>\n<p\n                            ><br \/>\n                Das ger\u00e4umige und helle Zimmer Fortune bietet Ihnen mit seinen h\u00fcbschen Blaut\u00f6nen und seinen patinierten M\u00f6beln ein sehr ozeanisches Ambiente. Mit seinem Namen, der an ein Takelsegel erinnert, l\u00e4sst Sie das Zimmer friedlich in Ihre sch\u00f6nsten Tr\u00e4ume segeln. Es verf\u00fcgt \u00fcber ein Doppelbett, das je nach Wunsch in zwei Einzelbetten getrennt werden kann, und bietet einen sch\u00f6nen Blick auf den Garten des Hotels. Im Badezimmer steht Ihnen eine bequeme Badewanne zur Verf\u00fcgung. Babybett m\u00f6glich\u00a0\n            <\/p>\n<p>                        <!-- Slides -->\n                                <link itemprop=\"image\" href=\"https:\/\/www.leclosdesfontaines.com\/wp-content\/uploads\/2022\/10\/IMG20201018164029-min-scaled.jpg\" \/>\n                                <link itemprop=\"image\" href=\"https:\/\/www.leclosdesfontaines.com\/wp-content\/uploads\/2022\/10\/IMG_4201-min-scaled.jpg\" \/>\n                                <link itemprop=\"image\" href=\"https:\/\/www.leclosdesfontaines.com\/wp-content\/uploads\/2022\/10\/IMG20201018164014-min-scaled.jpg\" \/>\n                                <link itemprop=\"image\" href=\"https:\/\/www.leclosdesfontaines.com\/wp-content\/uploads\/2022\/10\/IMG20201018164044-min-scaled.jpg\" \/>\n                                                                <!-- If we need navigation buttons --><br \/>\n                        <!-- TODO: if page link enabled --><\/p>\n<h3>\n                            Zimmer Trinquette<br \/>\n        <\/h3>\n<p\n                            ><br \/>\n                Das Trinquette-Zimmer bietet sch\u00f6ne Beige- und Oranget\u00f6ne, um Ihre N\u00e4chte in den Schlaf zu wiegen. Benannt nach einem dreieckigen Segel am Bug von Schiffen, verf\u00fcgt das Zimmer \u00fcber ein Doppelbett, das je nach Wunsch in zwei Einzelbetten getrennt werden kann. Im angrenzenden Badezimmer k\u00f6nnen Sie sich in der Badewanne nach einem langen Tag entspannen. Ein Babybett m\u00f6glich\u00a0\n            <\/p>\n<p>\t\t\t\t\t<a><br \/>\n\t\t\t\t\t\tSuiten\t\t\t\t\t<\/a><br \/>\n\t\t\t\t\t<a><br \/>\n\t\t\t\t\t\tZimmer \"Komfort\"\t\t\t\t\t<\/a><br \/>\n\t\t\t\t\t<a><br \/>\n\t\t\t\t\t\tSuiten \"Superior\t\t\t\t\t<\/a><br \/>\n\t\t\t\t\t<a><br \/>\n\t\t\t\t\t\tSuite \"Duplex\t\t\t\t\t<\/a><br \/>\n                                        Sie haben in Ihrem Backoffice noch keine Partner eingerichtet.<\/p>\n<form data-action=\"eliophot-qs\" data-moteur=\"rv\" action=\"https:\/\/api.eliophot.fr\/booking\/redirect\" method=\"GET\" target=\"_blank\">\n                    <input type=\"hidden\" name=\"lang\" value=\"fr\"><br \/>\n                    <input  type=\"hidden\"\n                            name=\"startdate\"\n                            value=\"2026-01-25\"><br \/>\n                    <input  type=\"hidden\"\n                            name=\"enddate\"\n                            value=\"2026-01-26\"><br \/>\n                    <!-- Date d'arriv\u00e9e --><br \/>\n                    <label data-eliophot-qs=\"container\"><br \/>\n                    <svg xmlns=\"http:\/\/www.w3.org\/2000\/svg\" xmlns:xlink=\"http:\/\/www.w3.org\/1999\/xlink\" aria-hidden=\"true\" role=\"img\" width=\"1em\" height=\"1em\" preserveaspectratio=\"xMidYMid meet\" viewbox=\"0 0 24 24\">\n                        <g fill=\"none\"><path d=\"M17.75 3A3.25 3.25 0 0 1 21 6.25v11.5A3.25 3.25 0 0 1 17.75 21H6.25A3.25 3.25 0 0 1 3 17.75V6.25A3.25 3.25 0 0 1 6.25 3h11.5zm1.75 5.5h-15v9.25c0 .966.784 1.75 1.75 1.75h11.5a1.75 1.75 0 0 0 1.75-1.75V8.5zm-11.75 6a1.25 1.25 0 1 1 0 2.5a1.25 1.25 0 0 1 0-2.5zm4.25 0a1.25 1.25 0 1 1 0 2.5a1.25 1.25 0 0 1 0-2.5zm-4.25-4a1.25 1.25 0 1 1 0 2.5a1.25 1.25 0 0 1 0-2.5zm4.25 0a1.25 1.25 0 1 1 0 2.5a1.25 1.25 0 0 1 0-2.5zm4.25 0a1.25 1.25 0 1 1 0 2.5a1.25 1.25 0 0 1 0-2.5zm1.5-6H6.25A1.75 1.75 0 0 0 4.5 6.25V7h15v-.75a1.75 1.75 0 0 0-1.75-1.75z\" fill=\"currentColor\"\/><\/g>\n                    <\/svg><br \/>\n                            Datum der Ankunft<br \/>\n                            <input type=\"text\"\n                                   value=\"25\/01\/2026\"\n                                   name=\"startdatepicker\"\n                                   data-qs=\"start-calendar\"\n                                   data-input-resize=\"true\"\n                                   readonly=\"\"\n                                   id=\"BD69766eace2e7e\"\n                                   aria-haspopup=\"true\"\n                                   aria-expanded=\"false\"\n                                   aria-readonly=\"false\"\n                                   aria-owns=\"BD69766eace2e7e_root\"><br \/>\n                    <\/label><br \/>\n                    <!-- Date de d\u00e9part --><br \/>\n                    <label data-eliophot-qs=\"container\"><br \/>\n                    <svg xmlns=\"http:\/\/www.w3.org\/2000\/svg\" xmlns:xlink=\"http:\/\/www.w3.org\/1999\/xlink\" aria-hidden=\"true\" role=\"img\" width=\"1em\" height=\"1em\" preserveaspectratio=\"xMidYMid meet\" viewbox=\"0 0 24 24\">\n                        <g fill=\"none\"><path d=\"M17.75 3A3.25 3.25 0 0 1 21 6.25v11.5A3.25 3.25 0 0 1 17.75 21H6.25A3.25 3.25 0 0 1 3 17.75V6.25A3.25 3.25 0 0 1 6.25 3h11.5zm1.75 5.5h-15v9.25c0 .966.784 1.75 1.75 1.75h11.5a1.75 1.75 0 0 0 1.75-1.75V8.5zm-11.75 6a1.25 1.25 0 1 1 0 2.5a1.25 1.25 0 0 1 0-2.5zm4.25 0a1.25 1.25 0 1 1 0 2.5a1.25 1.25 0 0 1 0-2.5zm-4.25-4a1.25 1.25 0 1 1 0 2.5a1.25 1.25 0 0 1 0-2.5zm4.25 0a1.25 1.25 0 1 1 0 2.5a1.25 1.25 0 0 1 0-2.5zm4.25 0a1.25 1.25 0 1 1 0 2.5a1.25 1.25 0 0 1 0-2.5zm1.5-6H6.25A1.75 1.75 0 0 0 4.5 6.25V7h15v-.75a1.75 1.75 0 0 0-1.75-1.75z\" fill=\"currentColor\"\/><\/g>\n                    <\/svg><br \/>\n                            Datum der Abreise<br \/>\n                            <input type=\"text\"\n                                   value=\"26\/01\/2026\"\n                                   name=\"enddatepicker\"\n                                   data-qs=\"end-calendar\"\n                                   data-input-resize=\"true\"\n                                   readonly=\"\"\n                                   id=\"E69766eace2e7e\"\n                                   aria-haspopup=\"true\"\n                                   aria-expanded=\"false\"\n                                   aria-readonly=\"false\"\n                                   aria-owns=\"E69766eace2e7e_root\"><br \/>\n                            <input type=\"hidden\" name=\"enddate_submit\"><br \/>\n                    <\/label><br \/>\n                                            <!-- Nombre de personnes --><br \/>\n                        <label><br \/>\n                    <svg xmlns=\"http:\/\/www.w3.org\/2000\/svg\" xmlns:xlink=\"http:\/\/www.w3.org\/1999\/xlink\" aria-hidden=\"true\" role=\"img\" width=\"1em\" height=\"1em\" preserveaspectratio=\"xMidYMid meet\" viewbox=\"0 0 24 24\">\n                        <g fill=\"none\"><path d=\"M4 13.999L13 14a2 2 0 0 1 1.995 1.85L15 16v1.5C14.999 21 11.284 22 8.5 22c-2.722 0-6.335-.956-6.495-4.27L2 17.5v-1.501c0-1.054.816-1.918 1.85-1.995L4 14zM15.22 14H20c1.054 0 1.918.816 1.994 1.85L22 16v1c-.001 3.062-2.858 4-5 4a7.16 7.16 0 0 1-2.14-.322c.336-.386.607-.827.802-1.327A6.19 6.19 0 0 0 17 19.5l.267-.006c.985-.043 3.086-.363 3.226-2.289L20.5 17v-1a.501.501 0 0 0-.41-.492L20 15.5h-4.051a2.957 2.957 0 0 0-.595-1.34L15.22 14H20h-4.78zM4 15.499l-.1.01a.51.51 0 0 0-.254.136a.506.506 0 0 0-.136.253l-.01.101V17.5c0 1.009.45 1.722 1.417 2.242c.826.445 2.003.714 3.266.753l.317.005l.317-.005c1.263-.039 2.439-.308 3.266-.753c.906-.488 1.359-1.145 1.412-2.057l.005-.186V16a.501.501 0 0 0-.41-.492L13 15.5l-9-.001zM8.5 3a4.5 4.5 0 1 1 0 9a4.5 4.5 0 0 1 0-9zm9 2a3.5 3.5 0 1 1 0 7a3.5 3.5 0 0 1 0-7zm-9-.5c-1.654 0-3 1.346-3 3s1.346 3 3 3s3-1.346 3-3s-1.346-3-3-3zm9 2c-1.103 0-2 .897-2 2s.897 2 2 2s2-.897 2-2s-.897-2-2-2z\" fill=\"currentColor\"\/><\/g>\n                    <\/svg><br \/>\n                                <select name=\"residents\" id=\"selectedAdultCount\" data-qs=\"select-adult\" data-min-people=\"1\"><option value=\"30\"\n                                            ><br \/>\n                                                1 Person                                            <\/option><option value=\"30,30\"\n                                            ><br \/>\n                                                2 Personen                                            <\/option><option value=\"30,30,30\"\n                                            ><br \/>\n                                                3 Personen                                            <\/option><option value=\"30,30,30,30\"\n                                            ><br \/>\n                                                4 Personen                                            <\/option><option value=\"30,30,30,30,30\"\n                                            ><br \/>\n                                                5 Personen                                            <\/option><option value=\"30,30,30,30,30,30\"\n                                            ><br \/>\n                                                6 Personen                                            <\/option><option value=\"30,30,30,30,30,30,30\"\n                                            ><br \/>\n                                                7 Personen                                            <\/option><option value=\"30,30,30,30,30,30,30,30\"\n                                            ><br \/>\n                                                8 Personen                                            <\/option><\/select><br \/>\n                                                    <\/label><br \/>\n                    <input\n                                                    type=\"submit\" value=\"Buchen\"><br \/>\n                                    <meta itemprop=\"name\" content=\"Domaine le Clos des Fontaines\"><br \/>\n                                    Offizielle Website :<br \/>\n                                    -<br \/>\n                                     \u20ac<br \/>\n                                        Andere Seiten :<br \/>\n                                            -<br \/>\n                                             \u20ac<br \/>\n                                                                Keine Verf\u00fcgbarkeit<br \/>\n                                                                    Andere Seiten : Keine Verf\u00fcgbarkeit<br \/>\n                                                                Laden...<br \/>\n                <\/form>\n<p>                                    <svg xmlns=\"http:\/\/www.w3.org\/2000\/svg\" xmlns:xlink=\"http:\/\/www.w3.org\/1999\/xlink\" aria-hidden=\"true\" role=\"img\" width=\"1em\" height=\"1em\" preserveaspectratio=\"xMidYMid meet\" viewbox=\"0 0 16 16\"><g fill=\"none\"><path d=\"M14 11.5V6H2v5.5A2.5 2.5 0 0 0 4.5 14h7a2.5 2.5 0 0 0 2.5-2.5zM5.997 8.248a.748.748 0 1 1-1.497 0a.748.748 0 0 1 1.497 0zm0 2.5a.748.748 0 1 1-1.497 0a.748.748 0 0 1 1.497 0zm2.752-2.5a.748.748 0 1 1-1.497 0a.748.748 0 0 1 1.497 0zm0 2.5a.748.748 0 1 1-1.497 0a.748.748 0 0 1 1.497 0zm2.748-2.5a.748.748 0 1 1-1.497 0a.748.748 0 0 1 1.497 0zM14 4.5A2.5 2.5 0 0 0 11.5 2h-7A2.5 2.5 0 0 0 2 4.5V5h12v-.5z\" fill=\"currentColor\"><\/path><\/g><\/svg><br \/>\n                                25\/01 - 26\/01<br \/>\n                                    <svg xmlns=\"http:\/\/www.w3.org\/2000\/svg\" xmlns:xlink=\"http:\/\/www.w3.org\/1999\/xlink\" aria-hidden=\"true\" role=\"img\" width=\"1em\" height=\"1em\" preserveaspectratio=\"xMidYMid meet\" viewbox=\"0 0 16 16\"><g fill=\"none\"><path d=\"M8.496 8a1.5 1.5 0 0 1 1.5 1.5l-.001.748c.103 1.837-1.312 2.753-3.935 2.753C3.446 13 2 12.097 2 10.275V9.5A1.5 1.5 0 0 1 3.5 8h4.996zm4 0a1.5 1.5 0 0 1 1.5 1.5v.527c.09 1.647-1.16 2.473-3.444 2.473c-.31 0-.602-.015-.874-.045c.536-.496.823-1.168.822-2.018l-.006-.217l.002-.72c0-.598-.262-1.134-.678-1.5h2.678zM6 2a2.5 2.5 0 1 1 0 5a2.5 2.5 0 0 1 0-5zm5 1a2 2 0 1 1 0 4a2 2 0 0 1 0-4z\" fill=\"currentColor\"\/><\/g><\/svg><br \/>\n                                2<br \/>\n                                <svg xmlns=\"http:\/\/www.w3.org\/2000\/svg\" xmlns:xlink=\"http:\/\/www.w3.org\/1999\/xlink\" aria-hidden=\"true\" role=\"img\" width=\"1em\" height=\"1em\" preserveaspectratio=\"xMidYMid meet\" viewbox=\"0 0 24 24\"><path d=\"M16.59 8.59L12 13.17L7.41 8.59L6 10l6 6l6-6z\" fill=\"currentColor\"\/><\/svg><br \/>\n                                <svg xmlns=\"http:\/\/www.w3.org\/2000\/svg\" xmlns:xlink=\"http:\/\/www.w3.org\/1999\/xlink\" aria-hidden=\"true\" role=\"img\" width=\"1em\" height=\"1em\" preserveaspectratio=\"xMidYMid meet\" viewbox=\"0 0 24 24\"><path d=\"M12 8l-6 6l1.41 1.41L12 10.83l4.59 4.58L18 14z\" fill=\"currentColor\"\/><\/svg><\/p>\n<form data-action=\"eliophot-qs\" data-moteur=\"rv\" action=\"https:\/\/api.eliophot.fr\/booking\/redirect\" method=\"GET\" target=\"_blank\">\n                        <input type=\"hidden\" name=\"langcode\" value=\"fr\"><br \/>\n                                    <label for=\"MB69766eace2e7e\">Datum der Ankunft<\/label><br \/>\n                                        <input type=\"date\"\n                                               id=\"MB69766eace2e7e\"\n                                               value=\"2026-01-25\"\n                                               required=\"\"\n                                               name=\"startdate\"\n                                               min=\"2026-01-25\"><br \/>\n                                            <svg xmlns=\"http:\/\/www.w3.org\/2000\/svg\" xmlns:xlink=\"http:\/\/www.w3.org\/1999\/xlink\" aria-hidden=\"true\" role=\"img\" width=\"1em\" height=\"1em\" preserveaspectratio=\"xMidYMid meet\" viewbox=\"0 0 16 16\"><g fill=\"none\"><path d=\"M14 11.5V6H2v5.5A2.5 2.5 0 0 0 4.5 14h7a2.5 2.5 0 0 0 2.5-2.5zM5.997 8.248a.748.748 0 1 1-1.497 0a.748.748 0 0 1 1.497 0zm0 2.5a.748.748 0 1 1-1.497 0a.748.748 0 0 1 1.497 0zm2.752-2.5a.748.748 0 1 1-1.497 0a.748.748 0 0 1 1.497 0zm0 2.5a.748.748 0 1 1-1.497 0a.748.748 0 0 1 1.497 0zm2.748-2.5a.748.748 0 1 1-1.497 0a.748.748 0 0 1 1.497 0zM14 4.5A2.5 2.5 0 0 0 11.5 2h-7A2.5 2.5 0 0 0 2 4.5V5h12v-.5z\" fill=\"currentColor\"\/><\/g><\/svg><br \/>\n                                    <label for=\"ME69766eace2e7e\">Datum der Abreise<\/label><br \/>\n                                        <input type=\"date\"-\n id=\"ME69766eace2e7e\"\n                                               value=\"2026-01-26\"\n                                               required=\"\"\n                                               name=\"enddate\"\n                                               min=\"2026-01-26\"><br \/>\n                                            <svg xmlns=\"http:\/\/www.w3.org\/2000\/svg\" xmlns:xlink=\"http:\/\/www.w3.org\/1999\/xlink\" aria-hidden=\"true\" role=\"img\" width=\"1em\" height=\"1em\" preserveaspectratio=\"xMidYMid meet\" viewbox=\"0 0 16 16\"><g fill=\"none\"><path d=\"M14 11.5V6H2v5.5A2.5 2.5 0 0 0 4.5 14h7a2.5 2.5 0 0 0 2.5-2.5zM5.997 8.248a.748.748 0 1 1-1.497 0a.748.748 0 0 1 1.497 0zm0 2.5a.748.748 0 1 1-1.497 0a.748.748 0 0 1 1.497 0zm2.752-2.5a.748.748 0 1 1-1.497 0a.748.748 0 0 1 1.497 0zm0 2.5a.748.748 0 1 1-1.497 0a.748.748 0 0 1 1.497 0zm2.748-2.5a.748.748 0 1 1-1.497 0a.748.748 0 0 1 1.497 0zM14 4.5A2.5 2.5 0 0 0 11.5 2h-7A2.5 2.5 0 0 0 2 4.5V5h12v-.5z\" fill=\"currentColor\"\/><\/g><\/svg><br \/>\n                                    <label for=\"selectedAdultCount69766eace2e7e\">Anzahl der Personen<\/label><br \/>\n                                        <select name=\"residents\" id=\"selectedAdultCount69766eace2e7e\"><option value=\"30\">1 Person                                                    <\/option><option value=\"30,30\">2 Personen                                                    <\/option><option value=\"30,30,30\">3 Personen                                                    <\/option><option value=\"30,30,30,30\">4 Personen                                                    <\/option><option value=\"30,30,30,30,30\">5 Personen                                                    <\/option><option value=\"30,30,30,30,30,30\">6 Personen                                                    <\/option><option value=\"30,30,30,30,30,30,30\">7 Personen                                                    <\/option><option value=\"30,30,30,30,30,30,30,30\">8 Personen                                                    <\/option><\/select><br \/>\n                                            <svg xmlns=\"http:\/\/www.w3.org\/2000\/svg\" xmlns:xlink=\"http:\/\/www.w3.org\/1999\/xlink\" aria-hidden=\"true\" role=\"img\" width=\"1em\" height=\"1em\" preserveaspectratio=\"xMidYMid meet\" viewbox=\"0 0 24 24\"><path fill=\"currentColor\" d=\"M12 16a1 1 0 0 1-.64-.23l-6-5a1 1 0 1 1 1.28-1.54L12 13.71l5.36-4.32a1 1 0 0 1 1.41.15a1 1 0 0 1-.14 1.46l-6 4.83A1 1 0 0 1 12 16z\"\/><\/svg><br \/>\n                                        Andere Seiten :<br \/>\n                                        670,68<br \/>\n                                         \u20ac<br \/>\n                                        Offizielle Website :<br \/>\n                                            621<br \/>\n                                             \u20ac<br \/>\n                                    Laden...<br \/>\n                                    Keine Verf\u00fcgbarkeit<br \/>\n                                        Andere Seiten : Keine Verf\u00fcgbarkeit<br \/>\n                                    <input type=\"submit\" value=\"Buchen\"><br \/>\n                        <!--\n                        <label for=\"MB69766eace2e7e\">25\/01<\/label>\n                        <input type=\"hidden\" name=\"startdate\" value=\"2026-01-26\">\n                        <label for=\"ME69766eace2e7e\">26\/01<\/label>\n                        <input type=\"hidden\" name=\"enddate\" value=\"2026-01-26\">\n                        --><br \/>\n                    <\/form>","protected":false},"excerpt":{"rendered":"<p>LES Chambres \u00ab CONFORT \u00bb Elles sont situ\u00e9es dans le b\u00e2timent d\u00e9nomm\u00e9 \u00ab L&rsquo;Armada \u00bb, en l&rsquo;honneur de la grande et majestueuse manifestation qui rassemble tous les 4 \u00e0 6 ans \u00e0 Rouen, les plus grands et plus beaux voiliers du monde. Baptis\u00e9es en l\u2019honneur de voiles marines, spacieuses et confortables, elles vous proposent un [&hellip;]<\/p>\n","protected":false},"author":13,"featured_media":0,"parent":153,"menu_order":0,"comment_status":"closed","ping_status":"closed","template":"","meta":{"inline_featured_image":false,"footnotes":""},"class_list":["post-3588","page","type-page","status-publish","hentry"],"_links":{"self":[{"href":"https:\/\/www.leclosdesfontaines.com\/de\/wp-json\/wp\/v2\/pages\/3588","targetHints":{"allow":["GET"]}}],"collection":[{"href":"https:\/\/www.leclosdesfontaines.com\/de\/wp-json\/wp\/v2\/pages"}],"about":[{"href":"https:\/\/www.leclosdesfontaines.com\/de\/wp-json\/wp\/v2\/types\/page"}],"author":[{"embeddable":true,"href":"https:\/\/www.leclosdesfontaines.com\/de\/wp-json\/wp\/v2\/users\/13"}],"replies":[{"embeddable":true,"href":"https:\/\/www.leclosdesfontaines.com\/de\/wp-json\/wp\/v2\/comments?post=3588"}],"version-history":[{"count":4,"href":"https:\/\/www.leclosdesfontaines.com\/de\/wp-json\/wp\/v2\/pages\/3588\/revisions"}],"predecessor-version":[{"id":3702,"href":"https:\/\/www.leclosdesfontaines.com\/de\/wp-json\/wp\/v2\/pages\/3588\/revisions\/3702"}],"up":[{"embeddable":true,"href":"https:\/\/www.leclosdesfontaines.com\/de\/wp-json\/wp\/v2\/pages\/153"}],"wp:attachment":[{"href":"https:\/\/www.leclosdesfontaines.com\/de\/wp-json\/wp\/v2\/media?parent=3588"}],"curies":[{"name":"wp","href":"https:\/\/api.w.org\/{rel}","templated":true}]}}