{"id":156,"date":"2022-04-19T12:24:22","date_gmt":"2022-04-19T10:24:22","guid":{"rendered":"https:\/\/www.leclosdesfontaines.com\/?page_id=156"},"modified":"2026-03-04T14:48:51","modified_gmt":"2026-03-04T13:48:51","slug":"spa","status":"publish","type":"page","link":"https:\/\/www.leclosdesfontaines.com\/en\/spa\/","title":{"rendered":"SPA"},"content":{"rendered":"\t\t<div data-elementor-type=\"wp-page\" data-elementor-id=\"156\" class=\"elementor elementor-156\" data-elementor-post-type=\"page\">\n\t\t\t\t\t\t<section class=\"elementor-section elementor-top-section elementor-element elementor-element-585ae283 elementor-section-stretched elementor-section-height-min-height elementor-section-items-bottom elementor-section-boxed elementor-section-height-default\" data-id=\"585ae283\" data-element_type=\"section\" data-e-type=\"section\" data-settings=\"{&quot;stretch_section&quot;:&quot;section-stretched&quot;,&quot;background_background&quot;:&quot;slideshow&quot;,&quot;background_slideshow_gallery&quot;:[{&quot;id&quot;:2589,&quot;url&quot;:&quot;https:\\\/\\\/www.leclosdesfontaines.com\\\/wp-content\\\/uploads\\\/2022\\\/10\\\/MG_4487.jpg&quot;},{&quot;id&quot;:1075,&quot;url&quot;:&quot;https:\\\/\\\/www.leclosdesfontaines.com\\\/wp-content\\\/uploads\\\/2022\\\/04\\\/IMG_0486-1.jpg&quot;},{&quot;id&quot;:1348,&quot;url&quot;:&quot;https:\\\/\\\/www.leclosdesfontaines.com\\\/wp-content\\\/uploads\\\/2022\\\/04\\\/web_le_clos_des_fontaines_normandie_0003_Photos-151.jpg&quot;}],&quot;background_slideshow_loop&quot;:&quot;yes&quot;,&quot;background_slideshow_slide_duration&quot;:5000,&quot;background_slideshow_slide_transition&quot;:&quot;fade&quot;,&quot;background_slideshow_transition_duration&quot;:500}\">\n\t\t\t\t\t\t\t<div class=\"elementor-background-overlay\"><\/div>\n\t\t\t\t\t\t\t<div class=\"elementor-container elementor-column-gap-default\">\n\t\t\t\t\t<div class=\"elementor-column elementor-col-100 elementor-top-column elementor-element elementor-element-e18d826\" data-id=\"e18d826\" data-element_type=\"column\" data-e-type=\"column\">\n\t\t\t<div class=\"elementor-widget-wrap\">\n\t\t\t\t\t\t\t<\/div>\n\t\t<\/div>\n\t\t\t\t\t<\/div>\n\t\t<\/section>\n\t\t\t\t<section class=\"elementor-section elementor-top-section elementor-element elementor-element-35da4740 elementor-section-boxed elementor-section-height-default elementor-section-height-default\" data-id=\"35da4740\" data-element_type=\"section\" data-e-type=\"section\" data-settings=\"{&quot;background_background&quot;:&quot;classic&quot;}\">\n\t\t\t\t\t\t\t<div class=\"elementor-background-overlay\"><\/div>\n\t\t\t\t\t\t\t<div class=\"elementor-container elementor-column-gap-wide\">\n\t\t\t\t\t<div class=\"elementor-column elementor-col-50 elementor-top-column elementor-element elementor-element-32f9b82c\" data-id=\"32f9b82c\" data-element_type=\"column\" data-e-type=\"column\" data-settings=\"{&quot;background_background&quot;:&quot;classic&quot;}\">\n\t\t\t<div class=\"elementor-widget-wrap elementor-element-populated\">\n\t\t\t\t\t<div class=\"elementor-background-overlay\"><\/div>\n\t\t\t\t\t\t<section class=\"elementor-section elementor-inner-section elementor-element elementor-element-3411a6ba bloctextegauche elementor-section-boxed elementor-section-height-default elementor-section-height-default\" data-id=\"3411a6ba\" data-element_type=\"section\" data-e-type=\"section\">\n\t\t\t\t\t\t<div class=\"elementor-container elementor-column-gap-default\">\n\t\t\t\t\t<div class=\"elementor-column elementor-col-100 elementor-inner-column elementor-element elementor-element-64ff1a81\" data-id=\"64ff1a81\" data-element_type=\"column\" data-e-type=\"column\">\n\t\t\t<div class=\"elementor-widget-wrap elementor-element-populated\">\n\t\t\t\t\t\t<div class=\"elementor-element elementor-element-60f3f24b elementor-widget elementor-widget-heading\" data-id=\"60f3f24b\" data-element_type=\"widget\" data-e-type=\"widget\" data-widget_type=\"heading.default\">\n\t\t\t\t<div class=\"elementor-widget-container\">\n\t\t\t\t\t<h1 class=\"elementor-heading-title elementor-size-default\">Le spa<\/h1>\t\t\t\t<\/div>\n\t\t\t\t<\/div>\n\t\t\t\t<div class=\"elementor-element elementor-element-3b5f749e elementor-widget elementor-widget-heading\" data-id=\"3b5f749e\" data-element_type=\"widget\" data-e-type=\"widget\" data-widget_type=\"heading.default\">\n\t\t\t\t<div class=\"elementor-widget-container\">\n\t\t\t\t\t<h3 class=\"elementor-heading-title elementor-size-default\">Domaine le Clos des Fontaines<\/h3>\t\t\t\t<\/div>\n\t\t\t\t<\/div>\n\t\t\t\t<div class=\"elementor-element elementor-element-69062d57 elementor-widget elementor-widget-text-editor\" data-id=\"69062d57\" data-element_type=\"widget\" data-e-type=\"widget\" data-widget_type=\"text-editor.default\">\n\t\t\t\t<div class=\"elementor-widget-container\">\n\t\t\t\t\t\t\t\t\t<p>Au c\u0153ur de la Normandie, notre H\u00f4tel &amp; Spa vous invite \u00e0 la plus grande d\u00e9contraction dans un espace enti\u00e8rement d\u00e9di\u00e9 \u00e0 votre bien-\u00eatre. Ouvert en juillet 2010, le Spa du Domaine le Clos des Fontaines vous propose une v\u00e9ritable ambiance cocooning aux teintes douces et d\u00e9licates pour favoriser vos longs moments de d\u00e9tente. Au sein d&rsquo;un espace de 100 m\u00b2 dot\u00e9 d&rsquo;installations modernes, vous pourrez profiter d&rsquo;un hammam, d&rsquo;un bain \u00e0 remous (en ext\u00e9rieur), de deux saunas mais aussi de la douceur de nos praticiennes qui vous proposeront une large gamme de soins.<\/p><p><strong>Notre Spa est r\u00e9serv\u00e9 au plus de 16 ans.<\/strong><\/p>\t\t\t\t\t\t\t\t<\/div>\n\t\t\t\t<\/div>\n\t\t\t\t<div class=\"elementor-element elementor-element-adc5394 elementor-widget elementor-widget-image\" data-id=\"adc5394\" data-element_type=\"widget\" data-e-type=\"widget\" data-widget_type=\"image.default\">\n\t\t\t\t<div class=\"elementor-widget-container\">\n\t\t\t\t\t\t\t\t\t\t\t\t\t\t\t<img decoding=\"async\" width=\"179\" height=\"50\" src=\"https:\/\/www.leclosdesfontaines.com\/wp-content\/uploads\/2022\/04\/cinq-mondes-logo.png\" class=\"attachment-large size-large wp-image-1392\" alt=\"\" srcset=\"https:\/\/www.leclosdesfontaines.com\/wp-content\/uploads\/2022\/04\/cinq-mondes-logo.png 179w, https:\/\/www.leclosdesfontaines.com\/wp-content\/uploads\/2022\/04\/cinq-mondes-logo-18x5.png 18w\" sizes=\"(max-width: 179px) 100vw, 179px\" title=\"Photo -\">\t\t\t\t\t\t\t\t\t\t\t\t\t\t\t<\/div>\n\t\t\t\t<\/div>\n\t\t\t\t<div class=\"elementor-element elementor-element-e1e4c44 elementor-align-left bouton reserver elementor-mobile-align-center elementor-widget elementor-widget-button\" data-id=\"e1e4c44\" data-element_type=\"widget\" data-e-type=\"widget\" data-widget_type=\"button.default\">\n\t\t\t\t<div class=\"elementor-widget-container\">\n\t\t\t\t\t\t\t\t\t<div class=\"elementor-button-wrapper\">\n\t\t\t\t\t<a class=\"elementor-button elementor-button-link elementor-size-xl\" href=\"https:\/\/www.leclosdesfontaines.com\/en\/spa\/reservation\/\">\n\t\t\t\t\t\t<span class=\"elementor-button-content-wrapper\">\n\t\t\t\t\t\t\t\t\t<span class=\"elementor-button-text\">Prendre un rendez-vous<\/span>\n\t\t\t\t\t<\/span>\n\t\t\t\t\t<\/a>\n\t\t\t\t<\/div>\n\t\t\t\t\t\t\t\t<\/div>\n\t\t\t\t<\/div>\n\t\t\t\t\t<\/div>\n\t\t<\/div>\n\t\t\t\t\t<\/div>\n\t\t<\/section>\n\t\t\t\t\t<\/div>\n\t\t<\/div>\n\t\t\t\t<div class=\"elementor-column elementor-col-50 elementor-top-column elementor-element elementor-element-4c600b7f\" data-id=\"4c600b7f\" data-element_type=\"column\" data-e-type=\"column\">\n\t\t\t<div class=\"elementor-widget-wrap elementor-element-populated\">\n\t\t\t\t\t\t<div class=\"elementor-element elementor-element-69ba8fcb elementor-hidden-tablet elementor-hidden-phone elementor-widget elementor-widget-image\" data-id=\"69ba8fcb\" data-element_type=\"widget\" data-e-type=\"widget\" data-widget_type=\"image.default\">\n\t\t\t\t<div class=\"elementor-widget-container\">\n\t\t\t\t\t\t\t\t\t\t\t\t\t\t\t<img fetchpriority=\"high\" decoding=\"async\" width=\"800\" height=\"600\" src=\"https:\/\/www.leclosdesfontaines.com\/wp-content\/uploads\/2022\/05\/IMG20220521155008-1024x768.jpg\" class=\"attachment-large size-large wp-image-2202\" alt=\"\" srcset=\"https:\/\/www.leclosdesfontaines.com\/wp-content\/uploads\/2022\/05\/IMG20220521155008-1024x768.jpg 1024w, https:\/\/www.leclosdesfontaines.com\/wp-content\/uploads\/2022\/05\/IMG20220521155008-300x225.jpg 300w, https:\/\/www.leclosdesfontaines.com\/wp-content\/uploads\/2022\/05\/IMG20220521155008-768x576.jpg 768w, https:\/\/www.leclosdesfontaines.com\/wp-content\/uploads\/2022\/05\/IMG20220521155008-1536x1152.jpg 1536w, https:\/\/www.leclosdesfontaines.com\/wp-content\/uploads\/2022\/05\/IMG20220521155008-2048x1536.jpg 2048w, https:\/\/www.leclosdesfontaines.com\/wp-content\/uploads\/2022\/05\/IMG20220521155008-16x12.jpg 16w\" sizes=\"(max-width: 800px) 100vw, 800px\" title=\"Photo -\">\t\t\t\t\t\t\t\t\t\t\t\t\t\t\t<\/div>\n\t\t\t\t<\/div>\n\t\t\t\t\t<\/div>\n\t\t<\/div>\n\t\t\t\t\t<\/div>\n\t\t<\/section>\n\t\t\t\t<section class=\"elementor-section elementor-top-section elementor-element elementor-element-21b8ec67 elementor-section-boxed elementor-section-height-default elementor-section-height-default\" data-id=\"21b8ec67\" data-element_type=\"section\" data-e-type=\"section\" data-settings=\"{&quot;background_background&quot;:&quot;classic&quot;}\">\n\t\t\t\t\t\t<div class=\"elementor-container elementor-column-gap-default\">\n\t\t\t\t\t<div class=\"elementor-column elementor-col-66 elementor-top-column elementor-element elementor-element-4f30ff16\" data-id=\"4f30ff16\" data-element_type=\"column\" data-e-type=\"column\">\n\t\t\t<div class=\"elementor-widget-wrap elementor-element-populated\">\n\t\t\t\t\t\t<div class=\"elementor-element elementor-element-ec8fa2f elementor-widget elementor-widget-image\" data-id=\"ec8fa2f\" data-element_type=\"widget\" data-e-type=\"widget\" data-widget_type=\"image.default\">\n\t\t\t\t<div class=\"elementor-widget-container\">\n\t\t\t\t\t\t\t\t\t\t\t\t\t\t\t<img decoding=\"async\" width=\"800\" height=\"533\" src=\"https:\/\/www.leclosdesfontaines.com\/wp-content\/uploads\/2022\/10\/Photos-176-1024x682.jpg\" class=\"attachment-large size-large wp-image-2460\" alt=\"\" srcset=\"https:\/\/www.leclosdesfontaines.com\/wp-content\/uploads\/2022\/10\/Photos-176-1024x682.jpg 1024w, https:\/\/www.leclosdesfontaines.com\/wp-content\/uploads\/2022\/10\/Photos-176-300x200.jpg 300w, https:\/\/www.leclosdesfontaines.com\/wp-content\/uploads\/2022\/10\/Photos-176-768x512.jpg 768w, https:\/\/www.leclosdesfontaines.com\/wp-content\/uploads\/2022\/10\/Photos-176-1536x1024.jpg 1536w, https:\/\/www.leclosdesfontaines.com\/wp-content\/uploads\/2022\/10\/Photos-176-2048x1365.jpg 2048w, https:\/\/www.leclosdesfontaines.com\/wp-content\/uploads\/2022\/10\/Photos-176-18x12.jpg 18w\" sizes=\"(max-width: 800px) 100vw, 800px\" title=\"Photo -\">\t\t\t\t\t\t\t\t\t\t\t\t\t\t\t<\/div>\n\t\t\t\t<\/div>\n\t\t\t\t\t<\/div>\n\t\t<\/div>\n\t\t\t\t<div class=\"elementor-column elementor-col-33 elementor-top-column elementor-element elementor-element-25d08184\" data-id=\"25d08184\" data-element_type=\"column\" data-e-type=\"column\">\n\t\t\t<div class=\"elementor-widget-wrap elementor-element-populated\">\n\t\t\t\t\t\t<section class=\"elementor-section elementor-inner-section elementor-element elementor-element-5deaf4b4 bloctextedroite elementor-section-boxed elementor-section-height-default elementor-section-height-default\" data-id=\"5deaf4b4\" data-element_type=\"section\" data-e-type=\"section\">\n\t\t\t\t\t\t<div class=\"elementor-container elementor-column-gap-default\">\n\t\t\t\t\t<div class=\"elementor-column elementor-col-100 elementor-inner-column elementor-element elementor-element-76b3405a\" data-id=\"76b3405a\" data-element_type=\"column\" data-e-type=\"column\">\n\t\t\t<div class=\"elementor-widget-wrap elementor-element-populated\">\n\t\t\t\t\t\t<div class=\"elementor-element elementor-element-47dbba25 elementor-widget elementor-widget-heading\" data-id=\"47dbba25\" data-element_type=\"widget\" data-e-type=\"widget\" data-widget_type=\"heading.default\">\n\t\t\t\t<div class=\"elementor-widget-container\">\n\t\t\t\t\t<h2 class=\"elementor-heading-title elementor-size-default\">D\u00e9tente<\/h2>\t\t\t\t<\/div>\n\t\t\t\t<\/div>\n\t\t\t\t<div class=\"elementor-element elementor-element-17a0a492 elementor-widget elementor-widget-heading\" data-id=\"17a0a492\" data-element_type=\"widget\" data-e-type=\"widget\" data-widget_type=\"heading.default\">\n\t\t\t\t<div class=\"elementor-widget-container\">\n\t\t\t\t\t<h3 class=\"elementor-heading-title elementor-size-default\">Hammam, saunas, bain \u00e0 remous...<\/h3>\t\t\t\t<\/div>\n\t\t\t\t<\/div>\n\t\t\t\t<div class=\"elementor-element elementor-element-273a7524 elementor-widget elementor-widget-text-editor\" data-id=\"273a7524\" data-element_type=\"widget\" data-e-type=\"widget\" data-widget_type=\"text-editor.default\">\n\t\t\t\t<div class=\"elementor-widget-container\">\n\t\t\t\t\t\t\t\t\t<p>Au sein de notre spa, vous pourrez vous relaxer dans le hammam tout en profitant de son action b\u00e9n\u00e9fique sur la peau. Si vous pr\u00e9f\u00e9rez vous d\u00e9tendre sous l&rsquo;effet d&rsquo;une chaleur s\u00e8che, celui-ci dispose \u00e9galement de deux saunas : le sauna finlandais traditionnel et le sauna infrarouge, recommand\u00e9s pour les personnes qui ne supportent pas les fortes chaleurs. En ext\u00e9rieur, vous pourrez aussi profiter de notre piscine chauff\u00e9e (en saison) et de notre bain \u00e0 remous, v\u00e9ritables sources de bien-\u00eatre.<\/p>\t\t\t\t\t\t\t\t<\/div>\n\t\t\t\t<\/div>\n\t\t\t\t<div class=\"elementor-element elementor-element-70538ed2 elementor-align-left bouton reserver elementor-mobile-align-center elementor-widget elementor-widget-button\" data-id=\"70538ed2\" data-element_type=\"widget\" data-e-type=\"widget\" data-widget_type=\"button.default\">\n\t\t\t\t<div class=\"elementor-widget-container\">\n\t\t\t\t\t\t\t\t\t<div class=\"elementor-button-wrapper\">\n\t\t\t\t\t<a class=\"elementor-button elementor-button-link elementor-size-xl\" href=\"https:\/\/www.leclosdesfontaines.com\/en\/spa\/nos-equipements\/\">\n\t\t\t\t\t\t<span class=\"elementor-button-content-wrapper\">\n\t\t\t\t\t\t\t\t\t<span class=\"elementor-button-text\">Nos \u00e9quipements<\/span>\n\t\t\t\t\t<\/span>\n\t\t\t\t\t<\/a>\n\t\t\t\t<\/div>\n\t\t\t\t\t\t\t\t<\/div>\n\t\t\t\t<\/div>\n\t\t\t\t\t<\/div>\n\t\t<\/div>\n\t\t\t\t\t<\/div>\n\t\t<\/section>\n\t\t\t\t\t<\/div>\n\t\t<\/div>\n\t\t\t\t\t<\/div>\n\t\t<\/section>\n\t\t\t\t<section class=\"elementor-section elementor-top-section elementor-element elementor-element-4d794549 elementor-reverse-mobile elementor-reverse-tablet elementor-section-boxed elementor-section-height-default elementor-section-height-default\" data-id=\"4d794549\" data-element_type=\"section\" data-e-type=\"section\">\n\t\t\t\t\t\t<div class=\"elementor-container elementor-column-gap-default\">\n\t\t\t\t\t<div class=\"elementor-column elementor-col-50 elementor-top-column elementor-element elementor-element-11b46226\" data-id=\"11b46226\" data-element_type=\"column\" data-e-type=\"column\">\n\t\t\t<div class=\"elementor-widget-wrap elementor-element-populated\">\n\t\t\t\t\t\t<section class=\"elementor-section elementor-inner-section elementor-element elementor-element-1cbe5856 bloctextegauche elementor-section-boxed elementor-section-height-default elementor-section-height-default\" data-id=\"1cbe5856\" data-element_type=\"section\" data-e-type=\"section\">\n\t\t\t\t\t\t<div class=\"elementor-container elementor-column-gap-default\">\n\t\t\t\t\t<div class=\"elementor-column elementor-col-100 elementor-inner-column elementor-element elementor-element-74b705eb\" data-id=\"74b705eb\" data-element_type=\"column\" data-e-type=\"column\">\n\t\t\t<div class=\"elementor-widget-wrap elementor-element-populated\">\n\t\t\t\t\t\t<div class=\"elementor-element elementor-element-70bfbc73 elementor-widget elementor-widget-heading\" data-id=\"70bfbc73\" data-element_type=\"widget\" data-e-type=\"widget\" data-widget_type=\"heading.default\">\n\t\t\t\t<div class=\"elementor-widget-container\">\n\t\t\t\t\t<h1 class=\"elementor-heading-title elementor-size-default\">Massages &amp; Soins<\/h1>\t\t\t\t<\/div>\n\t\t\t\t<\/div>\n\t\t\t\t<div class=\"elementor-element elementor-element-3b1021d elementor-widget elementor-widget-heading\" data-id=\"3b1021d\" data-element_type=\"widget\" data-e-type=\"widget\" data-widget_type=\"heading.default\">\n\t\t\t\t<div class=\"elementor-widget-container\">\n\t\t\t\t\t<h3 class=\"elementor-heading-title elementor-size-default\">Dans notre H\u00f4tel &amp; Spa en Normandie<\/h3>\t\t\t\t<\/div>\n\t\t\t\t<\/div>\n\t\t\t\t<div class=\"elementor-element elementor-element-4b4a7163 elementor-widget elementor-widget-text-editor\" data-id=\"4b4a7163\" data-element_type=\"widget\" data-e-type=\"widget\" data-widget_type=\"text-editor.default\">\n\t\t\t\t<div class=\"elementor-widget-container\">\n\t\t\t\t\t\t\t\t\t<p>\u00c0 travers des produits authentiques et des soins r\u00e9alis\u00e9s par des mains expertes, notre spa vous transporte dans un univers de douceur et de s\u00e9r\u00e9nit\u00e9, pour retrouver l&rsquo;harmonie entre le corps et l\u2019esprit.<\/p><p>Le Spa du Domaine le Clos des Fontaines utilise des produits 5 Mondes pour des rituels de soin de la meilleure qualit\u00e9.\u00a0<\/p>\t\t\t\t\t\t\t\t<\/div>\n\t\t\t\t<\/div>\n\t\t\t\t<div class=\"elementor-element elementor-element-4ef0890f elementor-align-left bouton reserver elementor-mobile-align-center elementor-widget elementor-widget-button\" data-id=\"4ef0890f\" data-element_type=\"widget\" data-e-type=\"widget\" data-widget_type=\"button.default\">\n\t\t\t\t<div class=\"elementor-widget-container\">\n\t\t\t\t\t\t\t\t\t<div class=\"elementor-button-wrapper\">\n\t\t\t\t\t<a class=\"elementor-button elementor-button-link elementor-size-xl\" href=\"https:\/\/www.leclosdesfontaines.com\/wp-content\/uploads\/2024\/01\/Menu-des-Soins-2024.pdf\">\n\t\t\t\t\t\t<span class=\"elementor-button-content-wrapper\">\n\t\t\t\t\t\t\t\t\t<span class=\"elementor-button-text\">Nos massages &amp; Soins<\/span>\n\t\t\t\t\t<\/span>\n\t\t\t\t\t<\/a>\n\t\t\t\t<\/div>\n\t\t\t\t\t\t\t\t<\/div>\n\t\t\t\t<\/div>\n\t\t\t\t\t<\/div>\n\t\t<\/div>\n\t\t\t\t\t<\/div>\n\t\t<\/section>\n\t\t\t\t\t<\/div>\n\t\t<\/div>\n\t\t\t\t<div class=\"elementor-column elementor-col-50 elementor-top-column elementor-element elementor-element-2556e2e0\" data-id=\"2556e2e0\" data-element_type=\"column\" data-e-type=\"column\">\n\t\t\t<div class=\"elementor-widget-wrap elementor-element-populated\">\n\t\t\t\t\t\t<div class=\"elementor-element elementor-element-3c5653ab elementor-widget elementor-widget-image\" data-id=\"3c5653ab\" data-element_type=\"widget\" data-e-type=\"widget\" data-widget_type=\"image.default\">\n\t\t\t\t<div class=\"elementor-widget-container\">\n\t\t\t\t\t\t\t\t\t\t\t\t\t\t\t<img loading=\"lazy\" decoding=\"async\" width=\"800\" height=\"500\" src=\"https:\/\/www.leclosdesfontaines.com\/wp-content\/uploads\/2022\/04\/web_le_clos_des_fontaines_normandie_0003_Photos-151-1024x640.jpg\" class=\"attachment-large size-large wp-image-1348\" alt=\"\" srcset=\"https:\/\/www.leclosdesfontaines.com\/wp-content\/uploads\/2022\/04\/web_le_clos_des_fontaines_normandie_0003_Photos-151-1024x640.jpg 1024w, https:\/\/www.leclosdesfontaines.com\/wp-content\/uploads\/2022\/04\/web_le_clos_des_fontaines_normandie_0003_Photos-151-300x188.jpg 300w, https:\/\/www.leclosdesfontaines.com\/wp-content\/uploads\/2022\/04\/web_le_clos_des_fontaines_normandie_0003_Photos-151-768x480.jpg 768w, https:\/\/www.leclosdesfontaines.com\/wp-content\/uploads\/2022\/04\/web_le_clos_des_fontaines_normandie_0003_Photos-151-1536x960.jpg 1536w, https:\/\/www.leclosdesfontaines.com\/wp-content\/uploads\/2022\/04\/web_le_clos_des_fontaines_normandie_0003_Photos-151-18x12.jpg 18w, https:\/\/www.leclosdesfontaines.com\/wp-content\/uploads\/2022\/04\/web_le_clos_des_fontaines_normandie_0003_Photos-151.jpg 1920w\" sizes=\"(max-width: 800px) 100vw, 800px\" title=\"Photo -\">\t\t\t\t\t\t\t\t\t\t\t\t\t\t\t<\/div>\n\t\t\t\t<\/div>\n\t\t\t\t\t<\/div>\n\t\t<\/div>\n\t\t\t\t\t<\/div>\n\t\t<\/section>\n\t\t\t\t<section class=\"elementor-section elementor-top-section elementor-element elementor-element-f00a701 elementor-section-boxed elementor-section-height-default elementor-section-height-default\" data-id=\"f00a701\" data-element_type=\"section\" data-e-type=\"section\" data-settings=\"{&quot;background_background&quot;:&quot;classic&quot;}\">\n\t\t\t\t\t\t<div class=\"elementor-container elementor-column-gap-default\">\n\t\t\t\t\t<div class=\"elementor-column elementor-col-100 elementor-top-column elementor-element elementor-element-245b2a59\" data-id=\"245b2a59\" data-element_type=\"column\" data-e-type=\"column\">\n\t\t\t<div class=\"elementor-widget-wrap elementor-element-populated\">\n\t\t\t\t\t\t<div class=\"elementor-element elementor-element-12879fe2 elementor-widget elementor-widget-heading\" data-id=\"12879fe2\" data-element_type=\"widget\" data-e-type=\"widget\" data-widget_type=\"heading.default\">\n\t\t\t\t<div class=\"elementor-widget-container\">\n\t\t\t\t\t<h2 class=\"elementor-heading-title elementor-size-default\">informations compl\u00e9mentaires<\/h2>\t\t\t\t<\/div>\n\t\t\t\t<\/div>\n\t\t\t\t<div class=\"elementor-element elementor-element-d3efd6e elementor-widget elementor-widget-text-editor\" data-id=\"d3efd6e\" data-element_type=\"widget\" data-e-type=\"widget\" data-widget_type=\"text-editor.default\">\n\t\t\t\t<div class=\"elementor-widget-container\">\n\t\t\t\t\t\t\t\t\t<p><strong>Acc\u00e8s au SPA :<\/strong><\/p><ul><li>Acc\u00e8s au SPA pour les r\u00e9sidents de l\u2019h\u00f4tel : 15\u20ac par personne et par nuit pour les cat\u00e9gories chambre classique et\/ou confort, offert pour les cat\u00e9gories suite, suite sup\u00e9rieure et duplex<\/li><li>Acc\u00e8s au SPA pour les non-r\u00e9sidents de l\u2019h\u00f4tel : 38 \u20ac par personne (sur un cr\u00e9neau de 3h et sur r\u00e9servation).<\/li><\/ul><p><b>Pour tout soin d&rsquo;au moins 50 min l acc\u00e8s au SPA est offert.<\/b><\/p><ul><li>Votre \u00ab Espace D\u00e9tente \u00bb est ouvert tous les jours (sauf entre No\u00ebl et Jour de l&rsquo;An) de 10h \u00e0 20h (sur r\u00e9servation uniquement),<\/li><li>Horaires des soins : tous les jours de 10h \u00e0 20h (sur r\u00e9servation uniquement),<\/li><li>Tous les modelages effectu\u00e9s sont des massages \u00e0 but non-th\u00e9rapeutique,<\/li><li>Port d\u2019un maillot de bain et tongs obligatoires,<\/li><li>Serviettes \u00e0 disposition sur place,<\/li><li>Hammam, Saunas et Bain \u00e0 remous sont contre-indiqu\u00e9s pour les femmes enceintes, les personnes cardiaques ou souffrant de probl\u00e8mes de sant\u00e9 cons\u00e9quents.<\/li><\/ul><p><b><i>Notre Spa est un espace de bien-\u00eatre pour tous. Nous vous remercions de respecter les r\u00e8gles de savoir-vivre, de silence et d\u2019hygi\u00e8ne propre \u00e0 ce lieu.<\/i><\/b><\/p>\t\t\t\t\t\t\t\t<\/div>\n\t\t\t\t<\/div>\n\t\t\t\t<div class=\"elementor-element elementor-element-272a461 elementor-widget elementor-widget-gallery\" data-id=\"272a461\" data-element_type=\"widget\" data-e-type=\"widget\" data-settings=\"{&quot;lazyload&quot;:&quot;yes&quot;,&quot;gallery_layout&quot;:&quot;grid&quot;,&quot;columns&quot;:4,&quot;columns_tablet&quot;:2,&quot;columns_mobile&quot;:1,&quot;gap&quot;:{&quot;unit&quot;:&quot;px&quot;,&quot;size&quot;:10,&quot;sizes&quot;:[]},&quot;gap_tablet&quot;:{&quot;unit&quot;:&quot;px&quot;,&quot;size&quot;:10,&quot;sizes&quot;:[]},&quot;gap_mobile&quot;:{&quot;unit&quot;:&quot;px&quot;,&quot;size&quot;:10,&quot;sizes&quot;:[]},&quot;link_to&quot;:&quot;file&quot;,&quot;aspect_ratio&quot;:&quot;3:2&quot;,&quot;overlay_background&quot;:&quot;yes&quot;,&quot;content_hover_animation&quot;:&quot;fade-in&quot;}\" data-widget_type=\"gallery.default\">\n\t\t\t\t<div class=\"elementor-widget-container\">\n\t\t\t\t\t\t\t<div class=\"elementor-gallery__container\">\n\t\t\t\t\t<\/div>\n\t\t\t\t\t<\/div>\n\t\t\t\t<\/div>\n\t\t\t\t\t<\/div>\n\t\t<\/div>\n\t\t\t\t\t<\/div>\n\t\t<\/section>\n\t\t\t\t<\/div>\n\t\t","protected":false},"excerpt":{"rendered":"<p>Le spa Domaine le Clos des Fontaines Au c\u0153ur de la Normandie, notre H\u00f4tel &amp; Spa vous invite \u00e0 la plus grande d\u00e9contraction dans un espace enti\u00e8rement d\u00e9di\u00e9 \u00e0 votre bien-\u00eatre. Ouvert en juillet 2010, le Spa du Domaine le Clos des Fontaines vous propose une v\u00e9ritable ambiance cocooning aux teintes douces et d\u00e9licates pour [&hellip;]<\/p>\n","protected":false},"author":12,"featured_media":0,"parent":0,"menu_order":0,"comment_status":"closed","ping_status":"closed","template":"","meta":{"inline_featured_image":false,"footnotes":""},"class_list":["post-156","page","type-page","status-publish","hentry"],"_links":{"self":[{"href":"https:\/\/www.leclosdesfontaines.com\/en\/wp-json\/wp\/v2\/pages\/156","targetHints":{"allow":["GET"]}}],"collection":[{"href":"https:\/\/www.leclosdesfontaines.com\/en\/wp-json\/wp\/v2\/pages"}],"about":[{"href":"https:\/\/www.leclosdesfontaines.com\/en\/wp-json\/wp\/v2\/types\/page"}],"author":[{"embeddable":true,"href":"https:\/\/www.leclosdesfontaines.com\/en\/wp-json\/wp\/v2\/users\/12"}],"replies":[{"embeddable":true,"href":"https:\/\/www.leclosdesfontaines.com\/en\/wp-json\/wp\/v2\/comments?post=156"}],"version-history":[{"count":198,"href":"https:\/\/www.leclosdesfontaines.com\/en\/wp-json\/wp\/v2\/pages\/156\/revisions"}],"predecessor-version":[{"id":3753,"href":"https:\/\/www.leclosdesfontaines.com\/en\/wp-json\/wp\/v2\/pages\/156\/revisions\/3753"}],"wp:attachment":[{"href":"https:\/\/www.leclosdesfontaines.com\/en\/wp-json\/wp\/v2\/media?parent=156"}],"curies":[{"name":"wp","href":"https:\/\/api.w.org\/{rel}","templated":true}]}}