{"id":183,"date":"2022-04-19T12:29:46","date_gmt":"2022-04-19T10:29:46","guid":{"rendered":"https:\/\/www.leclosdesfontaines.com\/?page_id=183"},"modified":"2022-10-05T16:35:21","modified_gmt":"2022-10-05T14:35:21","slug":"etretat","status":"publish","type":"page","link":"https:\/\/www.leclosdesfontaines.com\/en\/tourisme-activites\/tourisme\/etretat\/","title":{"rendered":"\u00c9tretat"},"content":{"rendered":"<div data-elementor-type=\"wp-page\" data-elementor-id=\"183\" class=\"elementor elementor-183\" data-elementor-post-type=\"page\">\n\t\t\t\t\t\t<section class=\"elementor-section elementor-top-section elementor-element elementor-element-73d3cc42 elementor-section-stretched elementor-section-height-min-height elementor-section-full_width elementor-section-items-top elementor-section-height-default\" data-id=\"73d3cc42\" data-element_type=\"section\" data-e-type=\"section\" data-settings=\"{&quot;stretch_section&quot;:&quot;section-stretched&quot;,&quot;background_background&quot;:&quot;classic&quot;}\">\n\t\t\t\t\t\t<div class=\"elementor-container elementor-column-gap-default\">\n\t\t\t\t\t<div class=\"elementor-column elementor-col-100 elementor-top-column elementor-element elementor-element-648369b9\" data-id=\"648369b9\" data-element_type=\"column\" data-e-type=\"column\">\n\t\t\t<div class=\"elementor-widget-wrap\">\n\t\t\t\t\t\t\t<\/div>\n\t\t<\/div>\n\t\t\t\t\t<\/div>\n\t\t<\/section>\n\t\t\t\t<section class=\"elementor-section elementor-top-section elementor-element elementor-element-2eb5c468 elementor-section-boxed elementor-section-height-default elementor-section-height-default\" data-id=\"2eb5c468\" data-element_type=\"section\" data-e-type=\"section\" data-settings=\"{&quot;background_background&quot;:&quot;classic&quot;}\">\n\t\t\t\t\t\t<div class=\"elementor-container elementor-column-gap-default\">\n\t\t\t\t\t<div class=\"elementor-column elementor-col-100 elementor-top-column elementor-element elementor-element-7ea0a0a4\" data-id=\"7ea0a0a4\" data-element_type=\"column\" data-e-type=\"column\">\n\t\t\t<div class=\"elementor-widget-wrap elementor-element-populated\">\n\t\t\t\t\t\t<section class=\"elementor-section elementor-inner-section elementor-element elementor-element-19d48161 elementor-section-boxed elementor-section-height-default elementor-section-height-default\" data-id=\"19d48161\" data-element_type=\"section\" data-e-type=\"section\">\n\t\t\t\t\t\t<div class=\"elementor-container elementor-column-gap-default\">\n\t\t\t\t\t<div class=\"elementor-column elementor-col-100 elementor-inner-column elementor-element elementor-element-4d8dfb84\" data-id=\"4d8dfb84\" data-element_type=\"column\" data-e-type=\"column\">\n\t\t\t<div class=\"elementor-widget-wrap elementor-element-populated\">\n\t\t\t\t\t\t<div class=\"elementor-element elementor-element-4fe39ba2 elementor-widget elementor-widget-heading\" data-id=\"4fe39ba2\" data-element_type=\"widget\" data-e-type=\"widget\" data-widget_type=\"heading.default\">\n\t\t\t\t<div class=\"elementor-widget-container\">\n\t\t\t\t\t<h1 class=\"elementor-heading-title elementor-size-default\">\u00e9TRETAT &amp; ITS FALAISES\n<\/h1>\t\t\t\t<\/div>\n\t\t\t\t<\/div>\n\t\t\t\t<div class=\"elementor-element elementor-element-5a42c919 elementor-widget elementor-widget-heading\" data-id=\"5a42c919\" data-element_type=\"widget\" data-e-type=\"widget\" data-widget_type=\"heading.default\">\n\t\t\t\t<div class=\"elementor-widget-container\">\n\t\t\t\t\t<h3 class=\"elementor-heading-title elementor-size-default\">about 1h15 drive away<\/h3>\t\t\t\t<\/div>\n\t\t\t\t<\/div>\n\t\t\t\t<div class=\"elementor-element elementor-element-1eaaa9ca elementor-widget-divider--view-line elementor-widget elementor-widget-divider\" data-id=\"1eaaa9ca\" data-element_type=\"widget\" data-e-type=\"widget\" data-widget_type=\"divider.default\">\n\t\t\t\t<div class=\"elementor-widget-container\">\n\t\t\t\t\t\t\t<div class=\"elementor-divider\">\n\t\t\t<span class=\"elementor-divider-separator\">\n\t\t\t\t\t\t<\/span>\n\t\t<\/div>\n\t\t\t\t\t\t<\/div>\n\t\t\t\t<\/div>\n\t\t\t\t<div class=\"elementor-element elementor-element-6f1977b6 elementor-widget elementor-widget-text-editor\" data-id=\"6f1977b6\" data-element_type=\"widget\" data-e-type=\"widget\" data-widget_type=\"text-editor.default\">\n\t\t\t\t<div class=\"elementor-widget-container\">\n\t\t\t\t\t\t\t\t\t<div id=\"introChambres\" class=\"etape\"><div class=\"centre\"><div class=\"marginTexte\"><div class=\"texteStandard2\"><div id=\"introChambres\" class=\"etape\"><div class=\"centre\"><div class=\"marginTexte\"><div class=\"texteStandard2\"><p>Close to F\u00e9camp, another must-see site on the Normandy coast is the beautiful town of \u00c9tretat.<\/p><\/div><\/div><\/div><\/div><\/div><\/div><\/div><\/div>\t\t\t\t\t\t\t\t<\/div>\n\t\t\t\t<\/div>\n\t\t\t\t<div class=\"elementor-element elementor-element-29dfcd06 elementor-nav-menu__align-center elementor-nav-menu--dropdown-none elementor-widget elementor-widget-nav-menu\" data-id=\"29dfcd06\" data-element_type=\"widget\" data-e-type=\"widget\" data-settings=\"{&quot;layout&quot;:&quot;horizontal&quot;,&quot;submenu_icon&quot;:{&quot;value&quot;:&quot;&lt;i class=\\&quot;fas fa-caret-down\\&quot; aria-hidden=\\&quot;true\\&quot;&gt;&lt;\\\/i&gt;&quot;,&quot;library&quot;:&quot;fa-solid&quot;}}\" data-widget_type=\"nav-menu.default\">\n\t\t\t\t<div class=\"elementor-widget-container\">\n\t\t\t\t\t\t\t\t<nav aria-label=\"Menu\" class=\"elementor-nav-menu--main elementor-nav-menu__container elementor-nav-menu--layout-horizontal e--pointer-text e--animation-grow\">\n\t\t\t\t<ul id=\"menu-1-29dfcd06\" class=\"elementor-nav-menu\"><li class=\"menu-item menu-item-type-post_type menu-item-object-page menu-item-761\"><a href=\"https:\/\/www.leclosdesfontaines.com\/en\/tourisme-activites\/tourisme\/jumieges\/\" class=\"elementor-item\">Jumi\u00e8ges<\/a><\/li>\n<li class=\"menu-item menu-item-type-post_type menu-item-object-page menu-item-760\"><a href=\"https:\/\/www.leclosdesfontaines.com\/en\/tourisme-activites\/tourisme\/honfleur\/\" class=\"elementor-item\">Honfleur<\/a><\/li>\n<li class=\"menu-item menu-item-type-post_type menu-item-object-page menu-item-763\"><a href=\"https:\/\/www.leclosdesfontaines.com\/en\/tourisme-activites\/tourisme\/rouen\/\" class=\"elementor-item\">Rouen<\/a><\/li>\n<li class=\"menu-item menu-item-type-post_type menu-item-object-page menu-item-759\"><a href=\"https:\/\/www.leclosdesfontaines.com\/en\/tourisme-activites\/tourisme\/giverny\/\" class=\"elementor-item\">Giverny<\/a><\/li>\n<li class=\"menu-item menu-item-type-post_type menu-item-object-page menu-item-758\"><a href=\"https:\/\/www.leclosdesfontaines.com\/en\/tourisme-activites\/tourisme\/fecamp\/\" class=\"elementor-item\">F\u00e9camp<\/a><\/li>\n<li class=\"menu-item menu-item-type-post_type menu-item-object-page menu-item-757\"><a href=\"https:\/\/www.leclosdesfontaines.com\/en\/tourisme-activites\/tourisme\/etretat\/\" class=\"elementor-item\">\u00c9tretat<\/a><\/li>\n<li class=\"menu-item menu-item-type-post_type menu-item-object-page menu-item-762\"><a href=\"https:\/\/www.leclosdesfontaines.com\/en\/tourisme-activites\/tourisme\/le-havre\/\" class=\"elementor-item\">Le Havre<\/a><\/li>\n<li class=\"menu-item menu-item-type-post_type menu-item-object-page menu-item-756\"><a href=\"https:\/\/www.leclosdesfontaines.com\/en\/tourisme-activites\/tourisme\/duclair\/\" class=\"elementor-item\">Duclair<\/a><\/li>\n<li class=\"menu-item menu-item-type-post_type menu-item-object-page menu-item-755\"><a href=\"https:\/\/www.leclosdesfontaines.com\/en\/tourisme-activites\/tourisme\/caudebec-en-caux\/\" class=\"elementor-item\">Caudebec en Caux<\/a><\/li>\n<\/ul>\t\t\t<\/nav>\n\t\t\t\t\t\t<nav class=\"elementor-nav-menu--dropdown elementor-nav-menu__container\" aria-hidden=\"true\">\n\t\t\t\t<ul id=\"menu-2-29dfcd06\" class=\"elementor-nav-menu\"><li class=\"menu-item menu-item-type-post_type menu-item-object-page menu-item-761\"><a href=\"https:\/\/www.leclosdesfontaines.com\/en\/tourisme-activites\/tourisme\/jumieges\/\" class=\"elementor-item\" tabindex=\"-1\">Jumi\u00e8ges<\/a><\/li>\n<li class=\"menu-item menu-item-type-post_type menu-item-object-page menu-item-760\"><a href=\"https:\/\/www.leclosdesfontaines.com\/en\/tourisme-activites\/tourisme\/honfleur\/\" class=\"elementor-item\" tabindex=\"-1\">Honfleur<\/a><\/li>\n<li class=\"menu-item menu-item-type-post_type menu-item-object-page menu-item-763\"><a href=\"https:\/\/www.leclosdesfontaines.com\/en\/tourisme-activites\/tourisme\/rouen\/\" class=\"elementor-item\" tabindex=\"-1\">Rouen<\/a><\/li>\n<li class=\"menu-item menu-item-type-post_type menu-item-object-page menu-item-759\"><a href=\"https:\/\/www.leclosdesfontaines.com\/en\/tourisme-activites\/tourisme\/giverny\/\" class=\"elementor-item\" tabindex=\"-1\">Giverny<\/a><\/li>\n<li class=\"menu-item menu-item-type-post_type menu-item-object-page menu-item-758\"><a href=\"https:\/\/www.leclosdesfontaines.com\/en\/tourisme-activites\/tourisme\/fecamp\/\" class=\"elementor-item\" tabindex=\"-1\">F\u00e9camp<\/a><\/li>\n<li class=\"menu-item menu-item-type-post_type menu-item-object-page menu-item-757\"><a href=\"https:\/\/www.leclosdesfontaines.com\/en\/tourisme-activites\/tourisme\/etretat\/\" class=\"elementor-item\" tabindex=\"-1\">\u00c9tretat<\/a><\/li>\n<li class=\"menu-item menu-item-type-post_type menu-item-object-page menu-item-762\"><a href=\"https:\/\/www.leclosdesfontaines.com\/en\/tourisme-activites\/tourisme\/le-havre\/\" class=\"elementor-item\" tabindex=\"-1\">Le Havre<\/a><\/li>\n<li class=\"menu-item menu-item-type-post_type menu-item-object-page menu-item-756\"><a href=\"https:\/\/www.leclosdesfontaines.com\/en\/tourisme-activites\/tourisme\/duclair\/\" class=\"elementor-item\" tabindex=\"-1\">Duclair<\/a><\/li>\n<li class=\"menu-item menu-item-type-post_type menu-item-object-page menu-item-755\"><a href=\"https:\/\/www.leclosdesfontaines.com\/en\/tourisme-activites\/tourisme\/caudebec-en-caux\/\" class=\"elementor-item\" tabindex=\"-1\">Caudebec en Caux<\/a><\/li>\n<\/ul>\t\t\t<\/nav>\n\t\t\t\t\t\t<\/div>\n\t\t\t\t<\/div>\n\t\t\t\t\t<\/div>\n\t\t<\/div>\n\t\t\t\t\t<\/div>\n\t\t<\/section>\n\t\t\t\t\t<\/div>\n\t\t<\/div>\n\t\t\t\t\t<\/div>\n\t\t<\/section>\n\t\t\t\t<section class=\"elementor-section elementor-top-section elementor-element elementor-element-351b49fb elementor-section-boxed elementor-section-height-default elementor-section-height-default\" data-id=\"351b49fb\" data-element_type=\"section\" data-e-type=\"section\" data-settings=\"{&quot;background_background&quot;:&quot;classic&quot;}\">\n\t\t\t\t\t\t\t<div class=\"elementor-background-overlay\"><\/div>\n\t\t\t\t\t\t\t<div class=\"elementor-container elementor-column-gap-wide\">\n\t\t\t\t\t<div class=\"elementor-column elementor-col-50 elementor-top-column elementor-element elementor-element-83dca86\" data-id=\"83dca86\" data-element_type=\"column\" data-e-type=\"column\">\n\t\t\t<div class=\"elementor-widget-wrap elementor-element-populated\">\n\t\t\t\t\t\t<div class=\"elementor-element elementor-element-377dd970 elementor-widget elementor-widget-image\" data-id=\"377dd970\" data-element_type=\"widget\" data-e-type=\"widget\" data-widget_type=\"image.default\">\n\t\t\t\t<div class=\"elementor-widget-container\">\n\t\t\t\t\t\t\t\t\t\t\t\t\t\t\t<img fetchpriority=\"high\" decoding=\"async\" width=\"800\" height=\"450\" src=\"https:\/\/www.leclosdesfontaines.com\/wp-content\/uploads\/2022\/04\/view-to-etretat-france-from-above-picture-id691173818-1024x576.jpg\" class=\"attachment-large size-large wp-image-1197\" alt=\"\" srcset=\"https:\/\/www.leclosdesfontaines.com\/wp-content\/uploads\/2022\/04\/view-to-etretat-france-from-above-picture-id691173818-1024x576.jpg 1024w, https:\/\/www.leclosdesfontaines.com\/wp-content\/uploads\/2022\/04\/view-to-etretat-france-from-above-picture-id691173818-300x169.jpg 300w, https:\/\/www.leclosdesfontaines.com\/wp-content\/uploads\/2022\/04\/view-to-etretat-france-from-above-picture-id691173818-768x432.jpg 768w, https:\/\/www.leclosdesfontaines.com\/wp-content\/uploads\/2022\/04\/view-to-etretat-france-from-above-picture-id691173818-1536x864.jpg 1536w, https:\/\/www.leclosdesfontaines.com\/wp-content\/uploads\/2022\/04\/view-to-etretat-france-from-above-picture-id691173818-18x10.jpg 18w, https:\/\/www.leclosdesfontaines.com\/wp-content\/uploads\/2022\/04\/view-to-etretat-france-from-above-picture-id691173818.jpg 1920w\" sizes=\"(max-width: 800px) 100vw, 800px\" title=\"Photo -\">\t\t\t\t\t\t\t\t\t\t\t\t\t\t\t<\/div>\n\t\t\t\t<\/div>\n\t\t\t\t\t<\/div>\n\t\t<\/div>\n\t\t\t\t<div class=\"elementor-column elementor-col-50 elementor-top-column elementor-element elementor-element-475b402e\" data-id=\"475b402e\" data-element_type=\"column\" data-e-type=\"column\" data-settings=\"{&quot;background_background&quot;:&quot;classic&quot;}\">\n\t\t\t<div class=\"elementor-widget-wrap elementor-element-populated\">\n\t\t\t\t\t<div class=\"elementor-background-overlay\"><\/div>\n\t\t\t\t\t\t<section class=\"elementor-section elementor-inner-section elementor-element elementor-element-1e10cb89 bloctextegauche elementor-section-boxed elementor-section-height-default elementor-section-height-default\" data-id=\"1e10cb89\" data-element_type=\"section\" data-e-type=\"section\">\n\t\t\t\t\t\t<div class=\"elementor-container elementor-column-gap-default\">\n\t\t\t\t\t<div class=\"elementor-column elementor-col-100 elementor-inner-column elementor-element elementor-element-7dc9ba70\" data-id=\"7dc9ba70\" data-element_type=\"column\" data-e-type=\"column\">\n\t\t\t<div class=\"elementor-widget-wrap elementor-element-populated\">\n\t\t\t\t\t\t<div class=\"elementor-element elementor-element-45646f1c elementor-widget elementor-widget-heading\" data-id=\"45646f1c\" data-element_type=\"widget\" data-e-type=\"widget\" data-widget_type=\"heading.default\">\n\t\t\t\t<div class=\"elementor-widget-container\">\n\t\t\t\t\t<h1 class=\"elementor-heading-title elementor-size-default\">\u00c9tretat<\/h1>\t\t\t\t<\/div>\n\t\t\t\t<\/div>\n\t\t\t\t<div class=\"elementor-element elementor-element-2dcf7df9 elementor-widget elementor-widget-text-editor\" data-id=\"2dcf7df9\" data-element_type=\"widget\" data-e-type=\"widget\" data-widget_type=\"text-editor.default\">\n\t\t\t\t<div class=\"elementor-widget-container\">\n\t\t\t\t\t\t\t\t\t<p>Known throughout the world thanks to its cliffs sculpted by the sea, this seaside resort is a true ode to romance. As you walk along the marked paths along the coast, you will discover arches and needles with evocative names: Porte d'Amont, Porte d'Aval, Manneporte.<br \/><br \/>Then climb up to the Notre-Dame de la Garde chapel for a panoramic view of the sea, the village and the majestic cliffs.<br \/><br \/>Finally, discover the fabulous villas nestled on the hillsides and enjoy the charm of the town centre with its Old Market and the impressive Manoir de la Salamandre.<\/p>\t\t\t\t\t\t\t\t<\/div>\n\t\t\t\t<\/div>\n\t\t\t\t\t<\/div>\n\t\t<\/div>\n\t\t\t\t\t<\/div>\n\t\t<\/section>\n\t\t\t\t\t<\/div>\n\t\t<\/div>\n\t\t\t\t\t<\/div>\n\t\t<\/section>\n\t\t\t\t<\/div>","protected":false},"excerpt":{"rendered":"<p>\u00e9TRETAT &#038; SES FALAISES \u00e0 environ 1h15 de route \u00c0 proximit\u00e9 de F\u00e9camp, un autre site incontournable des c\u00f4tes normandes est la belle ville d&rsquo;\u00c9tretat. \u00c9tretat Connue dans le monde entier gr\u00e2ce \u00e0 ses falaises sculpt\u00e9es par la mer, cette station baln\u00e9aire est une v\u00e9ritable ode au romantisme. En arpentant les sentiers balis\u00e9s qui longent [&hellip;]<\/p>\n","protected":false},"author":12,"featured_media":0,"parent":164,"menu_order":0,"comment_status":"closed","ping_status":"closed","template":"","meta":{"inline_featured_image":false,"footnotes":""},"class_list":["post-183","page","type-page","status-publish","hentry"],"_links":{"self":[{"href":"https:\/\/www.leclosdesfontaines.com\/en\/wp-json\/wp\/v2\/pages\/183","targetHints":{"allow":["GET"]}}],"collection":[{"href":"https:\/\/www.leclosdesfontaines.com\/en\/wp-json\/wp\/v2\/pages"}],"about":[{"href":"https:\/\/www.leclosdesfontaines.com\/en\/wp-json\/wp\/v2\/types\/page"}],"author":[{"embeddable":true,"href":"https:\/\/www.leclosdesfontaines.com\/en\/wp-json\/wp\/v2\/users\/12"}],"replies":[{"embeddable":true,"href":"https:\/\/www.leclosdesfontaines.com\/en\/wp-json\/wp\/v2\/comments?post=183"}],"version-history":[{"count":20,"href":"https:\/\/www.leclosdesfontaines.com\/en\/wp-json\/wp\/v2\/pages\/183\/revisions"}],"predecessor-version":[{"id":2557,"href":"https:\/\/www.leclosdesfontaines.com\/en\/wp-json\/wp\/v2\/pages\/183\/revisions\/2557"}],"up":[{"embeddable":true,"href":"https:\/\/www.leclosdesfontaines.com\/en\/wp-json\/wp\/v2\/pages\/164"}],"wp:attachment":[{"href":"https:\/\/www.leclosdesfontaines.com\/en\/wp-json\/wp\/v2\/media?parent=183"}],"curies":[{"name":"wp","href":"https:\/\/api.w.org\/{rel}","templated":true}]}}