{"id":374,"date":"2022-04-20T10:19:23","date_gmt":"2022-04-20T08:19:23","guid":{"rendered":"https:\/\/www.leclosdesfontaines.com\/?page_id=374"},"modified":"2026-01-19T20:45:22","modified_gmt":"2026-01-19T19:45:22","slug":"news","status":"publish","type":"page","link":"https:\/\/www.leclosdesfontaines.com\/en\/actualites\/","title":{"rendered":"News"},"content":{"rendered":"\t\t<div data-elementor-type=\"wp-page\" data-elementor-id=\"374\" class=\"elementor elementor-374\" data-elementor-post-type=\"page\">\n\t\t\t\t\t\t<section class=\"elementor-section elementor-top-section elementor-element elementor-element-5583eaa elementor-section-stretched elementor-section-height-min-height elementor-section-items-bottom elementor-section-boxed elementor-section-height-default\" data-id=\"5583eaa\" data-element_type=\"section\" data-e-type=\"section\" data-settings=\"{&quot;stretch_section&quot;:&quot;section-stretched&quot;,&quot;background_background&quot;:&quot;slideshow&quot;,&quot;background_slideshow_gallery&quot;:[{&quot;id&quot;:1065,&quot;url&quot;:&quot;https:\\\/\\\/www.leclosdesfontaines.com\\\/wp-content\\\/uploads\\\/2022\\\/04\\\/W10_3968.jpg&quot;}],&quot;background_slideshow_loop&quot;:&quot;yes&quot;,&quot;background_slideshow_slide_duration&quot;:5000,&quot;background_slideshow_slide_transition&quot;:&quot;fade&quot;,&quot;background_slideshow_transition_duration&quot;:500}\">\n\t\t\t\t\t\t\t<div class=\"elementor-background-overlay\"><\/div>\n\t\t\t\t\t\t\t<div class=\"elementor-container elementor-column-gap-default\">\n\t\t\t\t\t<div class=\"elementor-column elementor-col-100 elementor-top-column elementor-element elementor-element-3a7e0e5\" data-id=\"3a7e0e5\" data-element_type=\"column\" data-e-type=\"column\">\n\t\t\t<div class=\"elementor-widget-wrap\">\n\t\t\t\t\t\t\t<\/div>\n\t\t<\/div>\n\t\t\t\t\t<\/div>\n\t\t<\/section>\n\t\t\t\t<section class=\"elementor-section elementor-top-section elementor-element elementor-element-3addcd8 elementor-section-boxed elementor-section-height-default elementor-section-height-default\" data-id=\"3addcd8\" data-element_type=\"section\" data-e-type=\"section\" data-settings=\"{&quot;background_background&quot;:&quot;classic&quot;}\">\n\t\t\t\t\t\t<div class=\"elementor-container elementor-column-gap-default\">\n\t\t\t\t\t<div class=\"elementor-column elementor-col-50 elementor-top-column elementor-element elementor-element-8ff5f2a\" data-id=\"8ff5f2a\" data-element_type=\"column\" data-e-type=\"column\">\n\t\t\t<div class=\"elementor-widget-wrap elementor-element-populated\">\n\t\t\t\t\t\t<div class=\"elementor-element elementor-element-4f66675 elementor-posts--align-left elementor-widget__width-initial elementor-grid-3 elementor-grid-tablet-2 elementor-grid-mobile-1 elementor-posts--thumbnail-top elementor-widget elementor-widget-posts\" data-id=\"4f66675\" data-element_type=\"widget\" data-e-type=\"widget\" data-settings=\"{&quot;classic_columns&quot;:&quot;3&quot;,&quot;classic_columns_tablet&quot;:&quot;2&quot;,&quot;classic_columns_mobile&quot;:&quot;1&quot;,&quot;classic_row_gap&quot;:{&quot;unit&quot;:&quot;px&quot;,&quot;size&quot;:35,&quot;sizes&quot;:[]},&quot;classic_row_gap_tablet&quot;:{&quot;unit&quot;:&quot;px&quot;,&quot;size&quot;:&quot;&quot;,&quot;sizes&quot;:[]},&quot;classic_row_gap_mobile&quot;:{&quot;unit&quot;:&quot;px&quot;,&quot;size&quot;:&quot;&quot;,&quot;sizes&quot;:[]}}\" data-widget_type=\"posts.classic\">\n\t\t\t\t<div class=\"elementor-widget-container\">\n\t\t\t\t\t\t\t<div class=\"elementor-posts-container elementor-posts elementor-posts--skin-classic elementor-grid\" role=\"list\">\n\t\t\t\t<article class=\"elementor-post elementor-grid-item post-3643 post type-post status-publish format-standard has-post-thumbnail hentry category-non-classe\" role=\"listitem\">\n\t\t\t\t<a class=\"elementor-post__thumbnail__link\" href=\"https:\/\/www.leclosdesfontaines.com\/en\/weekend-golf\/\" tabindex=\"-1\" >\n\t\t\t<div class=\"elementor-post__thumbnail\"><img fetchpriority=\"high\" decoding=\"async\" width=\"800\" height=\"450\" src=\"https:\/\/www.leclosdesfontaines.com\/wp-content\/uploads\/2022\/04\/golf-ball-on-course-picture-id938280848-1-1024x576.jpg\" class=\"attachment-large size-large wp-image-1215\" alt=\"\" title=\"Photo -\" srcset=\"https:\/\/www.leclosdesfontaines.com\/wp-content\/uploads\/2022\/04\/golf-ball-on-course-picture-id938280848-1-1024x576.jpg 1024w, https:\/\/www.leclosdesfontaines.com\/wp-content\/uploads\/2022\/04\/golf-ball-on-course-picture-id938280848-1-300x169.jpg 300w, https:\/\/www.leclosdesfontaines.com\/wp-content\/uploads\/2022\/04\/golf-ball-on-course-picture-id938280848-1-768x432.jpg 768w, https:\/\/www.leclosdesfontaines.com\/wp-content\/uploads\/2022\/04\/golf-ball-on-course-picture-id938280848-1-1536x864.jpg 1536w, https:\/\/www.leclosdesfontaines.com\/wp-content\/uploads\/2022\/04\/golf-ball-on-course-picture-id938280848-1-18x10.jpg 18w, https:\/\/www.leclosdesfontaines.com\/wp-content\/uploads\/2022\/04\/golf-ball-on-course-picture-id938280848-1.jpg 1920w\" sizes=\"(max-width: 800px) 100vw, 800px\" \/><\/div>\n\t\t<\/a>\n\t\t\t\t<div class=\"elementor-post__text\">\n\t\t\t\t<h2 class=\"elementor-post__title\">\n\t\t\t<a href=\"https:\/\/www.leclosdesfontaines.com\/en\/weekend-golf\/\" >\n\t\t\t\tNOUVEAUTE 2026 &#8211; Week-end Golf !\t\t\t<\/a>\n\t\t<\/h2>\n\t\t\n\t\t<a class=\"elementor-post__read-more\" href=\"https:\/\/www.leclosdesfontaines.com\/en\/weekend-golf\/\" aria-label=\"Read more about NOUVEAUTE 2026 &#8211; Week-end Golf !\" tabindex=\"-1\" >\n\t\t\tVoir l'article &gt;\t\t<\/a>\n\n\t\t\t\t<\/div>\n\t\t\t\t<\/article>\n\t\t\t\t<\/div>\n\t\t\n\t\t\t\t\t\t<\/div>\n\t\t\t\t<\/div>\n\t\t\t\t\t<\/div>\n\t\t<\/div>\n\t\t\t\t<div class=\"elementor-column elementor-col-50 elementor-top-column elementor-element elementor-element-aed7222\" data-id=\"aed7222\" data-element_type=\"column\" data-e-type=\"column\">\n\t\t\t<div class=\"elementor-widget-wrap elementor-element-populated\">\n\t\t\t\t\t\t<section class=\"elementor-section elementor-inner-section elementor-element elementor-element-8181d22 elementor-section-boxed elementor-section-height-default elementor-section-height-default\" data-id=\"8181d22\" data-element_type=\"section\" data-e-type=\"section\">\n\t\t\t\t\t\t<div class=\"elementor-container elementor-column-gap-default\">\n\t\t\t\t\t<div class=\"elementor-column elementor-col-100 elementor-inner-column elementor-element elementor-element-1ea0de6\" data-id=\"1ea0de6\" data-element_type=\"column\" data-e-type=\"column\">\n\t\t\t<div class=\"elementor-widget-wrap elementor-element-populated\">\n\t\t\t\t\t\t<div class=\"elementor-element elementor-element-4c0e21a elementor-widget elementor-widget-heading\" data-id=\"4c0e21a\" data-element_type=\"widget\" data-e-type=\"widget\" data-widget_type=\"heading.default\">\n\t\t\t\t<div class=\"elementor-widget-container\">\n\t\t\t\t\t<h1 class=\"elementor-heading-title elementor-size-default\">INFORMATIONS PRATIQUES<\/h1>\t\t\t\t<\/div>\n\t\t\t\t<\/div>\n\t\t\t\t<div class=\"elementor-element elementor-element-554d27c ancre elementor-widget__width-auto elementor-widget elementor-widget-menu-anchor\" data-id=\"554d27c\" data-element_type=\"widget\" data-e-type=\"widget\" data-widget_type=\"menu-anchor.default\">\n\t\t\t\t<div class=\"elementor-widget-container\">\n\t\t\t\t\t\t\t<div class=\"elementor-menu-anchor\" id=\"standard\"><\/div>\n\t\t\t\t\t\t<\/div>\n\t\t\t\t<\/div>\n\t\t\t\t\t<\/div>\n\t\t<\/div>\n\t\t\t\t\t<\/div>\n\t\t<\/section>\n\t\t\t\t<div class=\"elementor-element elementor-element-95d2587 elementor-widget elementor-widget-text-editor\" data-id=\"95d2587\" data-element_type=\"widget\" data-e-type=\"widget\" data-widget_type=\"text-editor.default\">\n\t\t\t\t<div class=\"elementor-widget-container\">\n\t\t\t\t\t\t\t\t\t<div><div><span style=\"color: black;\"><strong>Adresse :<\/strong> 191 rue des fontaines, 76480 Jumi\u00e8ges<\/span><\/div><div><strong style=\"color: black;\">Num\u00e9ro de t\u00e9l\u00e9phone\u00a0 :<\/strong><span style=\"color: black;\"> 02 35 33 96 96<\/span><\/div><\/div><div><div><strong>Email :<\/strong> hotel@leclosdesfontaines.com<\/div><div>\u00a0<\/div><\/div><div><div><span style=\"color: black;\"><strong>Heure d&rsquo;ouverture :<\/strong> 7h<\/span><\/div><\/div><div><div><span style=\"color: black;\"><strong>Heure de fermeture :<\/strong> 21h<\/span><\/div><\/div><div><div><span style=\"color: black;\">\u00a0<\/span><\/div><\/div><div><div><span style=\"color: black;\"><strong>Check-in :<\/strong> entre 15h et 20h<\/span><\/div><\/div><div><div><span style=\"color: black;\"><strong>Check-out :<\/strong> jusqu&rsquo;\u00e0 12h<\/span><\/div><div>\u00a0<\/div><\/div><div><div><em><span style=\"color: black;\">Pour un d\u00e9part tardif l&rsquo;h\u00f4tel se r\u00e9serve le droit de vous facturer une nuit suppl\u00e9mentaire.<\/span><\/em><\/div><\/div><div><div><span style=\"color: black;\">\u00a0<\/span><\/div><\/div><div><div><span style=\"color: black;\"><strong>Horaires des petits d\u00e9jeuners :<\/strong>\u00a0<\/span><\/div><\/div><div><div><span style=\"color: black;\">Du lundi au vendredi entre 7h et 10h30<\/span><\/div><\/div><div><div><span style=\"color: black;\">Le samedi et le dimanche entre 8h et 10h30<\/span><\/div><\/div><div><div><span style=\"color: black;\">\u00a0<\/span><\/div><\/div><div><div><span style=\"color: black;\">L&rsquo;espace d\u00e9tente SPA (bain \u00e0 remous ext\u00e9rieur chauff\u00e9, 2 saunas, 1 hammam) est \u00e0 15 \u20ac par nuit et par personne (+16 ans) et est accessible\u00a0<strong>entre 10h et 20h<\/strong>.\u00a0<\/span><\/div><\/div><div><div><span style=\"color: black;\">Le jour d&rsquo;arriv\u00e9e <strong>entre 15h et 20h<\/strong> et le jour du d\u00e9part <strong>jusqu&rsquo;\u00e0 12h<\/strong>. (Sans r\u00e9servation au pr\u00e9alable)<\/span><\/div><\/div><div><div><span style=\"color: black;\">La piscine ext\u00e9rieure est ouverte en saison (mi mai \u00e0 fin septembre) et est accessible de\u00a0<strong>10h \u00e0 20h<\/strong>.<\/span><\/div><\/div>\t\t\t\t\t\t\t\t<\/div>\n\t\t\t\t<\/div>\n\t\t\t\t\t<\/div>\n\t\t<\/div>\n\t\t\t\t\t<\/div>\n\t\t<\/section>\n\t\t\t\t<section class=\"elementor-section elementor-top-section elementor-element elementor-element-4854fd2 elementor-section-boxed elementor-section-height-default elementor-section-height-default\" data-id=\"4854fd2\" data-element_type=\"section\" data-e-type=\"section\" data-settings=\"{&quot;background_background&quot;:&quot;classic&quot;}\">\n\t\t\t\t\t\t\t<div class=\"elementor-background-overlay\"><\/div>\n\t\t\t\t\t\t\t<div class=\"elementor-container elementor-column-gap-wide\">\n\t\t\t\t\t<div class=\"elementor-column elementor-col-50 elementor-top-column elementor-element elementor-element-8234d1e\" data-id=\"8234d1e\" data-element_type=\"column\" data-e-type=\"column\">\n\t\t\t<div class=\"elementor-widget-wrap elementor-element-populated\">\n\t\t\t\t\t\t<div class=\"elementor-element elementor-element-d3f6fc3 elementor-widget elementor-widget-image\" data-id=\"d3f6fc3\" data-element_type=\"widget\" data-e-type=\"widget\" data-widget_type=\"image.default\">\n\t\t\t\t<div class=\"elementor-widget-container\">\n\t\t\t\t\t\t\t\t\t\t\t\t\t\t\t<img decoding=\"async\" width=\"800\" height=\"536\" src=\"https:\/\/www.leclosdesfontaines.com\/wp-content\/uploads\/2022\/06\/Photo-1-1024x686.jpg\" class=\"attachment-large size-large wp-image-2255\" alt=\"\" srcset=\"https:\/\/www.leclosdesfontaines.com\/wp-content\/uploads\/2022\/06\/Photo-1-1024x686.jpg 1024w, https:\/\/www.leclosdesfontaines.com\/wp-content\/uploads\/2022\/06\/Photo-1-300x201.jpg 300w, https:\/\/www.leclosdesfontaines.com\/wp-content\/uploads\/2022\/06\/Photo-1-768x514.jpg 768w, https:\/\/www.leclosdesfontaines.com\/wp-content\/uploads\/2022\/06\/Photo-1-1536x1028.jpg 1536w, https:\/\/www.leclosdesfontaines.com\/wp-content\/uploads\/2022\/06\/Photo-1-2048x1371.jpg 2048w, https:\/\/www.leclosdesfontaines.com\/wp-content\/uploads\/2022\/06\/Photo-1-18x12.jpg 18w\" sizes=\"(max-width: 800px) 100vw, 800px\" title=\"Photo -\">\t\t\t\t\t\t\t\t\t\t\t\t\t\t\t<\/div>\n\t\t\t\t<\/div>\n\t\t\t\t\t<\/div>\n\t\t<\/div>\n\t\t\t\t<div class=\"elementor-column elementor-col-50 elementor-top-column elementor-element elementor-element-33257ac\" data-id=\"33257ac\" data-element_type=\"column\" data-e-type=\"column\" data-settings=\"{&quot;background_background&quot;:&quot;classic&quot;}\">\n\t\t\t<div class=\"elementor-widget-wrap elementor-element-populated\">\n\t\t\t\t\t\t<section class=\"elementor-section elementor-inner-section elementor-element elementor-element-6fcff71 hptexteintro elementor-section-boxed elementor-section-height-default elementor-section-height-default\" data-id=\"6fcff71\" data-element_type=\"section\" data-e-type=\"section\">\n\t\t\t\t\t\t<div class=\"elementor-container elementor-column-gap-default\">\n\t\t\t\t\t<div class=\"elementor-column elementor-col-100 elementor-inner-column elementor-element elementor-element-7d5b0e4\" data-id=\"7d5b0e4\" data-element_type=\"column\" data-e-type=\"column\">\n\t\t\t<div class=\"elementor-widget-wrap elementor-element-populated\">\n\t\t\t\t\t\t<div class=\"elementor-element elementor-element-c1c4ffa elementor-widget elementor-widget-heading\" data-id=\"c1c4ffa\" data-element_type=\"widget\" data-e-type=\"widget\" data-widget_type=\"heading.default\">\n\t\t\t\t<div class=\"elementor-widget-container\">\n\t\t\t\t\t<h2 class=\"elementor-heading-title elementor-size-default\">Les activit\u00e9s<\/h2>\t\t\t\t<\/div>\n\t\t\t\t<\/div>\n\t\t\t\t<div class=\"elementor-element elementor-element-2b6d880 elementor-widget elementor-widget-text-editor\" data-id=\"2b6d880\" data-element_type=\"widget\" data-e-type=\"widget\" data-widget_type=\"text-editor.default\">\n\t\t\t\t<div class=\"elementor-widget-container\">\n\t\t\t\t\t\t\t\t\t<ul><li>D\u00e9jeuner\/d\u00eener au restaurant l&rsquo;Auberge du Bac (<a href=\"https:\/\/www.aubergedubac.fr\/menus-carte\/\" rel=\"nofollow noopener\" target=\"_blank\">https:\/\/www.aubergedubac.fr\/menus-carte\/<\/a>)<\/li><li>D\u00e9jeuner\/d\u00eener au restaurant la Petite Flamme<\/li><li>D\u00e9jeuner\/d\u00eener au restaurant l&rsquo;Auberge des Ruines (Gastro) (<a href=\"https:\/\/www.auberge-des-ruines.fr\/menus\" rel=\"nofollow noopener\" target=\"_blank\">https:\/\/www.auberge-des-ruines.fr\/menus<\/a>)<\/li><li>D\u00e9jeuner\/d\u00eener au restaurant La Petite Auberge\u00a0 (<a href=\"https:\/\/www.auberge-des-ruines.fr\/menus\" rel=\"nofollow noopener\" target=\"_blank\">https:\/\/www.lapetiteaubergejumieges.com<\/a><\/li><li>Golf \u00e0 Mesnil-sous-Jumi\u00e8ges (<a href=\"https:\/\/golfdejumieges.eu\/\" rel=\"nofollow noopener\" target=\"_blank\">https:\/\/golfdejumieges.eu\/<\/a>)<\/li><li>Visite de l&rsquo;Abbaye de Jumi\u00e8ges (<a href=\"http:\/\/www.abbayedejumieges.fr\/\" rel=\"nofollow noopener\" target=\"_blank\">http:\/\/www.abbayedejumieges.fr\/<\/a>)<\/li><li>Base de loisirs de Jumi\u00e8ges (<a href=\"https:\/\/www.basedejumieges.com\/fr\" rel=\"nofollow noopener\" target=\"_blank\">https:\/\/www.basedejumieges.com\/fr<\/a>)<\/li><\/ul>\t\t\t\t\t\t\t\t<\/div>\n\t\t\t\t<\/div>\n\t\t\t\t<div class=\"elementor-element elementor-element-5572114 elementor-align-center elementor-mobile-align-center bouton reserver elementor-widget elementor-widget-button\" data-id=\"5572114\" data-element_type=\"widget\" data-e-type=\"widget\" data-widget_type=\"button.default\">\n\t\t\t\t<div class=\"elementor-widget-container\">\n\t\t\t\t\t\t\t\t\t<div class=\"elementor-button-wrapper\">\n\t\t\t\t\t<a class=\"elementor-button elementor-button-link elementor-size-xl\" href=\"https:\/\/www.leclosdesfontaines.com\/en\/tourisme-activites\/activites\/\">\n\t\t\t\t\t\t<span class=\"elementor-button-content-wrapper\">\n\t\t\t\t\t\t\t\t\t<span class=\"elementor-button-text\">En savoir plus<\/span>\n\t\t\t\t\t<\/span>\n\t\t\t\t\t<\/a>\n\t\t\t\t<\/div>\n\t\t\t\t\t\t\t\t<\/div>\n\t\t\t\t<\/div>\n\t\t\t\t\t<\/div>\n\t\t<\/div>\n\t\t\t\t\t<\/div>\n\t\t<\/section>\n\t\t\t\t\t<\/div>\n\t\t<\/div>\n\t\t\t\t\t<\/div>\n\t\t<\/section>\n\t\t\t\t<section class=\"elementor-section elementor-top-section elementor-element elementor-element-edb6986 elementor-section-boxed elementor-section-height-default elementor-section-height-default\" data-id=\"edb6986\" data-element_type=\"section\" data-e-type=\"section\" data-settings=\"{&quot;background_background&quot;:&quot;classic&quot;}\">\n\t\t\t\t\t\t<div class=\"elementor-container elementor-column-gap-default\">\n\t\t\t\t\t<div class=\"elementor-column elementor-col-100 elementor-top-column elementor-element elementor-element-55ceef1\" data-id=\"55ceef1\" data-element_type=\"column\" data-e-type=\"column\">\n\t\t\t<div class=\"elementor-widget-wrap\">\n\t\t\t\t\t\t\t<\/div>\n\t\t<\/div>\n\t\t\t\t\t<\/div>\n\t\t<\/section>\n\t\t\t\t<section class=\"elementor-section elementor-top-section elementor-element elementor-element-8c77665 elementor-section-boxed elementor-section-height-default elementor-section-height-default\" data-id=\"8c77665\" data-element_type=\"section\" data-e-type=\"section\" data-settings=\"{&quot;background_background&quot;:&quot;classic&quot;}\">\n\t\t\t\t\t\t<div class=\"elementor-container elementor-column-gap-no\">\n\t\t\t\t\t<div class=\"elementor-column elementor-col-100 elementor-top-column elementor-element elementor-element-673026c\" data-id=\"673026c\" data-element_type=\"column\" data-e-type=\"column\">\n\t\t\t<div class=\"elementor-widget-wrap\">\n\t\t\t\t\t\t\t<\/div>\n\t\t<\/div>\n\t\t\t\t\t<\/div>\n\t\t<\/section>\n\t\t\t\t<\/div>\n\t\t","protected":false},"excerpt":{"rendered":"<p>PRACTICAL INFORMATION Address: 191 rue des fontaines, 76480 Jumi\u00e8gesTelephone number: 02 35 33 96 96Email: hotel@leclosdesfontaines.com Opening hours: 7amClosing time<\/p>","protected":false},"author":12,"featured_media":0,"parent":0,"menu_order":0,"comment_status":"closed","ping_status":"closed","template":"","meta":{"inline_featured_image":false,"footnotes":""},"class_list":["post-374","page","type-page","status-publish","hentry"],"_links":{"self":[{"href":"https:\/\/www.leclosdesfontaines.com\/en\/wp-json\/wp\/v2\/pages\/374","targetHints":{"allow":["GET"]}}],"collection":[{"href":"https:\/\/www.leclosdesfontaines.com\/en\/wp-json\/wp\/v2\/pages"}],"about":[{"href":"https:\/\/www.leclosdesfontaines.com\/en\/wp-json\/wp\/v2\/types\/page"}],"author":[{"embeddable":true,"href":"https:\/\/www.leclosdesfontaines.com\/en\/wp-json\/wp\/v2\/users\/12"}],"replies":[{"embeddable":true,"href":"https:\/\/www.leclosdesfontaines.com\/en\/wp-json\/wp\/v2\/comments?post=374"}],"version-history":[{"count":94,"href":"https:\/\/www.leclosdesfontaines.com\/en\/wp-json\/wp\/v2\/pages\/374\/revisions"}],"predecessor-version":[{"id":3677,"href":"https:\/\/www.leclosdesfontaines.com\/en\/wp-json\/wp\/v2\/pages\/374\/revisions\/3677"}],"wp:attachment":[{"href":"https:\/\/www.leclosdesfontaines.com\/en\/wp-json\/wp\/v2\/media?parent=374"}],"curies":[{"name":"wp","href":"https:\/\/api.w.org\/{rel}","templated":true}]}}