{"id":533,"date":"2022-04-20T13:40:05","date_gmt":"2022-04-20T11:40:05","guid":{"rendered":"https:\/\/www.leclosdesfontaines.com\/?page_id=533"},"modified":"2024-06-24T10:10:53","modified_gmt":"2024-06-24T08:10:53","slug":"duplex-suite","status":"publish","type":"page","link":"https:\/\/www.leclosdesfontaines.com\/en\/chambres-suites\/suite-duplex\/","title":{"rendered":"Duplex suite"},"content":{"rendered":"\t\t<div data-elementor-type=\"wp-page\" data-elementor-id=\"533\" class=\"elementor elementor-533\" data-elementor-post-type=\"page\">\n\t\t\t\t\t\t<section class=\"elementor-section elementor-top-section elementor-element elementor-element-1bc7dafb elementor-section-stretched elementor-section-height-min-height elementor-section-full_width elementor-section-items-top elementor-section-height-default\" data-id=\"1bc7dafb\" data-element_type=\"section\" data-e-type=\"section\" data-settings=\"{&quot;stretch_section&quot;:&quot;section-stretched&quot;,&quot;background_background&quot;:&quot;classic&quot;}\">\n\t\t\t\t\t\t<div class=\"elementor-container elementor-column-gap-default\">\n\t\t\t\t\t<div class=\"elementor-column elementor-col-100 elementor-top-column elementor-element elementor-element-5c36272a\" data-id=\"5c36272a\" data-element_type=\"column\" data-e-type=\"column\">\n\t\t\t<div class=\"elementor-widget-wrap\">\n\t\t\t\t\t\t\t<\/div>\n\t\t<\/div>\n\t\t\t\t\t<\/div>\n\t\t<\/section>\n\t\t\t\t<section class=\"elementor-section elementor-top-section elementor-element elementor-element-fc64f44 elementor-section-boxed elementor-section-height-default elementor-section-height-default\" data-id=\"fc64f44\" data-element_type=\"section\" data-e-type=\"section\" data-settings=\"{&quot;background_background&quot;:&quot;classic&quot;}\">\n\t\t\t\t\t\t<div class=\"elementor-container elementor-column-gap-default\">\n\t\t\t\t\t<div class=\"elementor-column elementor-col-100 elementor-top-column elementor-element elementor-element-41408062\" data-id=\"41408062\" data-element_type=\"column\" data-e-type=\"column\">\n\t\t\t<div class=\"elementor-widget-wrap elementor-element-populated\">\n\t\t\t\t\t\t<section class=\"elementor-section elementor-inner-section elementor-element elementor-element-38867b3b elementor-section-boxed elementor-section-height-default elementor-section-height-default\" data-id=\"38867b3b\" data-element_type=\"section\" data-e-type=\"section\">\n\t\t\t\t\t\t<div class=\"elementor-container elementor-column-gap-default\">\n\t\t\t\t\t<div class=\"elementor-column elementor-col-100 elementor-inner-column elementor-element elementor-element-19cb968c\" data-id=\"19cb968c\" data-element_type=\"column\" data-e-type=\"column\">\n\t\t\t<div class=\"elementor-widget-wrap elementor-element-populated\">\n\t\t\t\t\t\t<div class=\"elementor-element elementor-element-5f670970 elementor-widget elementor-widget-heading\" data-id=\"5f670970\" data-element_type=\"widget\" data-e-type=\"widget\" data-widget_type=\"heading.default\">\n\t\t\t\t<div class=\"elementor-widget-container\">\n\t\t\t\t\t<h1 class=\"elementor-heading-title elementor-size-default\">La suite duplex<\/h1>\t\t\t\t<\/div>\n\t\t\t\t<\/div>\n\t\t\t\t<div class=\"elementor-element elementor-element-2e3d6e04 elementor-widget-divider--view-line elementor-widget elementor-widget-divider\" data-id=\"2e3d6e04\" data-element_type=\"widget\" data-e-type=\"widget\" data-widget_type=\"divider.default\">\n\t\t\t\t<div class=\"elementor-widget-container\">\n\t\t\t\t\t\t\t<div class=\"elementor-divider\">\n\t\t\t<span class=\"elementor-divider-separator\">\n\t\t\t\t\t\t<\/span>\n\t\t<\/div>\n\t\t\t\t\t\t<\/div>\n\t\t\t\t<\/div>\n\t\t\t\t<div class=\"elementor-element elementor-element-7af6da97 elementor-widget elementor-widget-text-editor\" data-id=\"7af6da97\" data-element_type=\"widget\" data-e-type=\"widget\" data-widget_type=\"text-editor.default\">\n\t\t\t\t<div class=\"elementor-widget-container\">\n\t\t\t\t\t\t\t\t\t<div id=\"introChambres\" class=\"etape\"><div class=\"centre\"><div class=\"marginTexte\"><div class=\"texteStandard2\"><p>Spacieuse et confortable, elle est id\u00e9alement con\u00e7ue pour vous offrir de v\u00e9ritables moments de bien-\u00eatre. Elle dispose d&rsquo;un coin salon en rez-de-chauss\u00e9e et d\u2019une chambre en mezzanine, avec une terrasse privative et une salle de bains avec une cabine de douche et une baignoire \u00e0 jets massants. Elle permet d\u2019accueillir deux enfants (3 \u00e0 17 ans).<\/p><\/div><\/div><\/div><\/div>\t\t\t\t\t\t\t\t<\/div>\n\t\t\t\t<\/div>\n\t\t\t\t<div class=\"elementor-element elementor-element-199ab73 elementor-align-center elementor-mobile-align-center bouton reserver elementor-widget elementor-widget-button\" data-id=\"199ab73\" data-element_type=\"widget\" data-e-type=\"widget\" data-widget_type=\"button.default\">\n\t\t\t\t<div class=\"elementor-widget-container\">\n\t\t\t\t\t\t\t\t\t<div class=\"elementor-button-wrapper\">\n\t\t\t\t\t<a class=\"elementor-button elementor-button-link elementor-size-xl\" href=\"https:\/\/secure.reservit.com\/fo\/booking\/233\/455456\/dates?specialMode=default&#038;langcode=FR&#038;m=booking\" target=\"_blank\" rel=\"nofollow noopener\">\n\t\t\t\t\t\t<span class=\"elementor-button-content-wrapper\">\n\t\t\t\t\t\t\t\t\t<span class=\"elementor-button-text\">R\u00e9server<\/span>\n\t\t\t\t\t<\/span>\n\t\t\t\t\t<\/a>\n\t\t\t\t<\/div>\n\t\t\t\t\t\t\t\t<\/div>\n\t\t\t\t<\/div>\n\t\t\t\t\t<\/div>\n\t\t<\/div>\n\t\t\t\t\t<\/div>\n\t\t<\/section>\n\t\t\t\t\t<\/div>\n\t\t<\/div>\n\t\t\t\t\t<\/div>\n\t\t<\/section>\n\t\t\t\t<section class=\"elementor-section elementor-top-section elementor-element elementor-element-62300464 elementor-section-boxed elementor-section-height-default elementor-section-height-default\" data-id=\"62300464\" data-element_type=\"section\" data-e-type=\"section\" data-settings=\"{&quot;background_background&quot;:&quot;classic&quot;}\">\n\t\t\t\t\t\t<div class=\"elementor-container elementor-column-gap-default\">\n\t\t\t\t\t<div class=\"elementor-column elementor-col-100 elementor-top-column elementor-element elementor-element-2ab995ab\" data-id=\"2ab995ab\" data-element_type=\"column\" data-e-type=\"column\">\n\t\t\t<div class=\"elementor-widget-wrap elementor-element-populated\">\n\t\t\t\t\t\t<section class=\"elementor-section elementor-inner-section elementor-element elementor-element-6a6c52d4 elementor-section-boxed elementor-section-height-default elementor-section-height-default\" data-id=\"6a6c52d4\" data-element_type=\"section\" data-e-type=\"section\">\n\t\t\t\t\t\t<div class=\"elementor-container elementor-column-gap-default\">\n\t\t\t\t\t<div class=\"elementor-column elementor-col-100 elementor-inner-column elementor-element elementor-element-dda43dc\" data-id=\"dda43dc\" data-element_type=\"column\" data-e-type=\"column\">\n\t\t\t<div class=\"elementor-widget-wrap elementor-element-populated\">\n\t\t\t\t\t\t<div class=\"elementor-element elementor-element-194e5c51 elementor-widget elementor-widget-heading\" data-id=\"194e5c51\" data-element_type=\"widget\" data-e-type=\"widget\" data-widget_type=\"heading.default\">\n\t\t\t\t<div class=\"elementor-widget-container\">\n\t\t\t\t\t<h2 class=\"elementor-heading-title elementor-size-default\">Notre suite duplex<\/h2>\t\t\t\t<\/div>\n\t\t\t\t<\/div>\n\t\t\t\t<div class=\"elementor-element elementor-element-6c5370a4 elementor-widget-divider--view-line elementor-widget elementor-widget-divider\" data-id=\"6c5370a4\" data-element_type=\"widget\" data-e-type=\"widget\" data-widget_type=\"divider.default\">\n\t\t\t\t<div class=\"elementor-widget-container\">\n\t\t\t\t\t\t\t<div class=\"elementor-divider\">\n\t\t\t<span class=\"elementor-divider-separator\">\n\t\t\t\t\t\t<\/span>\n\t\t<\/div>\n\t\t\t\t\t\t<\/div>\n\t\t\t\t<\/div>\n\t\t\t\t\t<\/div>\n\t\t<\/div>\n\t\t\t\t\t<\/div>\n\t\t<\/section>\n\t\t\t\t<div class=\"elementor-element elementor-element-7249d96e elementor-grid-1 elementor-grid-tablet-1 elementor-pagination-type-bullets elementor-grid-mobile-1 elementor-arrows-position-inside elementor-widget elementor-widget-rooms-list\" data-id=\"7249d96e\" data-element_type=\"widget\" data-e-type=\"widget\" data-settings=\"{&quot;autoplay&quot;:&quot;yes&quot;,&quot;chevrons_visible&quot;:&quot;always&quot;,&quot;categories_filter&quot;:[&quot;13&quot;],&quot;row_gap&quot;:{&quot;unit&quot;:&quot;px&quot;,&quot;size&quot;:25,&quot;sizes&quot;:[]},&quot;element_skin&quot;:&quot;card&quot;,&quot;cards_columns&quot;:&quot;1&quot;,&quot;cards_columns_tablet&quot;:&quot;1&quot;,&quot;api_prices&quot;:&quot;no&quot;,&quot;space_between&quot;:{&quot;unit&quot;:&quot;px&quot;,&quot;size&quot;:10,&quot;sizes&quot;:[]},&quot;space_between_tablet&quot;:{&quot;unit&quot;:&quot;px&quot;,&quot;size&quot;:10,&quot;sizes&quot;:[]},&quot;space_between_mobile&quot;:{&quot;unit&quot;:&quot;px&quot;,&quot;size&quot;:10,&quot;sizes&quot;:[]},&quot;effect&quot;:&quot;slide&quot;,&quot;swiper_arrows&quot;:&quot;yes&quot;,&quot;carousel_first_only&quot;:&quot;no&quot;,&quot;autoplay_delay&quot;:5000,&quot;autoplay_speed&quot;:5000,&quot;infinite&quot;:&quot;yes&quot;,&quot;pause_on_hover&quot;:&quot;yes&quot;,&quot;pause_on_interaction&quot;:&quot;yes&quot;,&quot;pagination&quot;:&quot;bullets&quot;,&quot;item_ignore_filter&quot;:[],&quot;cards_columns_mobile&quot;:&quot;1&quot;}\" data-widget_type=\"rooms-list.default\">\n\t\t\t\t<div class=\"elementor-widget-container\">\n\t\t\t\t\t                        <div class=\"eliophot-rooms eliophot-rooms__wrapper eliophot-base-list elementor-grid\">\n                    <input type=\"hidden\" class=\"api_id\" value=\"\">\n                            <div\n                class=\"eliophot-room__container eliophot-base-list__container elementor-grid-item eliophot-room__suite-duplex  eliophot-room__skin-card eliophot-room_ID_495 \"\n                data-category=\"{&quot;term_id&quot;:13,&quot;name&quot;:&quot;Suite Duplex&quot;,&quot;slug&quot;:&quot;suite-duplex&quot;,&quot;term_group&quot;:0,&quot;term_taxonomy_id&quot;:13,&quot;taxonomy&quot;:&quot;rooms_category&quot;,&quot;description&quot;:&quot;&quot;,&quot;parent&quot;:0,&quot;count&quot;:1,&quot;filter&quot;:&quot;raw&quot;,&quot;cat_ID&quot;:13,&quot;category_count&quot;:1,&quot;category_description&quot;:&quot;&quot;,&quot;cat_name&quot;:&quot;Suite Duplex&quot;,&quot;category_nicename&quot;:&quot;suite-duplex&quot;,&quot;category_parent&quot;:0}\"\n                data-title = \"Suite Duplex\"\n                data-name = \"suite-duplex\"\n        >\n            \n        <div class=\"eliophot-carousel__slider elementor-swiper\">\n\n                            <div class=\"eliophot-carousel-wrapper elementor-main-swiper swiper\">\n                    <div class=\"elementor-image-carousel swiper-wrapper swiper-image-stretch\">\n                        <!-- Slides -->\n                                                    <div class=\"swiper-slide\">\n                                <div class=\"elementor-carousel-image slide-0-image\" style=\"background-image: url('https:\/\/www.leclosdesfontaines.com\/wp-content\/uploads\/2022\/06\/MG_4569-HDR.jpg');\"><\/div>\n                                <link itemprop=\"image\" href=\"https:\/\/www.leclosdesfontaines.com\/wp-content\/uploads\/2022\/06\/MG_4569-HDR.jpg\" \/>\n                            <\/div>\n                                                    <div class=\"swiper-slide\">\n                                <div class=\"elementor-carousel-image slide-1-image\" style=\"background-image: url('https:\/\/www.leclosdesfontaines.com\/wp-content\/uploads\/2022\/05\/web_le_clos_des_fontaines_0020_Photos-1.jpg');\"><\/div>\n                                <link itemprop=\"image\" href=\"https:\/\/www.leclosdesfontaines.com\/wp-content\/uploads\/2022\/05\/web_le_clos_des_fontaines_0020_Photos-1.jpg\" \/>\n                            <\/div>\n                                                    <div class=\"swiper-slide\">\n                                <div class=\"elementor-carousel-image slide-2-image\" style=\"background-image: url('https:\/\/www.leclosdesfontaines.com\/wp-content\/uploads\/2022\/06\/MG_4579-HDR.jpg');\"><\/div>\n                                <link itemprop=\"image\" href=\"https:\/\/www.leclosdesfontaines.com\/wp-content\/uploads\/2022\/06\/MG_4579-HDR.jpg\" \/>\n                            <\/div>\n                                                    <div class=\"swiper-slide\">\n                                <div class=\"elementor-carousel-image slide-3-image\" style=\"background-image: url('https:\/\/www.leclosdesfontaines.com\/wp-content\/uploads\/2022\/05\/web_le_clos_des_fontaines_0018_Photos-3.jpg');\"><\/div>\n                                <link itemprop=\"image\" href=\"https:\/\/www.leclosdesfontaines.com\/wp-content\/uploads\/2022\/05\/web_le_clos_des_fontaines_0018_Photos-3.jpg\" \/>\n                            <\/div>\n                                                    <div class=\"swiper-slide\">\n                                <div class=\"elementor-carousel-image slide-4-image\" style=\"background-image: url('https:\/\/www.leclosdesfontaines.com\/wp-content\/uploads\/2022\/05\/web_le_clos_des_fontaines_0017_Photos-5.jpg');\"><\/div>\n                                <link itemprop=\"image\" href=\"https:\/\/www.leclosdesfontaines.com\/wp-content\/uploads\/2022\/05\/web_le_clos_des_fontaines_0017_Photos-5.jpg\" \/>\n                            <\/div>\n                                                    <div class=\"swiper-slide\">\n                                <div class=\"elementor-carousel-image slide-5-image\" style=\"background-image: url('https:\/\/www.leclosdesfontaines.com\/wp-content\/uploads\/2022\/05\/IMG20210401120613-scaled.jpg');\"><\/div>\n                                <link itemprop=\"image\" href=\"https:\/\/www.leclosdesfontaines.com\/wp-content\/uploads\/2022\/05\/IMG20210401120613-scaled.jpg\" \/>\n                            <\/div>\n                                            <\/div>\n\n                                                            <div class=\"swiper-pagination swiper-pagination-bullets\"><\/div>\n                                                                <!-- If we need navigation buttons -->\n                        <div class=\"elementor-swiper-button elementor-swiper-button-prev eliophot-carousel-chevron-always\">\n                            <i aria-hidden=\"true\" class=\"eicon-chevron-left\"><\/i>                            <span class=\"elementor-screen-only\"><\/span>\n                        <\/div>\n                        <div class=\"elementor-swiper-button elementor-swiper-button-next eliophot-carousel-chevron-always\">\n                            <i aria-hidden=\"true\" class=\"eicon-chevron-right\"><\/i>                            <span class=\"elementor-screen-only\"><\/span>\n                        <\/div>\n                                    \n                <\/div>\n            \n        <\/div>\n                    <div class=\"eliophot-room__body\">\n                        <!-- TODO: if page link enabled -->\n        <h3 class=\"eliophot-room__title\">\n            <span class=\"title_before\"><\/span>\n            <span  href=\"https:\/\/www.leclosdesfontaines.com\/en\/core_rooms\/suite-duplex\/\">\n                            Suite Duplex            <\/span>\n        <\/h3>\n                <div class=\"eliophot-room__description\">\n            <p\n                            >\n                <span class=\"quote-in\"><\/span>\n                Elle est la plus grande et la plus confortable de toutes nos suites. Depuis votre chambre en mezzanine, vous surplomberez le salon dot\u00e9 d'une chemin\u00e9e monumentale. Baign\u00e9e de lumi\u00e8re, cette suite peut accueillir 2 adultes et 2 enfants (3 \u00e0 17 ans). La salle de bains, aux dimensions g\u00e9n\u00e9reuses, vous offre le choix entre une baignoire \u00e0 jets massants et une grande douche. Vous pourrez profiter de la terrasse panoramique surplombant tout le domaine. Possibilit\u00e9 d'ajouter un lit b\u00e9b\u00e9 et un lit enfant                <span class=\"quote-out\"><\/span>\n            <\/p>\n        <\/div>\n                <div class=\"eliophot-room__options\">\n                    <\/div>\n                    <\/div>\n\n                                <\/div>\n                        <\/div>\n\n                \t\t\t\t<\/div>\n\t\t\t\t<\/div>\n\t\t\t\t\t<\/div>\n\t\t<\/div>\n\t\t\t\t\t<\/div>\n\t\t<\/section>\n\t\t\t\t<section class=\"elementor-section elementor-top-section elementor-element elementor-element-6c60504c elementor-section-boxed elementor-section-height-default elementor-section-height-default\" data-id=\"6c60504c\" data-element_type=\"section\" data-e-type=\"section\" data-settings=\"{&quot;background_background&quot;:&quot;classic&quot;}\">\n\t\t\t\t\t\t\t<div class=\"elementor-background-overlay\"><\/div>\n\t\t\t\t\t\t\t<div class=\"elementor-container elementor-column-gap-no\">\n\t\t\t\t\t<div class=\"elementor-column elementor-col-100 elementor-top-column elementor-element elementor-element-4bb013a1\" data-id=\"4bb013a1\" data-element_type=\"column\" data-e-type=\"column\" data-settings=\"{&quot;background_background&quot;:&quot;classic&quot;}\">\n\t\t\t<div class=\"elementor-widget-wrap elementor-element-populated\">\n\t\t\t\t\t\t<section class=\"elementor-section elementor-inner-section elementor-element elementor-element-3969a9c elementor-section-boxed elementor-section-height-default elementor-section-height-default\" data-id=\"3969a9c\" data-element_type=\"section\" data-e-type=\"section\">\n\t\t\t\t\t\t<div class=\"elementor-container elementor-column-gap-default\">\n\t\t\t\t\t<div class=\"elementor-column elementor-col-50 elementor-inner-column elementor-element elementor-element-150039ef\" data-id=\"150039ef\" data-element_type=\"column\" data-e-type=\"column\" data-settings=\"{&quot;background_background&quot;:&quot;classic&quot;}\">\n\t\t\t<div class=\"elementor-widget-wrap elementor-element-populated\">\n\t\t\t\t\t\t<div class=\"elementor-element elementor-element-d1e0c8c elementor-cta--skin-cover elementor-cta--valign-bottom bloc100pourcent bloc1 elementor-animated-content elementor-bg-transform elementor-bg-transform-zoom-in elementor-widget elementor-widget-call-to-action\" data-id=\"d1e0c8c\" data-element_type=\"widget\" data-e-type=\"widget\" data-widget_type=\"call-to-action.default\">\n\t\t\t\t<div class=\"elementor-widget-container\">\n\t\t\t\t\t\t\t<a class=\"elementor-cta\" href=\"https:\/\/www.leclosdesfontaines.com\/en\/chambres-suites\/chambres-confort-2\/\">\n\t\t\t\t\t<div class=\"elementor-cta__bg-wrapper\">\n\t\t\t\t<div class=\"elementor-cta__bg elementor-bg\" style=\"background-image: url(https:\/\/www.leclosdesfontaines.com\/wp-content\/uploads\/2022\/05\/web_le_clos_des_fontaines_0010_Photos-19-1024x640.jpg);\" role=\"img\" aria-label=\"web_le_clos_des_fontaines_0010_Photos-19\"><\/div>\n\t\t\t\t<div class=\"elementor-cta__bg-overlay\"><\/div>\n\t\t\t<\/div>\n\t\t\t\t\t\t\t<div class=\"elementor-cta__content\">\n\t\t\t\t\n\t\t\t\t\n\t\t\t\t\n\t\t\t\t\t\t\t\t\t<div class=\"elementor-cta__button-wrapper elementor-cta__content-item elementor-content-item elementor-animated-item--grow\">\n\t\t\t\t\t<span class=\"elementor-cta__button elementor-button elementor-size-\">\n\t\t\t\t\t\tChambres <\/br>\u00ab Classique \u00bb\t\t\t\t\t<\/span>\n\t\t\t\t\t<\/div>\n\t\t\t\t\t\t\t<\/div>\n\t\t\t\t\t\t<\/a>\n\t\t\t\t\t\t<\/div>\n\t\t\t\t<\/div>\n\t\t\t\t\t<\/div>\n\t\t<\/div>\n\t\t\t\t<div class=\"elementor-column elementor-col-50 elementor-inner-column elementor-element elementor-element-256f462f\" data-id=\"256f462f\" data-element_type=\"column\" data-e-type=\"column\" data-settings=\"{&quot;background_background&quot;:&quot;classic&quot;}\">\n\t\t\t<div class=\"elementor-widget-wrap elementor-element-populated\">\n\t\t\t\t\t\t<div class=\"elementor-element elementor-element-e7f128c elementor-cta--skin-cover elementor-cta--valign-bottom bloc100pourcent bloc1 elementor-animated-content elementor-bg-transform elementor-bg-transform-zoom-in elementor-widget elementor-widget-call-to-action\" data-id=\"e7f128c\" data-element_type=\"widget\" data-e-type=\"widget\" data-widget_type=\"call-to-action.default\">\n\t\t\t\t<div class=\"elementor-widget-container\">\n\t\t\t\t\t\t\t<a class=\"elementor-cta\" href=\"https:\/\/www.leclosdesfontaines.com\/en\/chambres-suites\/chambres-confort\/\">\n\t\t\t\t\t<div class=\"elementor-cta__bg-wrapper\">\n\t\t\t\t<div class=\"elementor-cta__bg elementor-bg\" style=\"background-image: url(https:\/\/www.leclosdesfontaines.com\/wp-content\/uploads\/2022\/05\/Photos-42-1024x683.jpg);\" role=\"img\" aria-label=\"Photos-42\"><\/div>\n\t\t\t\t<div class=\"elementor-cta__bg-overlay\"><\/div>\n\t\t\t<\/div>\n\t\t\t\t\t\t\t<div class=\"elementor-cta__content\">\n\t\t\t\t\n\t\t\t\t\n\t\t\t\t\n\t\t\t\t\t\t\t\t\t<div class=\"elementor-cta__button-wrapper elementor-cta__content-item elementor-content-item elementor-animated-item--grow\">\n\t\t\t\t\t<span class=\"elementor-cta__button elementor-button elementor-size-\">\n\t\t\t\t\t\tChambres \u00ab Confort \u00bb\t\t\t\t\t<\/span>\n\t\t\t\t\t<\/div>\n\t\t\t\t\t\t\t<\/div>\n\t\t\t\t\t\t<\/a>\n\t\t\t\t\t\t<\/div>\n\t\t\t\t<\/div>\n\t\t\t\t\t<\/div>\n\t\t<\/div>\n\t\t\t\t\t<\/div>\n\t\t<\/section>\n\t\t\t\t<section class=\"elementor-section elementor-inner-section elementor-element elementor-element-7395a6db elementor-section-boxed elementor-section-height-default elementor-section-height-default\" data-id=\"7395a6db\" data-element_type=\"section\" data-e-type=\"section\">\n\t\t\t\t\t\t<div class=\"elementor-container elementor-column-gap-default\">\n\t\t\t\t\t<div class=\"elementor-column elementor-col-50 elementor-inner-column elementor-element elementor-element-1e271dac\" data-id=\"1e271dac\" data-element_type=\"column\" data-e-type=\"column\" data-settings=\"{&quot;background_background&quot;:&quot;classic&quot;}\">\n\t\t\t<div class=\"elementor-widget-wrap elementor-element-populated\">\n\t\t\t\t\t\t<div class=\"elementor-element elementor-element-bc6fded elementor-cta--skin-cover elementor-cta--valign-bottom bloc100pourcent bloc1 elementor-animated-content elementor-bg-transform elementor-bg-transform-zoom-in elementor-widget elementor-widget-call-to-action\" data-id=\"bc6fded\" data-element_type=\"widget\" data-e-type=\"widget\" data-widget_type=\"call-to-action.default\">\n\t\t\t\t<div class=\"elementor-widget-container\">\n\t\t\t\t\t\t\t<a class=\"elementor-cta\" href=\"https:\/\/www.leclosdesfontaines.com\/en\/chambres-suites\/suites\/\">\n\t\t\t\t\t<div class=\"elementor-cta__bg-wrapper\">\n\t\t\t\t<div class=\"elementor-cta__bg elementor-bg\" style=\"background-image: url(https:\/\/www.leclosdesfontaines.com\/wp-content\/uploads\/2022\/05\/web_le_clos_des_fontaines_0027_Photos-81-1024x640.jpg);\" role=\"img\" aria-label=\"web_le_clos_des_fontaines_0027_Photos-81\"><\/div>\n\t\t\t\t<div class=\"elementor-cta__bg-overlay\"><\/div>\n\t\t\t<\/div>\n\t\t\t\t\t\t\t<div class=\"elementor-cta__content\">\n\t\t\t\t\n\t\t\t\t\n\t\t\t\t\n\t\t\t\t\t\t\t\t\t<div class=\"elementor-cta__button-wrapper elementor-cta__content-item elementor-content-item elementor-animated-item--grow\">\n\t\t\t\t\t<span class=\"elementor-cta__button elementor-button elementor-size-\">\n\t\t\t\t\t\tSuites\t\t\t\t\t<\/span>\n\t\t\t\t\t<\/div>\n\t\t\t\t\t\t\t<\/div>\n\t\t\t\t\t\t<\/a>\n\t\t\t\t\t\t<\/div>\n\t\t\t\t<\/div>\n\t\t\t\t\t<\/div>\n\t\t<\/div>\n\t\t\t\t<div class=\"elementor-column elementor-col-50 elementor-inner-column elementor-element elementor-element-3303cc95\" data-id=\"3303cc95\" data-element_type=\"column\" data-e-type=\"column\" data-settings=\"{&quot;background_background&quot;:&quot;classic&quot;}\">\n\t\t\t<div class=\"elementor-widget-wrap elementor-element-populated\">\n\t\t\t\t\t\t<div class=\"elementor-element elementor-element-897bbe5 elementor-cta--skin-cover elementor-cta--valign-bottom bloc100pourcent bloc1 elementor-animated-content elementor-bg-transform elementor-bg-transform-zoom-in elementor-widget elementor-widget-call-to-action\" data-id=\"897bbe5\" data-element_type=\"widget\" data-e-type=\"widget\" data-widget_type=\"call-to-action.default\">\n\t\t\t\t<div class=\"elementor-widget-container\">\n\t\t\t\t\t\t\t<a class=\"elementor-cta\" href=\"https:\/\/www.leclosdesfontaines.com\/en\/chambres-suites\/suites-superieure\/\">\n\t\t\t\t\t<div class=\"elementor-cta__bg-wrapper\">\n\t\t\t\t<div class=\"elementor-cta__bg elementor-bg\" style=\"background-image: url(https:\/\/www.leclosdesfontaines.com\/wp-content\/uploads\/2022\/06\/MG_4633-1024x683.jpg);\" role=\"img\" aria-label=\"_MG_4633\"><\/div>\n\t\t\t\t<div class=\"elementor-cta__bg-overlay\"><\/div>\n\t\t\t<\/div>\n\t\t\t\t\t\t\t<div class=\"elementor-cta__content\">\n\t\t\t\t\n\t\t\t\t\n\t\t\t\t\n\t\t\t\t\t\t\t\t\t<div class=\"elementor-cta__button-wrapper elementor-cta__content-item elementor-content-item elementor-animated-item--grow\">\n\t\t\t\t\t<span class=\"elementor-cta__button elementor-button elementor-size-\">\n\t\t\t\t\t\tSuites \u00ab Sup\u00e9rieure \u00bb\t\t\t\t\t<\/span>\n\t\t\t\t\t<\/div>\n\t\t\t\t\t\t\t<\/div>\n\t\t\t\t\t\t<\/a>\n\t\t\t\t\t\t<\/div>\n\t\t\t\t<\/div>\n\t\t\t\t\t<\/div>\n\t\t<\/div>\n\t\t\t\t\t<\/div>\n\t\t<\/section>\n\t\t\t\t\t<\/div>\n\t\t<\/div>\n\t\t\t\t\t<\/div>\n\t\t<\/section>\n\t\t\t\t<\/div>\n\t\t","protected":false},"excerpt":{"rendered":"<p>La suite duplex Spacieuse et confortable, elle est id\u00e9alement con\u00e7ue pour vous offrir de v\u00e9ritables moments de bien-\u00eatre. Elle dispose d&rsquo;un coin salon en rez-de-chauss\u00e9e et d\u2019une chambre en mezzanine, avec une terrasse privative et une salle de bains avec une cabine de douche et une baignoire \u00e0 jets massants. Elle permet d\u2019accueillir deux enfants [&hellip;]<\/p>\n","protected":false},"author":12,"featured_media":0,"parent":153,"menu_order":0,"comment_status":"closed","ping_status":"closed","template":"","meta":{"inline_featured_image":false,"footnotes":""},"class_list":["post-533","page","type-page","status-publish","hentry"],"_links":{"self":[{"href":"https:\/\/www.leclosdesfontaines.com\/en\/wp-json\/wp\/v2\/pages\/533","targetHints":{"allow":["GET"]}}],"collection":[{"href":"https:\/\/www.leclosdesfontaines.com\/en\/wp-json\/wp\/v2\/pages"}],"about":[{"href":"https:\/\/www.leclosdesfontaines.com\/en\/wp-json\/wp\/v2\/types\/page"}],"author":[{"embeddable":true,"href":"https:\/\/www.leclosdesfontaines.com\/en\/wp-json\/wp\/v2\/users\/12"}],"replies":[{"embeddable":true,"href":"https:\/\/www.leclosdesfontaines.com\/en\/wp-json\/wp\/v2\/comments?post=533"}],"version-history":[{"count":104,"href":"https:\/\/www.leclosdesfontaines.com\/en\/wp-json\/wp\/v2\/pages\/533\/revisions"}],"predecessor-version":[{"id":3515,"href":"https:\/\/www.leclosdesfontaines.com\/en\/wp-json\/wp\/v2\/pages\/533\/revisions\/3515"}],"up":[{"embeddable":true,"href":"https:\/\/www.leclosdesfontaines.com\/en\/wp-json\/wp\/v2\/pages\/153"}],"wp:attachment":[{"href":"https:\/\/www.leclosdesfontaines.com\/en\/wp-json\/wp\/v2\/media?parent=533"}],"curies":[{"name":"wp","href":"https:\/\/api.w.org\/{rel}","templated":true}]}}